{"id":10497,"date":"2024-10-09T21:29:32","date_gmt":"2024-10-10T03:29:32","guid":{"rendered":"https:\/\/theoutdoorshubgt.com\/shop\/index.php\/product\/yeti-10-oz-wine-tumbler-magslider-lid\/"},"modified":"2025-07-07T13:10:54","modified_gmt":"2025-07-07T19:10:54","slug":"yeti-10-oz-wine-tumbler-magslider-lid","status":"publish","type":"product","link":"https:\/\/theoutdoorshubgt.com\/shop\/index.php\/product\/yeti-10-oz-wine-tumbler-magslider-lid\/","title":{"rendered":"YETI 10 OZ WINE TUMBLER MAGSLIDER LID"},"content":{"rendered":"<ul>\n<li>Esta tapa se adapta al vaso de vino YETI. A diferencia de otras tapas deslizantes, la nuestra aprovecha el poder de los imanes para abrir y cerrar con suavidad.<\/li>\n<li>Los imanes tambi\u00e9n facilitan la limpieza: retira el MagSlider, enju\u00e1galo, s\u00e9calo y vuelve a colocarlo en la tapa.<\/li>\n<li>El im\u00e1n de la tapa MagSlider agrega una barrera de protecci\u00f3n para mantener las bebidas contenidas. Ten en cuenta que este componente magn\u00e9tico no es a prueba de fugas y no evitar\u00e1 derrames.<\/li>\n<li>La tapa es transparente como el cristal, por lo que siempre puedes ver si necesitas rellenarla.<\/li>\n<li>La tapa MagSlider es resistente a derrames, irrompible y no contiene BPA. NOTA: Esto es SOLO para la tapa Rambler, se vende por separado.<\/li>\n<\/ul>\n","protected":false},"excerpt":{"rendered":"<ul>\n<li>Esta tapa se adapta al vaso de vino YETI. A diferencia de otras tapas deslizantes, la nuestra aprovecha el poder de los imanes para abrir y cerrar con suavidad.<\/li>\n<li>Los imanes tambi\u00e9n facilitan la limpieza: retira el MagSlider, enju\u00e1galo, s\u00e9calo y vuelve a colocarlo en la tapa.<\/li>\n<li>El im\u00e1n de la tapa MagSlider agrega una barrera de protecci\u00f3n para mantener las bebidas contenidas. Ten en cuenta que este componente magn\u00e9tico no es a prueba de fugas y no evitar\u00e1 derrames.<\/li>\n<li>La tapa es transparente como el cristal, por lo que siempre puedes ver si necesitas rellenarla.<\/li>\n<li>La tapa MagSlider es resistente a derrames, irrompible y no contiene BPA. NOTA: Esto es SOLO para la tapa Rambler, se vende por separado.<\/li>\n<\/ul>\n","protected":false},"featured_media":11304,"template":"","meta":[],"product_cat":[223,91],"product_tag":[],"class_list":{"0":"post-10497","1":"product","2":"type-product","3":"status-publish","4":"has-post-thumbnail","6":"product_brand-yeti","7":"product_cat-accesorios-y-tapaderas","8":"product_cat-yeti","10":"first","11":"instock","12":"shipping-taxable","13":"purchasable","14":"product-type-simple"},"_links":{"self":[{"href":"https:\/\/theoutdoorshubgt.com\/shop\/index.php\/wp-json\/wp\/v2\/product\/10497","targetHints":{"allow":["GET"]}}],"collection":[{"href":"https:\/\/theoutdoorshubgt.com\/shop\/index.php\/wp-json\/wp\/v2\/product"}],"about":[{"href":"https:\/\/theoutdoorshubgt.com\/shop\/index.php\/wp-json\/wp\/v2\/types\/product"}],"wp:featuredmedia":[{"embeddable":true,"href":"https:\/\/theoutdoorshubgt.com\/shop\/index.php\/wp-json\/wp\/v2\/media\/11304"}],"wp:attachment":[{"href":"https:\/\/theoutdoorshubgt.com\/shop\/index.php\/wp-json\/wp\/v2\/media?parent=10497"}],"wp:term":[{"taxonomy":"product_cat","embeddable":true,"href":"https:\/\/theoutdoorshubgt.com\/shop\/index.php\/wp-json\/wp\/v2\/product_cat?post=10497"},{"taxonomy":"product_tag","embeddable":true,"href":"https:\/\/theoutdoorshubgt.com\/shop\/index.php\/wp-json\/wp\/v2\/product_tag?post=10497"}],"curies":[{"name":"wp","href":"https:\/\/api.w.org\/{rel}","templated":true}]}}