{"id":10504,"date":"2024-10-09T21:29:35","date_gmt":"2024-10-10T03:29:35","guid":{"rendered":"https:\/\/theoutdoorshubgt.com\/shop\/index.php\/product\/yeti-bottle-magdock-cap\/"},"modified":"2024-10-29T19:59:22","modified_gmt":"2024-10-30T01:59:22","slug":"yeti-bottle-magdock-cap","status":"publish","type":"product","link":"https:\/\/theoutdoorshubgt.com\/shop\/index.php\/product\/yeti-bottle-magdock-cap\/","title":{"rendered":"YETI BOTTLE MAGDOCK CAP"},"content":{"rendered":"<ul>\n<li>TAPA IM\u00c1N PODEROSA: Aprovecha el poder de los imanes. A prueba de fugas cuando est\u00e1 cerrada. Se fija a la estaci\u00f3n de acoplamiento magn\u00e9tica entre tragos.<\/li>\n<li>ESTACI\u00d3N DE ACOPLAMIENTO IM\u00c1NICA: Atr\u00e1s quedaron los d\u00edas de preguntarse d\u00f3nde estaba su tapa.<\/li>\n<li>APTA PARA LAVAVAJILLAS: Porque nadie necesita m\u00e1s trabajo.<\/li>\n<li>100 % A PRUEBA DE FUGAS: Ll\u00e9vela con confianza.<\/li>\n<li>Esta tapa se adapta a todos los tama\u00f1os de botellas Rambler<\/li>\n<\/ul>\n","protected":false},"excerpt":{"rendered":"<ul>\n<li>TAPA IM\u00c1N PODEROSA: Aprovecha el poder de los imanes. A prueba de fugas cuando est\u00e1 cerrada. Se fija a la estaci\u00f3n de acoplamiento magn\u00e9tica entre tragos.<\/li>\n<li>ESTACI\u00d3N DE ACOPLAMIENTO IM\u00c1NICA: Atr\u00e1s quedaron los d\u00edas de preguntarse d\u00f3nde estaba su tapa.<\/li>\n<li>APTA PARA LAVAVAJILLAS: Porque nadie necesita m\u00e1s trabajo.<\/li>\n<li>100 % A PRUEBA DE FUGAS: Ll\u00e9vela con confianza.<\/li>\n<li>Esta tapa se adapta a todos los tama\u00f1os de botellas Rambler<\/li>\n<\/ul>\n","protected":false},"featured_media":13397,"template":"","meta":[],"product_cat":[223,94,91],"product_tag":[],"class_list":{"0":"post-10504","1":"product","2":"type-product","3":"status-publish","4":"has-post-thumbnail","6":"product_brand-yeti","7":"product_cat-accesorios-y-tapaderas","8":"product_cat-productos","9":"product_cat-yeti","11":"first","12":"instock","13":"shipping-taxable","14":"purchasable","15":"product-type-simple"},"_links":{"self":[{"href":"https:\/\/theoutdoorshubgt.com\/shop\/index.php\/wp-json\/wp\/v2\/product\/10504","targetHints":{"allow":["GET"]}}],"collection":[{"href":"https:\/\/theoutdoorshubgt.com\/shop\/index.php\/wp-json\/wp\/v2\/product"}],"about":[{"href":"https:\/\/theoutdoorshubgt.com\/shop\/index.php\/wp-json\/wp\/v2\/types\/product"}],"wp:featuredmedia":[{"embeddable":true,"href":"https:\/\/theoutdoorshubgt.com\/shop\/index.php\/wp-json\/wp\/v2\/media\/13397"}],"wp:attachment":[{"href":"https:\/\/theoutdoorshubgt.com\/shop\/index.php\/wp-json\/wp\/v2\/media?parent=10504"}],"wp:term":[{"taxonomy":"product_cat","embeddable":true,"href":"https:\/\/theoutdoorshubgt.com\/shop\/index.php\/wp-json\/wp\/v2\/product_cat?post=10504"},{"taxonomy":"product_tag","embeddable":true,"href":"https:\/\/theoutdoorshubgt.com\/shop\/index.php\/wp-json\/wp\/v2\/product_tag?post=10504"}],"curies":[{"name":"wp","href":"https:\/\/api.w.org\/{rel}","templated":true}]}}