{"id":11381,"date":"2024-10-12T18:58:58","date_gmt":"2024-10-13T00:58:58","guid":{"rendered":"https:\/\/theoutdoorshubgt.com\/shop\/?post_type=product&#038;p=11381"},"modified":"2026-03-03T18:34:55","modified_gmt":"2026-03-04T00:34:55","slug":"kuhl-ms-akkomplice-krew-carbon-l","status":"publish","type":"product","link":"https:\/\/theoutdoorshubgt.com\/shop\/index.php\/product\/kuhl-ms-akkomplice-krew-carbon-l\/","title":{"rendered":"KUHL M&#8217;S AKKOMPLICE KREW CARBON"},"content":{"rendered":"<p>Confeccionado con nuestro tejido KOREKONTROL\u2122 t\u00e9cnicamente superior, el AKKOMPLICE\u2122 KREW marca el comienzo del siguiente nivel en tecnolog\u00eda de capas base. La absorci\u00f3n superior de la humedad proporciona un rendimiento de secado r\u00e1pido y comodidad durante todo el d\u00eda, mientras que el patr\u00f3n 3D se adapta a tu forma para un ajuste ideal. C\u00e1lida pero transpirable, esta capa base de \u00faltima generaci\u00f3n est\u00e1 dise\u00f1ada para la acci\u00f3n y lista cuando t\u00fa lo est\u00e9s.<\/p>\n","protected":false},"excerpt":{"rendered":"<ul>\n<li>KoreKontrol\u2122 fue creado con tecnolog\u00eda IONIK\u00ae, una sal de plata integrada en la tela para un control permanente del olor que no se elimina con el lavado.<\/li>\n<li>Comodidad ultrasuave<\/li>\n<li>Rendimiento de secado r\u00e1pido que absorbe la humedad.<\/li>\n<li>Axilas de malla ligera para mayor transpirabilidad.<\/li>\n<li>Elimina las rozaduras<\/li>\n<\/ul>\n","protected":false},"featured_media":15148,"template":"","meta":[],"product_cat":[94,72,102],"product_tag":[],"class_list":{"0":"post-11381","1":"product","2":"type-product","3":"status-publish","4":"has-post-thumbnail","6":"product_brand-kuhl","7":"product_cat-productos","8":"product_cat-ropa-tecnica-para-hombre","9":"product_cat-ropa-termica","11":"first","12":"instock","13":"shipping-taxable","14":"purchasable","15":"product-type-variable"},"_links":{"self":[{"href":"https:\/\/theoutdoorshubgt.com\/shop\/index.php\/wp-json\/wp\/v2\/product\/11381","targetHints":{"allow":["GET"]}}],"collection":[{"href":"https:\/\/theoutdoorshubgt.com\/shop\/index.php\/wp-json\/wp\/v2\/product"}],"about":[{"href":"https:\/\/theoutdoorshubgt.com\/shop\/index.php\/wp-json\/wp\/v2\/types\/product"}],"wp:featuredmedia":[{"embeddable":true,"href":"https:\/\/theoutdoorshubgt.com\/shop\/index.php\/wp-json\/wp\/v2\/media\/15148"}],"wp:attachment":[{"href":"https:\/\/theoutdoorshubgt.com\/shop\/index.php\/wp-json\/wp\/v2\/media?parent=11381"}],"wp:term":[{"taxonomy":"product_cat","embeddable":true,"href":"https:\/\/theoutdoorshubgt.com\/shop\/index.php\/wp-json\/wp\/v2\/product_cat?post=11381"},{"taxonomy":"product_tag","embeddable":true,"href":"https:\/\/theoutdoorshubgt.com\/shop\/index.php\/wp-json\/wp\/v2\/product_tag?post=11381"}],"curies":[{"name":"wp","href":"https:\/\/api.w.org\/{rel}","templated":true}]}}