{"id":11382,"date":"2024-10-12T18:59:00","date_gmt":"2024-10-13T00:59:00","guid":{"rendered":"https:\/\/theoutdoorshubgt.com\/shop\/?post_type=product&#038;p=11382"},"modified":"2026-03-03T18:33:27","modified_gmt":"2026-03-04T00:33:27","slug":"kuhl-ws-akkomplice-bottom-carbon-l","status":"publish","type":"product","link":"https:\/\/theoutdoorshubgt.com\/shop\/index.php\/product\/kuhl-ws-akkomplice-bottom-carbon-l\/","title":{"rendered":"KUHL W&#8217;S AKKOMPLICE BOTTOM CARBON"},"content":{"rendered":"<p>Confeccionadas con nuestro tejido t\u00e9cnicamente superior KOREKONTROL\u2122, las mallas AKKOMPLICE\u2122 llevan la tecnolog\u00eda de la capa base al siguiente nivel. El rendimiento avanzado que absorbe la humedad permite una r\u00e1pida evaporaci\u00f3n, manteni\u00e9ndote fresco y seco. El innovador patr\u00f3n 3D de K\u00dcHL se adapta a tu cuerpo, mientras que nuestras costuras DYNAMIK\u2122 proporcionan elasticidad para un ajuste m\u00e1s c\u00f3modo. C\u00e1lida pero transpirable, esta capa base de \u00faltima generaci\u00f3n te mantendr\u00e1 en el juego.<\/p>\n","protected":false},"excerpt":{"rendered":"<ul>\n<li>Malla ligera en el canes\u00fa trasero y en la parte posterior de las rodillas para mayor transpirabilidad.<\/li>\n<li>Ajuste delgado pero c\u00f3modo<\/li>\n<li>Costuras din\u00e1micas\u2122<\/li>\n<li>Cinturilla el\u00e1stica K\u00dcHL personalizada de talle medio<\/li>\n<li>Entrepierna: 30&#8243;<\/li>\n<\/ul>\n","protected":false},"featured_media":15496,"template":"","meta":[],"product_cat":[94,73,108],"product_tag":[],"class_list":{"0":"post-11382","1":"product","2":"type-product","3":"status-publish","4":"has-post-thumbnail","6":"product_brand-kuhl","7":"product_cat-productos","8":"product_cat-ropa-tecnica-para-mujer","9":"product_cat-ropa-termica-ropa-tecnica-para-mujer","11":"first","12":"instock","13":"shipping-taxable","14":"purchasable","15":"product-type-variable"},"_links":{"self":[{"href":"https:\/\/theoutdoorshubgt.com\/shop\/index.php\/wp-json\/wp\/v2\/product\/11382","targetHints":{"allow":["GET"]}}],"collection":[{"href":"https:\/\/theoutdoorshubgt.com\/shop\/index.php\/wp-json\/wp\/v2\/product"}],"about":[{"href":"https:\/\/theoutdoorshubgt.com\/shop\/index.php\/wp-json\/wp\/v2\/types\/product"}],"wp:featuredmedia":[{"embeddable":true,"href":"https:\/\/theoutdoorshubgt.com\/shop\/index.php\/wp-json\/wp\/v2\/media\/15496"}],"wp:attachment":[{"href":"https:\/\/theoutdoorshubgt.com\/shop\/index.php\/wp-json\/wp\/v2\/media?parent=11382"}],"wp:term":[{"taxonomy":"product_cat","embeddable":true,"href":"https:\/\/theoutdoorshubgt.com\/shop\/index.php\/wp-json\/wp\/v2\/product_cat?post=11382"},{"taxonomy":"product_tag","embeddable":true,"href":"https:\/\/theoutdoorshubgt.com\/shop\/index.php\/wp-json\/wp\/v2\/product_tag?post=11382"}],"curies":[{"name":"wp","href":"https:\/\/api.w.org\/{rel}","templated":true}]}}