{"id":11384,"date":"2024-10-12T18:59:02","date_gmt":"2024-10-13T00:59:02","guid":{"rendered":"https:\/\/theoutdoorshubgt.com\/shop\/?post_type=product&#038;p=11384"},"modified":"2026-03-03T18:22:23","modified_gmt":"2026-03-04T00:22:23","slug":"kuhl-born-trucker-bluegrass","status":"publish","type":"product","link":"https:\/\/theoutdoorshubgt.com\/shop\/index.php\/product\/kuhl-born-trucker-bluegrass\/","title":{"rendered":"KUHL BORN TRUCKER BLUEGRASS"},"content":{"rendered":"<p>Talla \u00fanica para esta gorra de camionero por excelencia. Con nuevos paneles traseros de malla el\u00e1stica, un parche tejido personalizado y un cierre a presi\u00f3n, la BORN\u2122 TRUCKER se convertir\u00e1 en tu gorra favorita a largo plazo.<\/p>\n","protected":false},"excerpt":{"rendered":"<ul>\n<li>Talla \u00fanica<\/li>\n<li>Cierre trasero<\/li>\n<li>Nuevos paneles traseros de malla de poli\u00e9ster con elasticidad.<\/li>\n<li>Aplique de parche tejido<\/li>\n<\/ul>\n","protected":false},"featured_media":14947,"template":"","meta":[],"product_cat":[116,94,114],"product_tag":[],"class_list":{"0":"post-11384","1":"product","2":"type-product","3":"status-publish","4":"has-post-thumbnail","6":"product_brand-kuhl","7":"product_cat-gorras","8":"product_cat-productos","9":"product_cat-sombreros-y-gorras","11":"first","12":"instock","13":"shipping-taxable","14":"purchasable","15":"product-type-simple"},"_links":{"self":[{"href":"https:\/\/theoutdoorshubgt.com\/shop\/index.php\/wp-json\/wp\/v2\/product\/11384","targetHints":{"allow":["GET"]}}],"collection":[{"href":"https:\/\/theoutdoorshubgt.com\/shop\/index.php\/wp-json\/wp\/v2\/product"}],"about":[{"href":"https:\/\/theoutdoorshubgt.com\/shop\/index.php\/wp-json\/wp\/v2\/types\/product"}],"wp:featuredmedia":[{"embeddable":true,"href":"https:\/\/theoutdoorshubgt.com\/shop\/index.php\/wp-json\/wp\/v2\/media\/14947"}],"wp:attachment":[{"href":"https:\/\/theoutdoorshubgt.com\/shop\/index.php\/wp-json\/wp\/v2\/media?parent=11384"}],"wp:term":[{"taxonomy":"product_cat","embeddable":true,"href":"https:\/\/theoutdoorshubgt.com\/shop\/index.php\/wp-json\/wp\/v2\/product_cat?post=11384"},{"taxonomy":"product_tag","embeddable":true,"href":"https:\/\/theoutdoorshubgt.com\/shop\/index.php\/wp-json\/wp\/v2\/product_tag?post=11384"}],"curies":[{"name":"wp","href":"https:\/\/api.w.org\/{rel}","templated":true}]}}