{"id":11385,"date":"2024-10-12T18:59:02","date_gmt":"2024-10-13T00:59:02","guid":{"rendered":"https:\/\/theoutdoorshubgt.com\/shop\/?post_type=product&#038;p=11385"},"modified":"2026-03-03T18:25:08","modified_gmt":"2026-03-04T00:25:08","slug":"kuhl-freeflex-hat-ash-black-l-xl","status":"publish","type":"product","link":"https:\/\/theoutdoorshubgt.com\/shop\/index.php\/product\/kuhl-freeflex-hat-ash-black-l-xl\/","title":{"rendered":"KUHL FREEFLEX HAT"},"content":{"rendered":"<p>El K\u00dcHL FREEFLEX\u2122 HAT es ideal para divertirse bajo el sol de verano. Lujosamente suave y liviano, FREEFLEX controla la humedad y brinda m\u00e1xima protecci\u00f3n (UPF 50+) contra los da\u00f1inos rayos UV. Un logotipo de escudo en 3D de alta densidad permite que todos sepan qui\u00e9n es K\u00dcHL entre la multitud.<\/p>\n","protected":false},"excerpt":{"rendered":"<ul>\n<li>Lujosamente suave y ligero<\/li>\n<li>M\u00e1xima protecci\u00f3n solar UPF 50+<\/li>\n<li>Comodidad estirable<\/li>\n<li>Control de humedad<\/li>\n<li>Secado r\u00e1pido<\/li>\n<\/ul>\n","protected":false},"featured_media":14973,"template":"","meta":[],"product_cat":[116,94,114],"product_tag":[],"class_list":{"0":"post-11385","1":"product","2":"type-product","3":"status-publish","4":"has-post-thumbnail","6":"product_brand-kuhl","7":"product_cat-gorras","8":"product_cat-productos","9":"product_cat-sombreros-y-gorras","11":"first","12":"outofstock","13":"shipping-taxable","14":"purchasable","15":"product-type-variable"},"_links":{"self":[{"href":"https:\/\/theoutdoorshubgt.com\/shop\/index.php\/wp-json\/wp\/v2\/product\/11385","targetHints":{"allow":["GET"]}}],"collection":[{"href":"https:\/\/theoutdoorshubgt.com\/shop\/index.php\/wp-json\/wp\/v2\/product"}],"about":[{"href":"https:\/\/theoutdoorshubgt.com\/shop\/index.php\/wp-json\/wp\/v2\/types\/product"}],"wp:featuredmedia":[{"embeddable":true,"href":"https:\/\/theoutdoorshubgt.com\/shop\/index.php\/wp-json\/wp\/v2\/media\/14973"}],"wp:attachment":[{"href":"https:\/\/theoutdoorshubgt.com\/shop\/index.php\/wp-json\/wp\/v2\/media?parent=11385"}],"wp:term":[{"taxonomy":"product_cat","embeddable":true,"href":"https:\/\/theoutdoorshubgt.com\/shop\/index.php\/wp-json\/wp\/v2\/product_cat?post=11385"},{"taxonomy":"product_tag","embeddable":true,"href":"https:\/\/theoutdoorshubgt.com\/shop\/index.php\/wp-json\/wp\/v2\/product_tag?post=11385"}],"curies":[{"name":"wp","href":"https:\/\/api.w.org\/{rel}","templated":true}]}}