{"id":11386,"date":"2024-10-12T18:59:02","date_gmt":"2024-10-13T00:59:02","guid":{"rendered":"https:\/\/theoutdoorshubgt.com\/shop\/?post_type=product&#038;p=11386"},"modified":"2026-03-03T18:28:22","modified_gmt":"2026-03-04T00:28:22","slug":"kuhl-low-profile-kuhl-trucker-eucalyptus","status":"publish","type":"product","link":"https:\/\/theoutdoorshubgt.com\/shop\/index.php\/product\/kuhl-low-profile-kuhl-trucker-eucalyptus\/","title":{"rendered":"KUHL LOW PROFILE KUHL TRUCKER"},"content":{"rendered":"<p>El LOW PROFILE K\u00dcHL TRUCKER presenta un ajuste poco profundo ideal para cabezas m\u00e1s peque\u00f1as. Un cierre ajustable a presi\u00f3n se combina con una banda para el sudor de malla de secado r\u00e1pido y nuestro parche tejido personalizado para poner a esta camionera en el camino hacia la felicidad.<\/p>\n","protected":false},"excerpt":{"rendered":"<ul>\n<li>Una c\u00fapula y un ajuste m\u00e1s poco profundos, dise\u00f1ados para tama\u00f1os de cabeza m\u00e1s peque\u00f1os<\/li>\n<li>Cierre trasero<\/li>\n<li>Banda para el sudor de malla de secado r\u00e1pido<\/li>\n<li>Aplique de parche tejido personalizado<\/li>\n<\/ul>\n","protected":false},"featured_media":15008,"template":"","meta":[],"product_cat":[116,94,114],"product_tag":[],"class_list":{"0":"post-11386","1":"product","2":"type-product","3":"status-publish","4":"has-post-thumbnail","6":"product_brand-kuhl","7":"product_cat-gorras","8":"product_cat-productos","9":"product_cat-sombreros-y-gorras","11":"first","12":"instock","13":"shipping-taxable","14":"purchasable","15":"product-type-variable"},"_links":{"self":[{"href":"https:\/\/theoutdoorshubgt.com\/shop\/index.php\/wp-json\/wp\/v2\/product\/11386","targetHints":{"allow":["GET"]}}],"collection":[{"href":"https:\/\/theoutdoorshubgt.com\/shop\/index.php\/wp-json\/wp\/v2\/product"}],"about":[{"href":"https:\/\/theoutdoorshubgt.com\/shop\/index.php\/wp-json\/wp\/v2\/types\/product"}],"wp:featuredmedia":[{"embeddable":true,"href":"https:\/\/theoutdoorshubgt.com\/shop\/index.php\/wp-json\/wp\/v2\/media\/15008"}],"wp:attachment":[{"href":"https:\/\/theoutdoorshubgt.com\/shop\/index.php\/wp-json\/wp\/v2\/media?parent=11386"}],"wp:term":[{"taxonomy":"product_cat","embeddable":true,"href":"https:\/\/theoutdoorshubgt.com\/shop\/index.php\/wp-json\/wp\/v2\/product_cat?post=11386"},{"taxonomy":"product_tag","embeddable":true,"href":"https:\/\/theoutdoorshubgt.com\/shop\/index.php\/wp-json\/wp\/v2\/product_tag?post=11386"}],"curies":[{"name":"wp","href":"https:\/\/api.w.org\/{rel}","templated":true}]}}