{"id":11397,"date":"2024-10-12T18:59:05","date_gmt":"2024-10-13T00:59:05","guid":{"rendered":"https:\/\/theoutdoorshubgt.com\/shop\/index.php\/product\/kuhl-spf-50-sunscreen-stick\/"},"modified":"2026-04-14T16:31:34","modified_gmt":"2026-04-14T22:31:34","slug":"kuhl-spf-50-sunscreen-stick","status":"publish","type":"product","link":"https:\/\/theoutdoorshubgt.com\/shop\/index.php\/product\/kuhl-spf-50-sunscreen-stick\/","title":{"rendered":"KUHL SPF 50 SUNSCREEN STICK"},"content":{"rendered":"<p>Esta f\u00f3rmula SPF 50 a base de minerales es segura para los arrecifes y contiene una f\u00f3rmula \u00fanica de zinc para proteger su piel y al mismo tiempo brindarle la protecci\u00f3n solar que necesita. El dise\u00f1o del dispositivo sin contacto lo hace ideal para \u00e1reas m\u00e1s grandes como la cara, la nariz, el cuello y los hombros. Ideal para deportes en los que se necesitan manos no grasas, como esqu\u00ed, golf, tenis y pesca. Resistente al agua y al sudor hasta por 80 minutos.<\/p>\n","protected":false},"excerpt":{"rendered":"<ul>\n<li>Protecci\u00f3n solar premium (SPF 50)<\/li>\n<li>Hidrata y medica la piel.<\/li>\n<li>Resistente al sudor y al agua<\/li>\n<li>No graso<\/li>\n<li>Sin parabenos<\/li>\n<li>Hecho en EE.UU.<\/li>\n<\/ul>\n","protected":false},"featured_media":15434,"template":"","meta":[],"product_cat":[176,175,94],"product_tag":[],"class_list":{"0":"post-11397","1":"product","2":"type-product","3":"status-publish","4":"has-post-thumbnail","6":"product_brand-kuhl","7":"product_cat-bloqueadores","8":"product_cat-cuidado-personal","9":"product_cat-productos","11":"first","12":"outofstock","13":"shipping-taxable","14":"purchasable","15":"product-type-simple"},"_links":{"self":[{"href":"https:\/\/theoutdoorshubgt.com\/shop\/index.php\/wp-json\/wp\/v2\/product\/11397","targetHints":{"allow":["GET"]}}],"collection":[{"href":"https:\/\/theoutdoorshubgt.com\/shop\/index.php\/wp-json\/wp\/v2\/product"}],"about":[{"href":"https:\/\/theoutdoorshubgt.com\/shop\/index.php\/wp-json\/wp\/v2\/types\/product"}],"wp:featuredmedia":[{"embeddable":true,"href":"https:\/\/theoutdoorshubgt.com\/shop\/index.php\/wp-json\/wp\/v2\/media\/15434"}],"wp:attachment":[{"href":"https:\/\/theoutdoorshubgt.com\/shop\/index.php\/wp-json\/wp\/v2\/media?parent=11397"}],"wp:term":[{"taxonomy":"product_cat","embeddable":true,"href":"https:\/\/theoutdoorshubgt.com\/shop\/index.php\/wp-json\/wp\/v2\/product_cat?post=11397"},{"taxonomy":"product_tag","embeddable":true,"href":"https:\/\/theoutdoorshubgt.com\/shop\/index.php\/wp-json\/wp\/v2\/product_tag?post=11397"}],"curies":[{"name":"wp","href":"https:\/\/api.w.org\/{rel}","templated":true}]}}