{"id":11428,"date":"2024-10-12T18:59:16","date_gmt":"2024-10-13T00:59:16","guid":{"rendered":"https:\/\/theoutdoorshubgt.com\/shop\/index.php\/product\/kuhl-uberkuhl-cap-khaki\/"},"modified":"2026-03-16T11:06:47","modified_gmt":"2026-03-16T17:06:47","slug":"kuhl-uberkuhl-cap-khaki","status":"publish","type":"product","link":"https:\/\/theoutdoorshubgt.com\/shop\/index.php\/product\/kuhl-uberkuhl-cap-khaki\/","title":{"rendered":"KUHL UBERKUHL CAP KHAKI"},"content":{"rendered":"<p>Nuestro tejido \u00dcBERK\u00dcHL\u00ae s\u00faper ligero y de secado r\u00e1pido combinado con un ajuste de dise\u00f1o anat\u00f3mico de m\u00faltiples paneles brinda funcionalidad y comodidad a la GORRA \u00dcBERK\u00dcHL de estilo australiano. La protecci\u00f3n solar premium (UPF 50+) y una c\u00f3moda correa de ajuste con una sola mano har\u00e1n de esta gorra duradera y de perfil bajo tu favorita de todos los d\u00edas. Talla \u00fanica.<\/p>\n","protected":false},"excerpt":{"rendered":"<ul>\n<li>Sistema de correa de ajuste r\u00e1pido con una sola mano<\/li>\n<li>Talla \u00fanica<\/li>\n<li>Panel m\u00faltiple, ajuste anat\u00f3micamente correcto<\/li>\n<li>Protecci\u00f3n solar UPF 50+<\/li>\n<li>Tejido m\u00e1s resistente y duradero, s\u00faper ligero y de secado r\u00e1pido para mayor comodidad.<\/li>\n<li>Tinte de p\u00e1tina vintage: &#8220;Hecho para desvanecerse&#8221; para una apariencia envejecida a lo largo del tiempo.<\/li>\n<\/ul>\n","protected":false},"featured_media":15488,"template":"","meta":[],"product_cat":[116,94,114],"product_tag":[],"class_list":{"0":"post-11428","1":"product","2":"type-product","3":"status-publish","4":"has-post-thumbnail","6":"product_brand-kuhl","7":"product_cat-gorras","8":"product_cat-productos","9":"product_cat-sombreros-y-gorras","11":"first","12":"outofstock","13":"shipping-taxable","14":"purchasable","15":"product-type-simple"},"_links":{"self":[{"href":"https:\/\/theoutdoorshubgt.com\/shop\/index.php\/wp-json\/wp\/v2\/product\/11428","targetHints":{"allow":["GET"]}}],"collection":[{"href":"https:\/\/theoutdoorshubgt.com\/shop\/index.php\/wp-json\/wp\/v2\/product"}],"about":[{"href":"https:\/\/theoutdoorshubgt.com\/shop\/index.php\/wp-json\/wp\/v2\/types\/product"}],"wp:featuredmedia":[{"embeddable":true,"href":"https:\/\/theoutdoorshubgt.com\/shop\/index.php\/wp-json\/wp\/v2\/media\/15488"}],"wp:attachment":[{"href":"https:\/\/theoutdoorshubgt.com\/shop\/index.php\/wp-json\/wp\/v2\/media?parent=11428"}],"wp:term":[{"taxonomy":"product_cat","embeddable":true,"href":"https:\/\/theoutdoorshubgt.com\/shop\/index.php\/wp-json\/wp\/v2\/product_cat?post=11428"},{"taxonomy":"product_tag","embeddable":true,"href":"https:\/\/theoutdoorshubgt.com\/shop\/index.php\/wp-json\/wp\/v2\/product_tag?post=11428"}],"curies":[{"name":"wp","href":"https:\/\/api.w.org\/{rel}","templated":true}]}}