{"id":11439,"date":"2024-10-12T18:59:22","date_gmt":"2024-10-13T00:59:22","guid":{"rendered":"https:\/\/theoutdoorshubgt.com\/shop\/?post_type=product&#038;p=11439"},"modified":"2026-01-23T18:02:51","modified_gmt":"2026-01-24T00:02:51","slug":"kuhl-ws-the-one-hoody-raven-l","status":"publish","type":"product","link":"https:\/\/theoutdoorshubgt.com\/shop\/index.php\/product\/kuhl-ws-the-one-hoody-raven-l\/","title":{"rendered":"KUHL W&#8217;S THE ONE HOODY RAVEN L"},"content":{"rendered":"<p>Resistente al viento pero transpirable. C\u00e1lido pero ligero. Resistente al agua con estiramiento. THE ONE\u2122 HOODY cuenta con tecnolog\u00eda AERO\u2122 KNIT que regula la temperatura para brindar comodidad y rendimiento transpirables. Los refuerzos tejidos en las axilas brindan elasticidad y liberan el exceso de calor durante la actividad de alto rendimiento. \u00a1Solo hay uno!<\/p>\n","protected":false},"excerpt":{"rendered":"<ul>\n<li>Sudadera con capucha ultraligera con aislamiento, regulaci\u00f3n t\u00e9rmica y elasticidad.<\/li>\n<li>Patr\u00f3n articulado con ajuste atl\u00e9tico.<\/li>\n<li>Dise\u00f1o exclusivo de acolchado de diamantes en los paneles superior delantero y trasero.<\/li>\n<li>Aislamiento expuesto para mayor comodidad y menos volumen.<\/li>\n<li>Refuerzos tejidos en las axilas para mayor transpirabilidad y elasticidad.<\/li>\n<li>Dise\u00f1o de capucha caracter\u00edstico de K\u00dcHL con ala reforzada<\/li>\n<li>Cord\u00f3n interno en el dobladillo inferior para un ajuste personalizado<\/li>\n<li>Cierre de ojo limpio y elegante para ajustar el cap\u00f3 de perfil bajo.<\/li>\n<li>Cremallera frontal central en espiral invertida con tirador ergon\u00f3mico con escudo K\u00dcHL<\/li>\n<li>Cremalleras de bolsillo para las manos con espiral invertida<\/li>\n<li>Bordes reflectantes para mayor visibilidad.<\/li>\n<li>Pu\u00f1o el\u00e1stico incorporado para reducir el volumen<\/li>\n<li>La longitud de la cremallera delantera central del tama\u00f1o peque\u00f1o es de 25&#8243;<\/li>\n<li>Cae hasta la cadera<\/li>\n<\/ul>\n","protected":false},"featured_media":15538,"template":"","meta":[],"product_cat":[96,94],"product_tag":[],"class_list":{"0":"post-11439","1":"product","2":"type-product","3":"status-publish","4":"has-post-thumbnail","6":"product_brand-kuhl","7":"product_cat-chumpas-ropa-tecnica-para-mujer","8":"product_cat-productos","10":"first","11":"outofstock","12":"shipping-taxable","13":"purchasable","14":"product-type-variable"},"_links":{"self":[{"href":"https:\/\/theoutdoorshubgt.com\/shop\/index.php\/wp-json\/wp\/v2\/product\/11439","targetHints":{"allow":["GET"]}}],"collection":[{"href":"https:\/\/theoutdoorshubgt.com\/shop\/index.php\/wp-json\/wp\/v2\/product"}],"about":[{"href":"https:\/\/theoutdoorshubgt.com\/shop\/index.php\/wp-json\/wp\/v2\/types\/product"}],"wp:featuredmedia":[{"embeddable":true,"href":"https:\/\/theoutdoorshubgt.com\/shop\/index.php\/wp-json\/wp\/v2\/media\/15538"}],"wp:attachment":[{"href":"https:\/\/theoutdoorshubgt.com\/shop\/index.php\/wp-json\/wp\/v2\/media?parent=11439"}],"wp:term":[{"taxonomy":"product_cat","embeddable":true,"href":"https:\/\/theoutdoorshubgt.com\/shop\/index.php\/wp-json\/wp\/v2\/product_cat?post=11439"},{"taxonomy":"product_tag","embeddable":true,"href":"https:\/\/theoutdoorshubgt.com\/shop\/index.php\/wp-json\/wp\/v2\/product_tag?post=11439"}],"curies":[{"name":"wp","href":"https:\/\/api.w.org\/{rel}","templated":true}]}}