{"id":11467,"date":"2024-10-12T18:59:28","date_gmt":"2024-10-13T00:59:28","guid":{"rendered":"https:\/\/theoutdoorshubgt.com\/shop\/index.php\/product\/kuhl-haven-joggr-black-olive-l\/"},"modified":"2026-04-13T10:38:38","modified_gmt":"2026-04-13T16:38:38","slug":"kuhl-haven-joggr-black-olive-l","status":"publish","type":"product","link":"https:\/\/theoutdoorshubgt.com\/shop\/index.php\/product\/kuhl-haven-joggr-black-olive-l\/","title":{"rendered":"KUHL HAVEN JOGGR"},"content":{"rendered":"<p>Ultrasuave pero resistente y duradero, el vers\u00e1til HAVEN\u2122 Jogger ofrece comodidad superior y un ajuste favorecedor para tu estilo de vida activo. Ya sea en la oficina o en el camino, estar\u00e1 bien protegido con protecci\u00f3n solar m\u00e1xima (UPF 50+), alta resistencia a la abrasi\u00f3n y rendimiento resistente y anti desgarros.<\/p>\n","protected":false},"excerpt":{"rendered":"<ul>\n<li>&#8220;Best Hiking Pant&#8221; award winner &#8211; Outside Magazine 2023 Summer Gear Guide<\/li>\n<li>Ultra-soft yet durable<\/li>\n<li>Lightweight comfort with stretch<\/li>\n<li>Premium fit<\/li>\n<li>Ripstop fabric with high abrasion resistance and tear strength<\/li>\n<li>Zippered front and back pockets for secure stashing<\/li>\n<li>Pull-in waistband<\/li>\n<li>External drawcord for a custom fit<\/li>\n<li>Zippered front and back pockets<\/li>\n<li>Drop-in cell pocket<\/li>\n<li>Elasticized bottom cuffs<\/li>\n<li>Regular inseam: 28&#8243;<\/li>\n<\/ul>\n<p>Maximum (UPF 50+) sun protection<\/p>\n","protected":false},"featured_media":14983,"template":"","meta":[],"product_cat":[107,94,73],"product_tag":[],"class_list":{"0":"post-11467","1":"product","2":"type-product","3":"status-publish","4":"has-post-thumbnail","6":"product_brand-kuhl","7":"product_cat-pantalones-ropa-tecnica-para-mujer","8":"product_cat-productos","9":"product_cat-ropa-tecnica-para-mujer","11":"first","12":"outofstock","13":"shipping-taxable","14":"purchasable","15":"product-type-variable"},"_links":{"self":[{"href":"https:\/\/theoutdoorshubgt.com\/shop\/index.php\/wp-json\/wp\/v2\/product\/11467","targetHints":{"allow":["GET"]}}],"collection":[{"href":"https:\/\/theoutdoorshubgt.com\/shop\/index.php\/wp-json\/wp\/v2\/product"}],"about":[{"href":"https:\/\/theoutdoorshubgt.com\/shop\/index.php\/wp-json\/wp\/v2\/types\/product"}],"wp:featuredmedia":[{"embeddable":true,"href":"https:\/\/theoutdoorshubgt.com\/shop\/index.php\/wp-json\/wp\/v2\/media\/14983"}],"wp:attachment":[{"href":"https:\/\/theoutdoorshubgt.com\/shop\/index.php\/wp-json\/wp\/v2\/media?parent=11467"}],"wp:term":[{"taxonomy":"product_cat","embeddable":true,"href":"https:\/\/theoutdoorshubgt.com\/shop\/index.php\/wp-json\/wp\/v2\/product_cat?post=11467"},{"taxonomy":"product_tag","embeddable":true,"href":"https:\/\/theoutdoorshubgt.com\/shop\/index.php\/wp-json\/wp\/v2\/product_tag?post=11467"}],"curies":[{"name":"wp","href":"https:\/\/api.w.org\/{rel}","templated":true}]}}