{"id":11560,"date":"2024-10-12T18:59:58","date_gmt":"2024-10-13T00:59:58","guid":{"rendered":"https:\/\/theoutdoorshubgt.com\/shop\/?post_type=product&#038;p=11560"},"modified":"2026-04-13T10:32:15","modified_gmt":"2026-04-13T16:32:15","slug":"kuhl-trekr-pant-indigo-10x30","status":"publish","type":"product","link":"https:\/\/theoutdoorshubgt.com\/shop\/index.php\/product\/kuhl-trekr-pant-indigo-10x30\/","title":{"rendered":"KUHL TREKR PANT"},"content":{"rendered":"<p>En el trabajo, de viaje o de viaje, el vers\u00e1til TREKR\u2122 est\u00e1 hecho para mujeres en movimiento. Suave pero duradero, este pantal\u00f3n presenta una elasticidad superior con rebote para maximizar cada zancada manteniendo la forma y el ajuste. \u00a1Las innovadoras costuras laterales se ajustan para convertirlo f\u00e1cilmente en un capri! Comodidad diaria de primera calidad.<\/p>\n","protected":false},"excerpt":{"rendered":"<ul>\n<li>Tejido suave, ligero pero duradero.<\/li>\n<li>Est\u00edrese con rebote para mantener la forma y el ajuste.<\/li>\n<li>Secado r\u00e1pido<\/li>\n<li>Resistente a la abrasi\u00f3n<\/li>\n<li>Absorbe la humedad<\/li>\n<li>UPF 50+ proporciona m\u00e1xima protecci\u00f3n UV a las \u00e1reas cubiertas<\/li>\n<li>169 G\/M<\/li>\n<\/ul>\n","protected":false},"featured_media":15467,"template":"","meta":[],"product_cat":[107,94,73],"product_tag":[],"class_list":{"0":"post-11560","1":"product","2":"type-product","3":"status-publish","4":"has-post-thumbnail","6":"product_brand-kuhl","7":"product_cat-pantalones-ropa-tecnica-para-mujer","8":"product_cat-productos","9":"product_cat-ropa-tecnica-para-mujer","11":"first","12":"instock","13":"shipping-taxable","14":"purchasable","15":"product-type-variable"},"_links":{"self":[{"href":"https:\/\/theoutdoorshubgt.com\/shop\/index.php\/wp-json\/wp\/v2\/product\/11560","targetHints":{"allow":["GET"]}}],"collection":[{"href":"https:\/\/theoutdoorshubgt.com\/shop\/index.php\/wp-json\/wp\/v2\/product"}],"about":[{"href":"https:\/\/theoutdoorshubgt.com\/shop\/index.php\/wp-json\/wp\/v2\/types\/product"}],"wp:featuredmedia":[{"embeddable":true,"href":"https:\/\/theoutdoorshubgt.com\/shop\/index.php\/wp-json\/wp\/v2\/media\/15467"}],"wp:attachment":[{"href":"https:\/\/theoutdoorshubgt.com\/shop\/index.php\/wp-json\/wp\/v2\/media?parent=11560"}],"wp:term":[{"taxonomy":"product_cat","embeddable":true,"href":"https:\/\/theoutdoorshubgt.com\/shop\/index.php\/wp-json\/wp\/v2\/product_cat?post=11560"},{"taxonomy":"product_tag","embeddable":true,"href":"https:\/\/theoutdoorshubgt.com\/shop\/index.php\/wp-json\/wp\/v2\/product_tag?post=11560"}],"curies":[{"name":"wp","href":"https:\/\/api.w.org\/{rel}","templated":true}]}}