{"id":11617,"date":"2024-10-12T19:00:25","date_gmt":"2024-10-13T01:00:25","guid":{"rendered":"https:\/\/theoutdoorshubgt.com\/shop\/index.php\/product\/kuhl-alloy-crew-graphite-l\/"},"modified":"2026-01-23T18:00:04","modified_gmt":"2026-01-24T00:00:04","slug":"kuhl-alloy-crew-graphite-l","status":"publish","type":"product","link":"https:\/\/theoutdoorshubgt.com\/shop\/index.php\/product\/kuhl-alloy-crew-graphite-l\/","title":{"rendered":"KUHL ALLOY CREW GRAPHITE"},"content":{"rendered":"<p>Con un tejido de punto suave y el\u00e1stico con transpirabilidad y control de la humedad superiores, el su\u00e9ter de cuello redondo ALLOY\u2122 para hombre de K\u00dcHL es ideal para usar en capas o puede usarse solo para una apariencia elegante y atl\u00e9tica. Nuestro dise\u00f1o articulado junto con el el\u00e1stico incorporado ofrece una flexibilidad superior con el ajuste ideal. Protecci\u00f3n solar (UPF 15+)<\/p>\n<div id=\"simple-translate\" class=\"simple-translate-system-theme\">\n<div>\n<div class=\"simple-translate-button isShow\" style=\"background-image: url('chrome-extension:\/\/cllnohpbfenopiakdcjmjcbaeapmkcdl\/icons\/512.png'); height: 22px; width: 22px; top: 121px; left: -11px;\"><\/div>\n<div class=\"simple-translate-panel \" style=\"width: 300px; height: 200px; top: 0px; left: 0px; font-size: 13px;\">\n<div class=\"simple-translate-result-wrapper\" style=\"overflow: hidden;\">\n<div class=\"simple-translate-move\" draggable=\"true\"><\/div>\n<div class=\"simple-translate-result-contents\">\n<p class=\"simple-translate-candidate\" dir=\"auto\">\n<\/div>\n<\/div>\n<\/div>\n<\/div>\n<\/div>\n","protected":false},"excerpt":{"rendered":"<ul>\n<li>Tejido de punto tipo jersey ultrasuave y ligero<\/li>\n<li>Altamente transpirable<\/li>\n<li>Absorbe la humedad<\/li>\n<li>Secado r\u00e1pido<\/li>\n<li>Estirar<\/li>\n<li>Fundas articuladas de 5 paneles exclusivas de K\u00dcHL para un mejor rango de movimiento<\/li>\n<li>Bucle interior para taquilla<\/li>\n<li>Costuras DYNAMIK\u2122<\/li>\n<li>Protecci\u00f3n solar UPF 15+<\/li>\n<li>Presillas para el pulgar distintivas de K\u00dcHL<\/li>\n<li>Importado<\/li>\n<\/ul>\n","protected":false},"featured_media":14928,"template":"","meta":[],"product_cat":[99,94,72],"product_tag":[],"class_list":{"0":"post-11617","1":"product","2":"type-product","3":"status-publish","4":"has-post-thumbnail","6":"product_brand-kuhl","7":"product_cat-camisas","8":"product_cat-productos","9":"product_cat-ropa-tecnica-para-hombre","11":"first","12":"outofstock","13":"shipping-taxable","14":"purchasable","15":"product-type-variable"},"_links":{"self":[{"href":"https:\/\/theoutdoorshubgt.com\/shop\/index.php\/wp-json\/wp\/v2\/product\/11617","targetHints":{"allow":["GET"]}}],"collection":[{"href":"https:\/\/theoutdoorshubgt.com\/shop\/index.php\/wp-json\/wp\/v2\/product"}],"about":[{"href":"https:\/\/theoutdoorshubgt.com\/shop\/index.php\/wp-json\/wp\/v2\/types\/product"}],"wp:featuredmedia":[{"embeddable":true,"href":"https:\/\/theoutdoorshubgt.com\/shop\/index.php\/wp-json\/wp\/v2\/media\/14928"}],"wp:attachment":[{"href":"https:\/\/theoutdoorshubgt.com\/shop\/index.php\/wp-json\/wp\/v2\/media?parent=11617"}],"wp:term":[{"taxonomy":"product_cat","embeddable":true,"href":"https:\/\/theoutdoorshubgt.com\/shop\/index.php\/wp-json\/wp\/v2\/product_cat?post=11617"},{"taxonomy":"product_tag","embeddable":true,"href":"https:\/\/theoutdoorshubgt.com\/shop\/index.php\/wp-json\/wp\/v2\/product_tag?post=11617"}],"curies":[{"name":"wp","href":"https:\/\/api.w.org\/{rel}","templated":true}]}}