{"id":11622,"date":"2024-10-12T19:00:28","date_gmt":"2024-10-13T01:00:28","guid":{"rendered":"https:\/\/theoutdoorshubgt.com\/shop\/?post_type=product&#038;p=11622"},"modified":"2026-04-13T10:25:50","modified_gmt":"2026-04-13T16:25:50","slug":"kuhl-kamp-ls-eucalyptus-l","status":"publish","type":"product","link":"https:\/\/theoutdoorshubgt.com\/shop\/index.php\/product\/kuhl-kamp-ls-eucalyptus-l\/","title":{"rendered":"KUHL KAMP LS EUCALYPTUS L"},"content":{"rendered":"<p>La camiseta de manga larga KAMP\u2122 ultraligera es ideal para la recreaci\u00f3n de verano al aire libre. Estos cuadros divertidos e informales cuentan con la cantidad justa de elasticidad para una mayor libertad de movimiento y un ajuste c\u00f3modo y favorecedor. El rendimiento de secado r\u00e1pido se combina con un acabado resistente a los olores y una protecci\u00f3n solar premium (UPF 30+) para mantenerte c\u00f3modo y seguro durante un uso prolongado.<\/p>\n","protected":false},"excerpt":{"rendered":"<ul>\n<li>Ultraligero<\/li>\n<li>Estiramiento mec\u00e1nico<\/li>\n<li>Secado r\u00e1pido<\/li>\n<li>Acabado resistente a los olores<\/li>\n<li>Cuadros de verano divertidos y coloridos<\/li>\n<li>Dos bolsillos en el pecho<\/li>\n<li>Dobladillo inferior curvado<\/li>\n<li>Resistencia natural a las arrugas<\/li>\n<\/ul>\n","protected":false},"featured_media":15081,"template":"","meta":[],"product_cat":[106,94,73],"product_tag":[],"class_list":{"0":"post-11622","1":"product","2":"type-product","3":"status-publish","4":"has-post-thumbnail","6":"product_brand-kuhl","7":"product_cat-blusas","8":"product_cat-productos","9":"product_cat-ropa-tecnica-para-mujer","11":"first","12":"instock","13":"shipping-taxable","14":"purchasable","15":"product-type-variable"},"_links":{"self":[{"href":"https:\/\/theoutdoorshubgt.com\/shop\/index.php\/wp-json\/wp\/v2\/product\/11622","targetHints":{"allow":["GET"]}}],"collection":[{"href":"https:\/\/theoutdoorshubgt.com\/shop\/index.php\/wp-json\/wp\/v2\/product"}],"about":[{"href":"https:\/\/theoutdoorshubgt.com\/shop\/index.php\/wp-json\/wp\/v2\/types\/product"}],"wp:featuredmedia":[{"embeddable":true,"href":"https:\/\/theoutdoorshubgt.com\/shop\/index.php\/wp-json\/wp\/v2\/media\/15081"}],"wp:attachment":[{"href":"https:\/\/theoutdoorshubgt.com\/shop\/index.php\/wp-json\/wp\/v2\/media?parent=11622"}],"wp:term":[{"taxonomy":"product_cat","embeddable":true,"href":"https:\/\/theoutdoorshubgt.com\/shop\/index.php\/wp-json\/wp\/v2\/product_cat?post=11622"},{"taxonomy":"product_tag","embeddable":true,"href":"https:\/\/theoutdoorshubgt.com\/shop\/index.php\/wp-json\/wp\/v2\/product_tag?post=11622"}],"curies":[{"name":"wp","href":"https:\/\/api.w.org\/{rel}","templated":true}]}}