{"id":11623,"date":"2024-10-12T19:00:29","date_gmt":"2024-10-13T01:00:29","guid":{"rendered":"https:\/\/theoutdoorshubgt.com\/shop\/?post_type=product&#038;p=11623"},"modified":"2026-01-23T17:39:40","modified_gmt":"2026-01-23T23:39:40","slug":"kuhl-ls-bravado-cayenne-l","status":"publish","type":"product","link":"https:\/\/theoutdoorshubgt.com\/shop\/index.php\/product\/kuhl-ls-bravado-cayenne-l\/","title":{"rendered":"KUHL LS BRAVADO CAYENNE L"},"content":{"rendered":"<p>Nuestra b\u00fasqueda para crear el cuello redondo perfecto comienza con el mejor algod\u00f3n del mercado y termina con la manga larga BRAVADO\u2122. El algod\u00f3n org\u00e1nico 100% Wildfibre, incre\u00edblemente suave, se combina con nuestra legendaria atenci\u00f3n a cada detalle para brindar comodidad transpirable todos los d\u00edas y un ajuste K\u00dcHL premium. \u00a1Actualice sus elementos esenciales a lo extraordinario!<\/p>\n","protected":false},"excerpt":{"rendered":"<ul>\n<li>Fibra silvestre 100% algod\u00f3n org\u00e1nico.<\/li>\n<li>Ultrasuave y transpirable<\/li>\n<li>Comodidad y ajuste premium<\/li>\n<li>Cinta de grosgrain en la parte trasera del cuello, el dobladillo inferior y las aberturas laterales para mayor durabilidad<\/li>\n<li>Costuras desplazadas en los hombros a\u00f1aden comodidad y estilo.<\/li>\n<li>Costuras encuadernadas que reducen el volumen.<\/li>\n<li>Dobladillo inferior dividido<\/li>\n<\/ul>\n","protected":false},"featured_media":15142,"template":"","meta":[],"product_cat":[94],"product_tag":[],"class_list":{"0":"post-11623","1":"product","2":"type-product","3":"status-publish","4":"has-post-thumbnail","6":"product_brand-kuhl","7":"product_cat-productos","9":"first","10":"outofstock","11":"shipping-taxable","12":"purchasable","13":"product-type-variable"},"_links":{"self":[{"href":"https:\/\/theoutdoorshubgt.com\/shop\/index.php\/wp-json\/wp\/v2\/product\/11623","targetHints":{"allow":["GET"]}}],"collection":[{"href":"https:\/\/theoutdoorshubgt.com\/shop\/index.php\/wp-json\/wp\/v2\/product"}],"about":[{"href":"https:\/\/theoutdoorshubgt.com\/shop\/index.php\/wp-json\/wp\/v2\/types\/product"}],"wp:featuredmedia":[{"embeddable":true,"href":"https:\/\/theoutdoorshubgt.com\/shop\/index.php\/wp-json\/wp\/v2\/media\/15142"}],"wp:attachment":[{"href":"https:\/\/theoutdoorshubgt.com\/shop\/index.php\/wp-json\/wp\/v2\/media?parent=11623"}],"wp:term":[{"taxonomy":"product_cat","embeddable":true,"href":"https:\/\/theoutdoorshubgt.com\/shop\/index.php\/wp-json\/wp\/v2\/product_cat?post=11623"},{"taxonomy":"product_tag","embeddable":true,"href":"https:\/\/theoutdoorshubgt.com\/shop\/index.php\/wp-json\/wp\/v2\/product_tag?post=11623"}],"curies":[{"name":"wp","href":"https:\/\/api.w.org\/{rel}","templated":true}]}}