{"id":11647,"date":"2024-10-12T19:00:37","date_gmt":"2024-10-13T01:00:37","guid":{"rendered":"https:\/\/theoutdoorshubgt.com\/shop\/index.php\/product\/kuhl-ws-suprima-ls-arabesque-l\/"},"modified":"2026-03-03T12:53:46","modified_gmt":"2026-03-03T18:53:46","slug":"kuhl-ws-suprima-ls-arabesque-l","status":"publish","type":"product","link":"https:\/\/theoutdoorshubgt.com\/shop\/index.php\/product\/kuhl-ws-suprima-ls-arabesque-l\/","title":{"rendered":"KUHL W&#8217;S SUPRIMA LS ARABESQUE"},"content":{"rendered":"<p>Suave como la mantequilla y altamente transpirable, SUPRIMA\u2122 cierra la brecha entre la comodidad diaria y el rendimiento activo. Con un corte moderno y cuadrado, escote barco y hombros ligeramente ca\u00eddos, este top vers\u00e1til ofrece m\u00e1xima protecci\u00f3n solar (UPF 50+) y un dise\u00f1o elevado.<\/p>\n","protected":false},"excerpt":{"rendered":"<ul>\n<li>Mezcla de algod\u00f3n suave y transpirable.<\/li>\n<li>Ajuste moderno y cuadrado<\/li>\n<li>Dise\u00f1o de dobladillo superpuesto<\/li>\n<li>Hombro ligeramente ca\u00eddo<\/li>\n<li>C\u00f3modo escote barco<\/li>\n<li>Costuras planas para costuras de poco volumen.<\/li>\n<li>L\u00edneas de costura favorecedoras<\/li>\n<\/ul>\n","protected":false},"featured_media":15533,"template":"","meta":[],"product_cat":[106,94,73],"product_tag":[],"class_list":{"0":"post-11647","1":"product","2":"type-product","3":"status-publish","4":"has-post-thumbnail","6":"product_brand-kuhl","7":"product_cat-blusas","8":"product_cat-productos","9":"product_cat-ropa-tecnica-para-mujer","11":"first","12":"instock","13":"shipping-taxable","14":"purchasable","15":"product-type-variable"},"_links":{"self":[{"href":"https:\/\/theoutdoorshubgt.com\/shop\/index.php\/wp-json\/wp\/v2\/product\/11647","targetHints":{"allow":["GET"]}}],"collection":[{"href":"https:\/\/theoutdoorshubgt.com\/shop\/index.php\/wp-json\/wp\/v2\/product"}],"about":[{"href":"https:\/\/theoutdoorshubgt.com\/shop\/index.php\/wp-json\/wp\/v2\/types\/product"}],"wp:featuredmedia":[{"embeddable":true,"href":"https:\/\/theoutdoorshubgt.com\/shop\/index.php\/wp-json\/wp\/v2\/media\/15533"}],"wp:attachment":[{"href":"https:\/\/theoutdoorshubgt.com\/shop\/index.php\/wp-json\/wp\/v2\/media?parent=11647"}],"wp:term":[{"taxonomy":"product_cat","embeddable":true,"href":"https:\/\/theoutdoorshubgt.com\/shop\/index.php\/wp-json\/wp\/v2\/product_cat?post=11647"},{"taxonomy":"product_tag","embeddable":true,"href":"https:\/\/theoutdoorshubgt.com\/shop\/index.php\/wp-json\/wp\/v2\/product_tag?post=11647"}],"curies":[{"name":"wp","href":"https:\/\/api.w.org\/{rel}","templated":true}]}}