{"id":11651,"date":"2024-10-12T19:00:44","date_gmt":"2024-10-13T01:00:44","guid":{"rendered":"https:\/\/theoutdoorshubgt.com\/shop\/?post_type=product&#038;p=11651"},"modified":"2026-01-23T17:33:45","modified_gmt":"2026-01-23T23:33:45","slug":"kuhl-response-ss-olive-night-l","status":"publish","type":"product","link":"https:\/\/theoutdoorshubgt.com\/shop\/index.php\/product\/kuhl-response-ss-olive-night-l\/","title":{"rendered":"KUHL RESPONSE SS"},"content":{"rendered":"<p>Con un estilo cl\u00e1sico de verano y una comodidad ultraligera, RESPONSE\u2122 es tu respuesta a las temperaturas m\u00e1s altas de la temporada. Secado r\u00e1pido, rendimiento que absorbe la humedad, protecci\u00f3n UV y un acabado resistente a los olores se combinan con elasticidad para un ajuste perfecto en todo momento.<\/p>\n","protected":false},"excerpt":{"rendered":"<ul>\n<li>Ultraligero<\/li>\n<li>Estiramiento mec\u00e1nico bidireccional.<\/li>\n<li>Dos bolsillos en el pecho<\/li>\n<li>Bolsillo interior de seguridad<\/li>\n<li>Botones met\u00e1licos con la firma K\u00dcHL<\/li>\n<li>Acabado de secado r\u00e1pido, absorbente y resistente a los olores.<br \/>\nresistente a las arrugas<\/li>\n<li>Protecci\u00f3n solar UPF 30<\/li>\n<\/ul>\n","protected":false},"featured_media":15382,"template":"","meta":[],"product_cat":[99,94,72],"product_tag":[],"class_list":{"0":"post-11651","1":"product","2":"type-product","3":"status-publish","4":"has-post-thumbnail","6":"product_brand-kuhl","7":"product_cat-camisas","8":"product_cat-productos","9":"product_cat-ropa-tecnica-para-hombre","11":"first","12":"outofstock","13":"shipping-taxable","14":"purchasable","15":"product-type-variable"},"_links":{"self":[{"href":"https:\/\/theoutdoorshubgt.com\/shop\/index.php\/wp-json\/wp\/v2\/product\/11651","targetHints":{"allow":["GET"]}}],"collection":[{"href":"https:\/\/theoutdoorshubgt.com\/shop\/index.php\/wp-json\/wp\/v2\/product"}],"about":[{"href":"https:\/\/theoutdoorshubgt.com\/shop\/index.php\/wp-json\/wp\/v2\/types\/product"}],"wp:featuredmedia":[{"embeddable":true,"href":"https:\/\/theoutdoorshubgt.com\/shop\/index.php\/wp-json\/wp\/v2\/media\/15382"}],"wp:attachment":[{"href":"https:\/\/theoutdoorshubgt.com\/shop\/index.php\/wp-json\/wp\/v2\/media?parent=11651"}],"wp:term":[{"taxonomy":"product_cat","embeddable":true,"href":"https:\/\/theoutdoorshubgt.com\/shop\/index.php\/wp-json\/wp\/v2\/product_cat?post=11651"},{"taxonomy":"product_tag","embeddable":true,"href":"https:\/\/theoutdoorshubgt.com\/shop\/index.php\/wp-json\/wp\/v2\/product_tag?post=11651"}],"curies":[{"name":"wp","href":"https:\/\/api.w.org\/{rel}","templated":true}]}}