{"id":11652,"date":"2024-10-12T19:00:44","date_gmt":"2024-10-13T01:00:44","guid":{"rendered":"https:\/\/theoutdoorshubgt.com\/shop\/?post_type=product&#038;p=11652"},"modified":"2026-01-23T17:34:13","modified_gmt":"2026-01-23T23:34:13","slug":"kuhl-stealth-ss-open-sea-l","status":"publish","type":"product","link":"https:\/\/theoutdoorshubgt.com\/shop\/index.php\/product\/kuhl-stealth-ss-open-sea-l\/","title":{"rendered":"KUHL STEALTH SS"},"content":{"rendered":"<p>La camiseta de manga corta ultraligera para hombre STEALTH\u2122 ofrece un rendimiento de secado r\u00e1pido, control de la humedad y resistencia a los olores para mantenerte c\u00f3modo y fresco cuando aumentan las temperaturas. Hemos a\u00f1adido la cantidad ideal de elasticidad para una mayor movilidad y un ajuste superior. De f\u00e1cil cuidado, resistente a las arrugas y con un c\u00f3modo dise\u00f1o a presi\u00f3n. Protecci\u00f3n solar UPF 30.<\/p>\n","protected":false},"excerpt":{"rendered":"<ul>\n<li>Comodidad lujosa y ultraligera<\/li>\n<li>Secado r\u00e1pido, control de la humedad.<\/li>\n<li>Estiramiento mec\u00e1nico bidireccional.<\/li>\n<li>Resistente a los olores<\/li>\n<li>Dos bolsillos en \u00e1ngulo en el pecho<\/li>\n<li>Bolsillo de seguridad interior oculto<\/li>\n<li>resistente a las arrugas<\/li>\n<li>Pr\u00e1ctico dise\u00f1o a presi\u00f3n<\/li>\n<li>Protecci\u00f3n solar UPF 30<\/li>\n<li>Echa un vistazo a otras camisas de viaje para hombre dise\u00f1adas para ofrecer una comodidad inigualable en la carretera o en los cielos.<\/li>\n<\/ul>\n","protected":false},"featured_media":15439,"template":"","meta":[],"product_cat":[99,94,72],"product_tag":[],"class_list":{"0":"post-11652","1":"product","2":"type-product","3":"status-publish","4":"has-post-thumbnail","6":"product_brand-kuhl","7":"product_cat-camisas","8":"product_cat-productos","9":"product_cat-ropa-tecnica-para-hombre","11":"first","12":"outofstock","13":"shipping-taxable","14":"purchasable","15":"product-type-variable"},"_links":{"self":[{"href":"https:\/\/theoutdoorshubgt.com\/shop\/index.php\/wp-json\/wp\/v2\/product\/11652","targetHints":{"allow":["GET"]}}],"collection":[{"href":"https:\/\/theoutdoorshubgt.com\/shop\/index.php\/wp-json\/wp\/v2\/product"}],"about":[{"href":"https:\/\/theoutdoorshubgt.com\/shop\/index.php\/wp-json\/wp\/v2\/types\/product"}],"wp:featuredmedia":[{"embeddable":true,"href":"https:\/\/theoutdoorshubgt.com\/shop\/index.php\/wp-json\/wp\/v2\/media\/15439"}],"wp:attachment":[{"href":"https:\/\/theoutdoorshubgt.com\/shop\/index.php\/wp-json\/wp\/v2\/media?parent=11652"}],"wp:term":[{"taxonomy":"product_cat","embeddable":true,"href":"https:\/\/theoutdoorshubgt.com\/shop\/index.php\/wp-json\/wp\/v2\/product_cat?post=11652"},{"taxonomy":"product_tag","embeddable":true,"href":"https:\/\/theoutdoorshubgt.com\/shop\/index.php\/wp-json\/wp\/v2\/product_tag?post=11652"}],"curies":[{"name":"wp","href":"https:\/\/api.w.org\/{rel}","templated":true}]}}