{"id":11677,"date":"2024-10-12T19:00:56","date_gmt":"2024-10-13T01:00:56","guid":{"rendered":"https:\/\/theoutdoorshubgt.com\/shop\/index.php\/product\/kuhl-kruiser-short-pirate-blue-l\/"},"modified":"2026-04-13T10:00:12","modified_gmt":"2026-04-13T16:00:12","slug":"kuhl-kruiser-short-pirate-blue-l","status":"publish","type":"product","link":"https:\/\/theoutdoorshubgt.com\/shop\/index.php\/product\/kuhl-kruiser-short-pirate-blue-l\/","title":{"rendered":"KUHL KRUISER SHORT PIRATE BLUE"},"content":{"rendered":"<p>Dise\u00f1ado para los d\u00edas caninos del verano, el pantal\u00f3n corto KRUISER\u2122 puede soportar el calor. Ultraligera con la elasticidad justa, nuestra mezcla t\u00e9cnica en realidad reduce la temperatura de la piel al tiempo que brinda m\u00e1xima protecci\u00f3n (UPF 50+) contra el sol. Una cintura de malla el\u00e1stica y sin cordones proporciona comodidad superior durante todo el d\u00eda y un incre\u00edble rendimiento de secado r\u00e1pido.<\/p>\n","protected":false},"excerpt":{"rendered":"<ul>\n<li>Tejido de mezcla de nailon de alto rendimiento con elasticidad.<\/li>\n<li>Ultraligero<\/li>\n<li>Comodidad fresca en contacto con la piel<\/li>\n<li>Tejido texturizado para una r\u00e1pida evaporaci\u00f3n.<\/li>\n<li>Secado r\u00e1pido<\/li>\n<li>Protecci\u00f3n solar UPF 50+<\/li>\n<\/ul>\n","protected":false},"featured_media":15085,"template":"","meta":[],"product_cat":[94,72,101],"product_tag":[],"class_list":{"0":"post-11677","1":"product","2":"type-product","3":"status-publish","4":"has-post-thumbnail","6":"product_brand-kuhl","7":"product_cat-productos","8":"product_cat-ropa-tecnica-para-hombre","9":"product_cat-shorts","11":"first","12":"instock","13":"shipping-taxable","14":"purchasable","15":"product-type-variable"},"_links":{"self":[{"href":"https:\/\/theoutdoorshubgt.com\/shop\/index.php\/wp-json\/wp\/v2\/product\/11677","targetHints":{"allow":["GET"]}}],"collection":[{"href":"https:\/\/theoutdoorshubgt.com\/shop\/index.php\/wp-json\/wp\/v2\/product"}],"about":[{"href":"https:\/\/theoutdoorshubgt.com\/shop\/index.php\/wp-json\/wp\/v2\/types\/product"}],"wp:featuredmedia":[{"embeddable":true,"href":"https:\/\/theoutdoorshubgt.com\/shop\/index.php\/wp-json\/wp\/v2\/media\/15085"}],"wp:attachment":[{"href":"https:\/\/theoutdoorshubgt.com\/shop\/index.php\/wp-json\/wp\/v2\/media?parent=11677"}],"wp:term":[{"taxonomy":"product_cat","embeddable":true,"href":"https:\/\/theoutdoorshubgt.com\/shop\/index.php\/wp-json\/wp\/v2\/product_cat?post=11677"},{"taxonomy":"product_tag","embeddable":true,"href":"https:\/\/theoutdoorshubgt.com\/shop\/index.php\/wp-json\/wp\/v2\/product_tag?post=11677"}],"curies":[{"name":"wp","href":"https:\/\/api.w.org\/{rel}","templated":true}]}}