{"id":11678,"date":"2024-10-12T19:00:58","date_gmt":"2024-10-13T01:00:58","guid":{"rendered":"https:\/\/theoutdoorshubgt.com\/shop\/?post_type=product&#038;p=11678"},"modified":"2026-02-13T09:48:46","modified_gmt":"2026-02-13T15:48:46","slug":"kuhl-shift-amphibia-short-10-carbon-28","status":"publish","type":"product","link":"https:\/\/theoutdoorshubgt.com\/shop\/index.php\/product\/kuhl-shift-amphibia-short-10-carbon-28\/","title":{"rendered":"KUHL SHIFT AMPHIBIA SHORT 10&#8243; CARBON"},"content":{"rendered":"<p>El pantal\u00f3n corto SHIFT AMPHIBIA\u2122 se siente como en casa dentro o fuera del agua. De secado r\u00e1pido y extremadamente vers\u00e1tiles, estos pantalones cortos pasan del agua a la tierra sin problemas. Un dise\u00f1o informal de cinco bolsillos, una elasticidad c\u00f3moda y protecci\u00f3n UV te mantendr\u00e1n preparado para lo que venga despu\u00e9s.<\/p>\n","protected":false},"excerpt":{"rendered":"<ul>\n<li>Mezcla t\u00e9cnica y ligera con elasticidad.<\/li>\n<li>Rendimiento de secado r\u00e1pido<\/li>\n<li>Acabado resistente al agua<\/li>\n<li>Orificios de drenaje en todos los bolsillos.<\/li>\n<li>Bolsillo oculto para tel\u00e9fono m\u00f3vil.<\/li>\n<li>Bolsillos delanteros planos estilo chino<\/li>\n<li>Los bolsillos traseros EQUALIZR\u2122 (los primeros en la industria) crean una apariencia de inc\u00f3gnito limpia y perfectamente nivelada.<\/li>\n<li>Entrepierna reforzada para libertad de movimiento.<\/li>\n<li>Cintura FreeRyde\u2122 forrada con microgamuza suave para una comodidad inigualable<\/li>\n<li>Cord\u00f3n interno<\/li>\n<li>Apertura de pierna 21\u201d<\/li>\n<li>Protecci\u00f3n solar UPF 50+<\/li>\n<\/ul>\n<div id=\"simple-translate\" class=\"simple-translate-system-theme\">\n<div>\n<div class=\"simple-translate-button isShow\" style=\"background-image: url('chrome-extension:\/\/cllnohpbfenopiakdcjmjcbaeapmkcdl\/icons\/512.png'); height: 22px; width: 22px; top: 148px; left: 212px;\"><\/div>\n<div class=\"simple-translate-panel \" style=\"width: 300px; height: 200px; top: 0px; left: 0px; font-size: 13px;\">\n<div class=\"simple-translate-result-wrapper\" style=\"overflow: hidden;\">\n<div class=\"simple-translate-move\" draggable=\"true\"><\/div>\n<div class=\"simple-translate-result-contents\">\n<p class=\"simple-translate-candidate\" dir=\"auto\">\n<\/div>\n<\/div>\n<\/div>\n<\/div>\n<\/div>\n","protected":false},"featured_media":15422,"template":"","meta":[],"product_cat":[94,72,101],"product_tag":[],"class_list":{"0":"post-11678","1":"product","2":"type-product","3":"status-publish","4":"has-post-thumbnail","6":"product_brand-kuhl","7":"product_cat-productos","8":"product_cat-ropa-tecnica-para-hombre","9":"product_cat-shorts","11":"first","12":"outofstock","13":"shipping-taxable","14":"purchasable","15":"product-type-variable"},"_links":{"self":[{"href":"https:\/\/theoutdoorshubgt.com\/shop\/index.php\/wp-json\/wp\/v2\/product\/11678","targetHints":{"allow":["GET"]}}],"collection":[{"href":"https:\/\/theoutdoorshubgt.com\/shop\/index.php\/wp-json\/wp\/v2\/product"}],"about":[{"href":"https:\/\/theoutdoorshubgt.com\/shop\/index.php\/wp-json\/wp\/v2\/types\/product"}],"wp:featuredmedia":[{"embeddable":true,"href":"https:\/\/theoutdoorshubgt.com\/shop\/index.php\/wp-json\/wp\/v2\/media\/15422"}],"wp:attachment":[{"href":"https:\/\/theoutdoorshubgt.com\/shop\/index.php\/wp-json\/wp\/v2\/media?parent=11678"}],"wp:term":[{"taxonomy":"product_cat","embeddable":true,"href":"https:\/\/theoutdoorshubgt.com\/shop\/index.php\/wp-json\/wp\/v2\/product_cat?post=11678"},{"taxonomy":"product_tag","embeddable":true,"href":"https:\/\/theoutdoorshubgt.com\/shop\/index.php\/wp-json\/wp\/v2\/product_tag?post=11678"}],"curies":[{"name":"wp","href":"https:\/\/api.w.org\/{rel}","templated":true}]}}