{"id":11683,"date":"2024-10-12T19:00:59","date_gmt":"2024-10-13T01:00:59","guid":{"rendered":"https:\/\/theoutdoorshubgt.com\/shop\/?post_type=product&#038;p=11683"},"modified":"2026-03-03T12:25:49","modified_gmt":"2026-03-03T18:25:49","slug":"kuhl-ws-aero-fleece-hoody-wildwood-evergreen-l","status":"publish","type":"product","link":"https:\/\/theoutdoorshubgt.com\/shop\/index.php\/product\/kuhl-ws-aero-fleece-hoody-wildwood-evergreen-l\/","title":{"rendered":"KUHL W&#8217;S AERO FLEECE HOODY WILDWOOD \/ EVERGREEN"},"content":{"rendered":"<p>La sudadera con capucha AERO\u2122 FLEECE redefinir\u00e1 tu percepci\u00f3n del vell\u00f3n. S\u00ed, es suave, c\u00e1lido y acogedor, y todo lo que te encanta del polar, \u00a1y mucho m\u00e1s! \u00a1Es resistente al viento, al agua y al pelo de perro! Desde las calles de la ciudad hasta tu campamento favorito, experimenta el rendimiento del vell\u00f3n dise\u00f1ado para la vida en la naturaleza.<\/p>\n","protected":false},"excerpt":{"rendered":"<ul>\n<li>Hombros reforzados para llevar equipo.<\/li>\n<li>Dise\u00f1o elegante y femenino con capucha y cremallera frontal completa.<\/li>\n<li>Los bolsillos calientamanos con cremallera protegen los objetos de valor<\/li>\n<li>Frente con cremallera completa<\/li>\n<li>Cremalleras YKK<\/li>\n<\/ul>\n","protected":false},"featured_media":15492,"template":"","meta":[],"product_cat":[94,73,98],"product_tag":[],"class_list":{"0":"post-11683","1":"product","2":"type-product","3":"status-publish","4":"has-post-thumbnail","6":"product_brand-kuhl","7":"product_cat-productos","8":"product_cat-ropa-tecnica-para-mujer","9":"product_cat-sueteres-fleece-ropa-tecnica-para-mujer","11":"first","12":"outofstock","13":"shipping-taxable","14":"purchasable","15":"product-type-variable"},"_links":{"self":[{"href":"https:\/\/theoutdoorshubgt.com\/shop\/index.php\/wp-json\/wp\/v2\/product\/11683","targetHints":{"allow":["GET"]}}],"collection":[{"href":"https:\/\/theoutdoorshubgt.com\/shop\/index.php\/wp-json\/wp\/v2\/product"}],"about":[{"href":"https:\/\/theoutdoorshubgt.com\/shop\/index.php\/wp-json\/wp\/v2\/types\/product"}],"wp:featuredmedia":[{"embeddable":true,"href":"https:\/\/theoutdoorshubgt.com\/shop\/index.php\/wp-json\/wp\/v2\/media\/15492"}],"wp:attachment":[{"href":"https:\/\/theoutdoorshubgt.com\/shop\/index.php\/wp-json\/wp\/v2\/media?parent=11683"}],"wp:term":[{"taxonomy":"product_cat","embeddable":true,"href":"https:\/\/theoutdoorshubgt.com\/shop\/index.php\/wp-json\/wp\/v2\/product_cat?post=11683"},{"taxonomy":"product_tag","embeddable":true,"href":"https:\/\/theoutdoorshubgt.com\/shop\/index.php\/wp-json\/wp\/v2\/product_tag?post=11683"}],"curies":[{"name":"wp","href":"https:\/\/api.w.org\/{rel}","templated":true}]}}