{"id":11737,"date":"2024-10-13T12:36:21","date_gmt":"2024-10-13T18:36:21","guid":{"rendered":"https:\/\/theoutdoorshubgt.com\/shop\/?post_type=product&#038;p=11737"},"modified":"2026-02-28T14:49:23","modified_gmt":"2026-02-28T20:49:23","slug":"geckobrands-paddler-45l-waterproof-backpack-grey","status":"publish","type":"product","link":"https:\/\/theoutdoorshubgt.com\/shop\/index.php\/product\/geckobrands-paddler-45l-waterproof-backpack-grey\/","title":{"rendered":"GECKOBRANDS PADDLER 45L WATERPROOF BACKPACK"},"content":{"rendered":"<p>Fabricada con un material de lona de PVC duradero, esta mochila persiste en cualquier entorno, protegiendo sus pertenencias en todo momento, mientras que la parte superior enrollable con hebilla brinda mayor seguridad a prueba de agua. Adem\u00e1s, su capacidad interior de 45 litros, su bolsillo exterior con cremallera y sus bolsillos laterales de malla brindan las mejores oportunidades de almacenamiento para que no dejes nada atr\u00e1s.<\/p>\n<div id=\"simple-translate\" class=\"simple-translate-system-theme\">\n<div>\n<div class=\"simple-translate-button isShow\" style=\"height: 22px; width: 22px; top: 341px; left: 299px;\"><\/div>\n<div class=\"simple-translate-panel \" style=\"width: 300px; height: 200px; top: 0px; left: 0px; font-size: 13px;\">\n<div class=\"simple-translate-result-wrapper\" style=\"overflow: hidden;\">\n<div class=\"simple-translate-move\"><\/div>\n<div class=\"simple-translate-result-contents\">\n<p class=\"simple-translate-candidate\" dir=\"auto\">\n<\/div>\n<\/div>\n<\/div>\n<\/div>\n<\/div>\n","protected":false},"excerpt":{"rendered":"<ul>\n<li>INFORMACI\u00d3N DEL PRODUCTO:<\/li>\n<li>Capacidad extra grande de 45 litros.<\/li>\n<li>Resistente al agua, protege el equipo de; lluvia, arena y nieve<\/li>\n<li>Correas acolchadas para los hombros y sistema de soporte para la espalda de 3 secciones.<\/li>\n<li>Correa para el pecho y la cintura para asegurar de forma \u00f3ptima la mochila y equilibrar el peso proporcionalmente<\/li>\n<li>Gran compartimento exterior resistente al agua con cremallera de 18&#215;10 de largo para un f\u00e1cil acceso a los art\u00edculos<\/li>\n<li>2 grandes bolsillos de malla para botellas de bebida<\/li>\n<li>Parte superior enrollable con hebillas para asegurar la bolsa y evitar que entre agua.<\/li>\n<li>Clasificaci\u00f3n de resistencia al agua IPX6<\/li>\n<li>Recomendamos probar la mochila antes de usarla llen\u00e1ndola con aire, cerr\u00e1ndola adecuadamente y comprimi\u00e9ndola para garantizar que el aire no se<\/li>\n<li>escape de la mochila. Geckobrands no se hace responsable de los da\u00f1os causados \u200b\u200bal contenido de la bolsa.<\/li>\n<li>Materiales: 500D\/LONA DE PVC<\/li>\n<\/ul>\n","protected":false},"featured_media":14013,"template":"","meta":[],"product_cat":[119,154,118,94,148],"product_tag":[],"class_list":{"0":"post-11737","1":"product","2":"type-product","3":"status-publish","4":"has-post-thumbnail","6":"product_brand-geckobrands","7":"product_cat-backpacks","8":"product_cat-backpacks-waterproof","9":"product_cat-mochilas","10":"product_cat-productos","11":"product_cat-waterproof","13":"first","14":"instock","15":"shipping-taxable","16":"purchasable","17":"product-type-variable"},"_links":{"self":[{"href":"https:\/\/theoutdoorshubgt.com\/shop\/index.php\/wp-json\/wp\/v2\/product\/11737","targetHints":{"allow":["GET"]}}],"collection":[{"href":"https:\/\/theoutdoorshubgt.com\/shop\/index.php\/wp-json\/wp\/v2\/product"}],"about":[{"href":"https:\/\/theoutdoorshubgt.com\/shop\/index.php\/wp-json\/wp\/v2\/types\/product"}],"wp:featuredmedia":[{"embeddable":true,"href":"https:\/\/theoutdoorshubgt.com\/shop\/index.php\/wp-json\/wp\/v2\/media\/14013"}],"wp:attachment":[{"href":"https:\/\/theoutdoorshubgt.com\/shop\/index.php\/wp-json\/wp\/v2\/media?parent=11737"}],"wp:term":[{"taxonomy":"product_cat","embeddable":true,"href":"https:\/\/theoutdoorshubgt.com\/shop\/index.php\/wp-json\/wp\/v2\/product_cat?post=11737"},{"taxonomy":"product_tag","embeddable":true,"href":"https:\/\/theoutdoorshubgt.com\/shop\/index.php\/wp-json\/wp\/v2\/product_tag?post=11737"}],"curies":[{"name":"wp","href":"https:\/\/api.w.org\/{rel}","templated":true}]}}