{"id":11741,"date":"2024-10-13T12:36:32","date_gmt":"2024-10-13T18:36:32","guid":{"rendered":"https:\/\/theoutdoorshubgt.com\/shop\/index.php\/product\/geckobrands-endurance-duffel-medium-edg-bk\/"},"modified":"2025-07-11T12:37:54","modified_gmt":"2025-07-11T18:37:54","slug":"geckobrands-endurance-duffel-medium-edg-bk","status":"publish","type":"product","link":"https:\/\/theoutdoorshubgt.com\/shop\/index.php\/product\/geckobrands-endurance-duffel-medium-edg-bk\/","title":{"rendered":"GECKOBRANDS ENDURANCE DUFFEL &#8211; MEDIUM &#8211; EDG\/BK"},"content":{"rendered":"<p>Ya sea que vayas al gimnasio, a un partido fuera de casa o de vacaciones, el Endurance Duffel elimina el estr\u00e9s al empacar. Su generosa capacidad es perfecta para ropa, art\u00edculos deportivos y m\u00e1s<\/p>\n","protected":false},"excerpt":{"rendered":"<ul>\n<li>INFORMACI\u00d3N DEL PRODUCTO:<\/li>\n<li>Correa de hombro acolchada<\/li>\n<li>Fondo ligeramente acolchado<\/li>\n<li>Cremalleras de f\u00e1cil agarre<\/li>\n<li>Recorte de malla para flujo de aire.<\/li>\n<li>Bolsillo Air Locker para separar la ropa o el calzado del gimnasio.<\/li>\n<li>Bolsillos interiores de malla para objetos de valor.<\/li>\n<li>Bolsillo externo para acceso r\u00e1pido a objetos peque\u00f1os<\/li>\n<li>Asas de agarre c\u00f3modas y r\u00e1pidas<\/li>\n<\/ul>\n","protected":false},"featured_media":13991,"template":"","meta":[],"product_cat":[353,118,94],"product_tag":[],"class_list":{"0":"post-11741","1":"product","2":"type-product","3":"status-publish","4":"has-post-thumbnail","6":"product_brand-geckobrands","7":"product_cat-duffel-mochilas","8":"product_cat-mochilas","9":"product_cat-productos","11":"first","12":"outofstock","13":"shipping-taxable","14":"purchasable","15":"product-type-simple"},"_links":{"self":[{"href":"https:\/\/theoutdoorshubgt.com\/shop\/index.php\/wp-json\/wp\/v2\/product\/11741","targetHints":{"allow":["GET"]}}],"collection":[{"href":"https:\/\/theoutdoorshubgt.com\/shop\/index.php\/wp-json\/wp\/v2\/product"}],"about":[{"href":"https:\/\/theoutdoorshubgt.com\/shop\/index.php\/wp-json\/wp\/v2\/types\/product"}],"wp:featuredmedia":[{"embeddable":true,"href":"https:\/\/theoutdoorshubgt.com\/shop\/index.php\/wp-json\/wp\/v2\/media\/13991"}],"wp:attachment":[{"href":"https:\/\/theoutdoorshubgt.com\/shop\/index.php\/wp-json\/wp\/v2\/media?parent=11741"}],"wp:term":[{"taxonomy":"product_cat","embeddable":true,"href":"https:\/\/theoutdoorshubgt.com\/shop\/index.php\/wp-json\/wp\/v2\/product_cat?post=11741"},{"taxonomy":"product_tag","embeddable":true,"href":"https:\/\/theoutdoorshubgt.com\/shop\/index.php\/wp-json\/wp\/v2\/product_tag?post=11741"}],"curies":[{"name":"wp","href":"https:\/\/api.w.org\/{rel}","templated":true}]}}