{"id":11751,"date":"2024-10-13T12:36:50","date_gmt":"2024-10-13T18:36:50","guid":{"rendered":"https:\/\/theoutdoorshubgt.com\/shop\/index.php\/product\/osprey-ace-38-orange-sunset-o-s\/"},"modified":"2026-01-23T17:23:57","modified_gmt":"2026-01-23T23:23:57","slug":"osprey-ace-38-orange-sunset-o-s","status":"publish","type":"product","link":"https:\/\/theoutdoorshubgt.com\/shop\/index.php\/product\/osprey-ace-38-orange-sunset-o-s\/","title":{"rendered":"OSPREY ACE 38 ORANGE SUNSET O\/S"},"content":{"rendered":"<p>Dise\u00f1ada para los ni\u00f1os, la mochila Ace 38 ayuda a descubrir, aprender y crecer a trav\u00e9s de la experiencia al aire libre y el juego. Porque los ni\u00f1os no son peque\u00f1os por mucho tiempo, nuestra suspensi\u00f3n Airspeed\u2122 ventilada f\u00e1cil de ajustar brinda m\u00e1s de 4 pulgadas de ajuste para que crezca junto con el ni\u00f1o. Ofrece la misma calidad de fabricaci\u00f3n y conjunto de caracter\u00edsticas que las mochilas para adultos, que incluyen dos bolsillos laterales, correas de compresi\u00f3n, un cubremochila integrado y una funda para bolsa de hidrataci\u00f3n interna. Desde algunos art\u00edculos esenciales para acampar hasta capas adicionales y muchos refrigerios, carga todo lo que se necesita para estar c\u00f3modo en el bosque.<\/p>\n","protected":false},"excerpt":{"rendered":"<h5 class=\"text-lg md:text-xl font-bold mb-2.5\">Caracter\u00edsticas:<\/h5>\n<div class=\"product-tab-features text-base\">\n<ul>\n<li>Acceso superior al compartimento principal<\/li>\n<li>Correas de compresi\u00f3n laterales dobles en la parte inferior<\/li>\n<li>Dos bolsillos laterales de tela\/malla<\/li>\n<li>Gran bolsillo pr\u00e1ctico de tela\/malla en el panel delantero<\/li>\n<li>Cinta con trabillas para equipo adicional<\/li>\n<li>Compartimento para bolsa de dormir con cremallera en la parte inferior<\/li>\n<li>Correas para colchoneta desmontables<\/li>\n<li>Cubremochila desmontable integrado<\/li>\n<li>Funda para bolsa de hidrataci\u00f3n interna<\/li>\n<\/ul>\n<\/div>\n","protected":false},"featured_media":14283,"template":"","meta":[],"product_cat":[122,118,94],"product_tag":[],"class_list":{"0":"post-11751","1":"product","2":"type-product","3":"status-publish","4":"has-post-thumbnail","6":"product_brand-osprey","7":"product_cat-mochilas-de-montanismo","8":"product_cat-mochilas","9":"product_cat-productos","11":"first","12":"outofstock","13":"shipping-taxable","14":"purchasable","15":"product-type-simple"},"_links":{"self":[{"href":"https:\/\/theoutdoorshubgt.com\/shop\/index.php\/wp-json\/wp\/v2\/product\/11751","targetHints":{"allow":["GET"]}}],"collection":[{"href":"https:\/\/theoutdoorshubgt.com\/shop\/index.php\/wp-json\/wp\/v2\/product"}],"about":[{"href":"https:\/\/theoutdoorshubgt.com\/shop\/index.php\/wp-json\/wp\/v2\/types\/product"}],"wp:featuredmedia":[{"embeddable":true,"href":"https:\/\/theoutdoorshubgt.com\/shop\/index.php\/wp-json\/wp\/v2\/media\/14283"}],"wp:attachment":[{"href":"https:\/\/theoutdoorshubgt.com\/shop\/index.php\/wp-json\/wp\/v2\/media?parent=11751"}],"wp:term":[{"taxonomy":"product_cat","embeddable":true,"href":"https:\/\/theoutdoorshubgt.com\/shop\/index.php\/wp-json\/wp\/v2\/product_cat?post=11751"},{"taxonomy":"product_tag","embeddable":true,"href":"https:\/\/theoutdoorshubgt.com\/shop\/index.php\/wp-json\/wp\/v2\/product_tag?post=11751"}],"curies":[{"name":"wp","href":"https:\/\/api.w.org\/{rel}","templated":true}]}}