{"id":11752,"date":"2024-10-13T12:36:55","date_gmt":"2024-10-13T18:36:55","guid":{"rendered":"https:\/\/theoutdoorshubgt.com\/shop\/?post_type=product&#038;p=11752"},"modified":"2025-07-21T00:04:01","modified_gmt":"2025-07-21T06:04:01","slug":"osprey-daylite-duffel-30-cosmic-red-o-s","status":"publish","type":"product","link":"https:\/\/theoutdoorshubgt.com\/shop\/index.php\/product\/osprey-daylite-duffel-30-cosmic-red-o-s\/","title":{"rendered":"OSPREY DAYLITE DUFFEL 30 COSMIC RED O\/S"},"content":{"rendered":"<p>Ya sea que vaya al gimnasio, a la oficina o a una escapada de fin de semana, el vers\u00e1til Daylite Duffel 30 se adapta a las necesidades cambiantes y ofrece opciones de transporte tipo mochila, sobre el hombro y para llevar para comodidad durante todo el d\u00eda. Las caracter\u00edsticas convenientes incluyen bolsillos laterales y laterales con cremallera accesibles, as\u00ed como una parte inferior acolchada redise\u00f1ada para proteger sus pertenencias. Un PRODUCTO bluesign\u00ae.<\/p>\n","protected":false},"excerpt":{"rendered":"<h5>Caracter\u00edsticas:<\/h5>\n<ul>\n<li>Gran apertura de lona en el panel frontal con cremallera en U<\/li>\n<li>Bolsillo peque\u00f1o con cremallera en el extremo<\/li>\n<li>Bolsillo lateral horizontal con cremallera<\/li>\n<\/ul>\n","protected":false},"featured_media":14707,"template":"","meta":[],"product_cat":[353,118,94],"product_tag":[],"class_list":{"0":"post-11752","1":"product","2":"type-product","3":"status-publish","4":"has-post-thumbnail","6":"product_brand-osprey","7":"product_cat-duffel-mochilas","8":"product_cat-mochilas","9":"product_cat-productos","11":"first","12":"instock","13":"shipping-taxable","14":"purchasable","15":"product-type-simple"},"_links":{"self":[{"href":"https:\/\/theoutdoorshubgt.com\/shop\/index.php\/wp-json\/wp\/v2\/product\/11752","targetHints":{"allow":["GET"]}}],"collection":[{"href":"https:\/\/theoutdoorshubgt.com\/shop\/index.php\/wp-json\/wp\/v2\/product"}],"about":[{"href":"https:\/\/theoutdoorshubgt.com\/shop\/index.php\/wp-json\/wp\/v2\/types\/product"}],"wp:featuredmedia":[{"embeddable":true,"href":"https:\/\/theoutdoorshubgt.com\/shop\/index.php\/wp-json\/wp\/v2\/media\/14707"}],"wp:attachment":[{"href":"https:\/\/theoutdoorshubgt.com\/shop\/index.php\/wp-json\/wp\/v2\/media?parent=11752"}],"wp:term":[{"taxonomy":"product_cat","embeddable":true,"href":"https:\/\/theoutdoorshubgt.com\/shop\/index.php\/wp-json\/wp\/v2\/product_cat?post=11752"},{"taxonomy":"product_tag","embeddable":true,"href":"https:\/\/theoutdoorshubgt.com\/shop\/index.php\/wp-json\/wp\/v2\/product_tag?post=11752"}],"curies":[{"name":"wp","href":"https:\/\/api.w.org\/{rel}","templated":true}]}}