{"id":12496,"date":"2024-10-14T20:42:43","date_gmt":"2024-10-15T02:42:43","guid":{"rendered":"https:\/\/theoutdoorshubgt.com\/shop\/index.php\/product\/nite-ize-hitch-phone-anchor-lanyard-black\/"},"modified":"2026-03-05T15:52:56","modified_gmt":"2026-03-05T21:52:56","slug":"nite-ize-hitch-phone-anchor-lanyard-black","status":"publish","type":"product","link":"https:\/\/theoutdoorshubgt.com\/shop\/index.php\/product\/nite-ize-hitch-phone-anchor-lanyard-black\/","title":{"rendered":"NITE IZE HITCH PHONE ANCHOR + LANYARD BLACK"},"content":{"rendered":"<p>Mantenga su tel\u00e9fono cerca y accesible con este pr\u00e1ctico anclaje y cord\u00f3n para tel\u00e9fono. Compatible con la mayor\u00eda de los estuches, este enganche le permite mantener su tel\u00e9fono a mano mientras mantiene las manos libres.<\/p>\n","protected":false},"excerpt":{"rendered":"<ul>\n<li>Mantiene su tel\u00e9fono seguro y conveniente<\/li>\n<li>Protege contra ca\u00eddas y robos.<\/li>\n<li>C\u00f3modo cord\u00f3n suave al tacto de 5\/8&#8243; con hebilla de liberaci\u00f3n r\u00e1pida para separar f\u00e1cilmente el tel\u00e9fono<\/li>\n<li>El anclaje para tel\u00e9fono con enganche ultrafino se ajusta entre la funda y el tel\u00e9fono<\/li>\n<li>El punto de anclaje est\u00e1 dise\u00f1ado para pasar a trav\u00e9s del puerto de carga de su estuche sin interferir con la carga.<\/li>\n<li>El mosquet\u00f3n de doble cierre MicroLock cuenta con un mecanismo de bloqueo central de giro para bloquear<\/li>\n<li>MicroLock desmontable permite una conexi\u00f3n r\u00e1pida a las presillas del cintur\u00f3n, las correas de la mochila o al cord\u00f3n incluido<\/li>\n<li>Funciona mejor con estuches que cuentan con un puerto de carga de tama\u00f1o est\u00e1ndar<\/li>\n<li>Compatible con carga con cable e inal\u00e1mbrica<\/li>\n<li>Incluye: anclaje para tel\u00e9fono, MicroLock y cord\u00f3n<\/li>\n<\/ul>\n","protected":false},"featured_media":15838,"template":"","meta":[],"product_cat":[94],"product_tag":[],"class_list":{"0":"post-12496","1":"product","2":"type-product","3":"status-publish","4":"has-post-thumbnail","6":"product_brand-nite-ize","7":"product_cat-productos","9":"first","10":"outofstock","11":"shipping-taxable","12":"purchasable","13":"product-type-simple"},"_links":{"self":[{"href":"https:\/\/theoutdoorshubgt.com\/shop\/index.php\/wp-json\/wp\/v2\/product\/12496","targetHints":{"allow":["GET"]}}],"collection":[{"href":"https:\/\/theoutdoorshubgt.com\/shop\/index.php\/wp-json\/wp\/v2\/product"}],"about":[{"href":"https:\/\/theoutdoorshubgt.com\/shop\/index.php\/wp-json\/wp\/v2\/types\/product"}],"wp:featuredmedia":[{"embeddable":true,"href":"https:\/\/theoutdoorshubgt.com\/shop\/index.php\/wp-json\/wp\/v2\/media\/15838"}],"wp:attachment":[{"href":"https:\/\/theoutdoorshubgt.com\/shop\/index.php\/wp-json\/wp\/v2\/media?parent=12496"}],"wp:term":[{"taxonomy":"product_cat","embeddable":true,"href":"https:\/\/theoutdoorshubgt.com\/shop\/index.php\/wp-json\/wp\/v2\/product_cat?post=12496"},{"taxonomy":"product_tag","embeddable":true,"href":"https:\/\/theoutdoorshubgt.com\/shop\/index.php\/wp-json\/wp\/v2\/product_tag?post=12496"}],"curies":[{"name":"wp","href":"https:\/\/api.w.org\/{rel}","templated":true}]}}