{"id":12514,"date":"2024-10-14T20:42:48","date_gmt":"2024-10-15T02:42:48","guid":{"rendered":"https:\/\/theoutdoorshubgt.com\/shop\/index.php\/product\/nite-ize-radiant-rh1-powerswitch-rechargeable-h\/"},"modified":"2026-03-24T10:39:52","modified_gmt":"2026-03-24T16:39:52","slug":"nite-ize-radiant-rh1-powerswitch-rechargeable-h","status":"publish","type":"product","link":"https:\/\/theoutdoorshubgt.com\/shop\/index.php\/product\/nite-ize-radiant-rh1-powerswitch-rechargeable-h\/","title":{"rendered":"NITE IZE RADIANT RH1 POWERSWITCH RECHARGEABLE HEADLIGHT"},"content":{"rendered":"<p>Atraviese la oscuridad con esta linterna frontal de seis modos y dos colores, que emite un m\u00e1ximo de 600 l\u00famenes con la versatilidad de bater\u00eda alcalina y recargable PowerSwitch.<\/p>\n","protected":false},"excerpt":{"rendered":"<ul>\n<li>600 l\u00famenes<\/li>\n<li>Seis modos (m\u00e1s bloqueo):\n<ul>\n<li>Spot: bajo, alto, explosi\u00f3n<\/li>\n<li>Inundaci\u00f3n: baja, alta, roja<\/li>\n<\/ul>\n<\/li>\n<li>El modo Explosi\u00f3n combina rayos de punto alto + haz de inundaci\u00f3n alto<\/li>\n<li>El modo rojo se ilumina manteniendo la visi\u00f3n nocturna<\/li>\n<li>El faro se enciende en modo bajo para facilitar la adaptaci\u00f3n ocular<\/li>\n<li>Fuente de alimentaci\u00f3n dual PowerSwitch: funciona con la bater\u00eda recargable de iones de litio incluida o con 3 pilas alcalinas AAA (no incluidas)<\/li>\n<li>Resistente al agua (IPX4)<\/li>\n<li>Resistente a impactos (a prueba de ca\u00eddas desde 1 metro)<\/li>\n<li>El dise\u00f1o texturizado de dos botones permite el funcionamiento independiente de los modos puntual y de inundaci\u00f3n<\/li>\n<li>El cuerpo del faro se inclina 90\u00b0 para facilitar el ajuste del haz<\/li>\n<li>El cuerpo liviano pesa solo 82 g (2,89 oz)<\/li>\n<li>Correa ajustable c\u00f3moda y de alta calidad, extra\u00edble y reflectante.<\/li>\n<li>El modo rojo se activa presionando y manteniendo presionado el bot\u00f3n de inundaci\u00f3n durante 2 segundos<\/li>\n<li>El modo de bloqueo se activa\/desactiva manteniendo presionado cualquiera de los botones durante 5 segundos<\/li>\n<li>La bater\u00eda extra\u00edble se recarga en aproximadamente 3,5 horas mediante un cable micro USB (no incluido)<\/li>\n<li>La luz indicadora cambia de rojo a verde cuando est\u00e1 completamente cargada.<\/li>\n<\/ul>\n","protected":false},"featured_media":15795,"template":"","meta":[],"product_cat":[143,144,94],"product_tag":[],"class_list":{"0":"post-12514","1":"product","2":"type-product","3":"status-publish","4":"has-post-thumbnail","6":"product_brand-nite-ize","7":"product_cat-iluminacion","8":"product_cat-lamparas-de-cabeza","9":"product_cat-productos","11":"first","12":"outofstock","13":"shipping-taxable","14":"purchasable","15":"product-type-simple"},"_links":{"self":[{"href":"https:\/\/theoutdoorshubgt.com\/shop\/index.php\/wp-json\/wp\/v2\/product\/12514","targetHints":{"allow":["GET"]}}],"collection":[{"href":"https:\/\/theoutdoorshubgt.com\/shop\/index.php\/wp-json\/wp\/v2\/product"}],"about":[{"href":"https:\/\/theoutdoorshubgt.com\/shop\/index.php\/wp-json\/wp\/v2\/types\/product"}],"wp:featuredmedia":[{"embeddable":true,"href":"https:\/\/theoutdoorshubgt.com\/shop\/index.php\/wp-json\/wp\/v2\/media\/15795"}],"wp:attachment":[{"href":"https:\/\/theoutdoorshubgt.com\/shop\/index.php\/wp-json\/wp\/v2\/media?parent=12514"}],"wp:term":[{"taxonomy":"product_cat","embeddable":true,"href":"https:\/\/theoutdoorshubgt.com\/shop\/index.php\/wp-json\/wp\/v2\/product_cat?post=12514"},{"taxonomy":"product_tag","embeddable":true,"href":"https:\/\/theoutdoorshubgt.com\/shop\/index.php\/wp-json\/wp\/v2\/product_tag?post=12514"}],"curies":[{"name":"wp","href":"https:\/\/api.w.org\/{rel}","templated":true}]}}