{"id":12517,"date":"2024-10-14T20:42:50","date_gmt":"2024-10-15T02:42:50","guid":{"rendered":"https:\/\/theoutdoorshubgt.com\/shop\/index.php\/product\/nite-ize-runoff-waterproof-3-1-1-pouch\/"},"modified":"2026-03-05T12:29:33","modified_gmt":"2026-03-05T18:29:33","slug":"nite-ize-runoff-waterproof-3-1-1-pouch","status":"publish","type":"product","link":"https:\/\/theoutdoorshubgt.com\/shop\/index.php\/product\/nite-ize-runoff-waterproof-3-1-1-pouch\/","title":{"rendered":"NITE IZE RUNOFF WATERPROOF 3-1-1 POUCH"},"content":{"rendered":"<p>RunOff revoluciona la protecci\u00f3n impermeable. Perfecta para viajes a\u00e9reos, la bolsa 3-1-1 est\u00e1 dise\u00f1ada para cumplir con la regla de l\u00edquidos de la TSA para equipaje de mano. Esta bolsa impermeable con fondo reforzado mantiene organizados los art\u00edculos de tocador de tama\u00f1o de viaje mientras protege su ropa de fugas.<\/p>\n","protected":false},"excerpt":{"rendered":"<ul>\n<li>Probado a prueba de polvo y resistente al agua seg\u00fan IP67 (soporta inmersi\u00f3n en agua a 1 m de profundidad durante 30 min)<\/li>\n<li>Construcci\u00f3n duradera de TPU con costuras soldadas por RF para m\u00e1xima confiabilidad<\/li>\n<li>Cuenta con cremallera impermeable patentada TRU Zip desarrollada por Nite Ize.<\/li>\n<li>Se adapta a productos de tocador de tama\u00f1o de viaje.<\/li>\n<li>Defiende contra el agua, el polvo y la arena.<\/li>\n<li>La parte inferior reforzada permite que esta bolsa quepa m\u00e1s y se mantenga erguida.<\/li>\n<li>Puntos de anclaje integrados para una fijaci\u00f3n vers\u00e1til<\/li>\n<li>El frente transl\u00facido le permite ubicar f\u00e1cilmente los art\u00edculos<\/li>\n<li>Tecnolog\u00eda de cremallera silenciosa TRU<\/li>\n<li>Incluye paquete de toallitas lubricantes TRU Zip de alto rendimiento.<\/li>\n<li>Para un rendimiento \u00f3ptimo, lubrique peri\u00f3dicamente la cremallera con toallitas lubricantes de alto rendimiento TRU Zip.<\/li>\n<li>Dimensiones interiores: 5,9&#8243; x 9,1&#8243; x 2,4&#8243; | 150 mm x 230 mm x 62 mm<\/li>\n<\/ul>\n","protected":false},"featured_media":15833,"template":"","meta":[],"product_cat":[152,94,148],"product_tag":[],"class_list":{"0":"post-12517","1":"product","2":"type-product","3":"status-publish","4":"has-post-thumbnail","6":"product_brand-nite-ize","7":"product_cat-estuches-impermeables","8":"product_cat-productos","9":"product_cat-waterproof","11":"first","12":"instock","13":"shipping-taxable","14":"purchasable","15":"product-type-simple"},"_links":{"self":[{"href":"https:\/\/theoutdoorshubgt.com\/shop\/index.php\/wp-json\/wp\/v2\/product\/12517","targetHints":{"allow":["GET"]}}],"collection":[{"href":"https:\/\/theoutdoorshubgt.com\/shop\/index.php\/wp-json\/wp\/v2\/product"}],"about":[{"href":"https:\/\/theoutdoorshubgt.com\/shop\/index.php\/wp-json\/wp\/v2\/types\/product"}],"wp:featuredmedia":[{"embeddable":true,"href":"https:\/\/theoutdoorshubgt.com\/shop\/index.php\/wp-json\/wp\/v2\/media\/15833"}],"wp:attachment":[{"href":"https:\/\/theoutdoorshubgt.com\/shop\/index.php\/wp-json\/wp\/v2\/media?parent=12517"}],"wp:term":[{"taxonomy":"product_cat","embeddable":true,"href":"https:\/\/theoutdoorshubgt.com\/shop\/index.php\/wp-json\/wp\/v2\/product_cat?post=12517"},{"taxonomy":"product_tag","embeddable":true,"href":"https:\/\/theoutdoorshubgt.com\/shop\/index.php\/wp-json\/wp\/v2\/product_tag?post=12517"}],"curies":[{"name":"wp","href":"https:\/\/api.w.org\/{rel}","templated":true}]}}