{"id":12522,"date":"2024-10-14T20:42:52","date_gmt":"2024-10-15T02:42:52","guid":{"rendered":"https:\/\/theoutdoorshubgt.com\/shop\/index.php\/product\/nite-ize-runoff-waterproof-wallet\/"},"modified":"2026-03-05T12:21:30","modified_gmt":"2026-03-05T18:21:30","slug":"nite-ize-runoff-waterproof-wallet","status":"publish","type":"product","link":"https:\/\/theoutdoorshubgt.com\/shop\/index.php\/product\/nite-ize-runoff-waterproof-wallet\/","title":{"rendered":"NITE IZE RUNOFF WATERPROOF WALLET"},"content":{"rendered":"<p>RunOff revoluciona la protecci\u00f3n impermeable. Esta billetera impermeable es lo suficientemente peque\u00f1a como para caber en su bolsillo o sujetarse f\u00e1cilmente a cinturones o mochilas mediante los puntos de sujeci\u00f3n incorporados. Proteja y organice con confianza tarjetas de cr\u00e9dito, dinero en efectivo, aud\u00edfonos y m\u00e1s.<\/p>\n","protected":false},"excerpt":{"rendered":"<ul>\n<li>Probado a prueba de polvo y resistente al agua seg\u00fan IP67 (soporta inmersi\u00f3n en agua a 1 m de profundidad durante 30 minutos)<\/li>\n<li>Construcci\u00f3n duradera de TPU con costuras soldadas por RF para m\u00e1xima confiabilidad<\/li>\n<li>Cuenta con cremallera impermeable patentada TRU Zip desarrollada por Nite Ize.<\/li>\n<li>Defiende contra el agua, el polvo y la arena.<\/li>\n<li>Se puede lavar con agua y jab\u00f3n o toallitas desinfectantes con tus tarjetas + elementos esenciales en el interior.<\/li>\n<li>Puntos de anclaje integrados y trabilla para cintur\u00f3n para una fijaci\u00f3n vers\u00e1til<\/li>\n<li>El frente transl\u00facido le permite ubicar f\u00e1cilmente los art\u00edculos<\/li>\n<li>Tecnolog\u00eda de cremallera silenciosa TRU<\/li>\n<li>Incluye paquete de toallitas lubricantes TRU Zip de alto rendimiento.<\/li>\n<li>Para un rendimiento \u00f3ptimo, lubrique peri\u00f3dicamente su cremallera con toallitas lubricantes de alto rendimiento TRU Zip.<\/li>\n<li>Dimensiones interiores: 3,7&#8243; x 5&#8243; | 94 mm x 128 mm<\/li>\n<\/ul>\n","protected":false},"featured_media":16108,"template":"","meta":[],"product_cat":[152,94,148],"product_tag":[],"class_list":{"0":"post-12522","1":"product","2":"type-product","3":"status-publish","4":"has-post-thumbnail","6":"product_brand-nite-ize","7":"product_cat-estuches-impermeables","8":"product_cat-productos","9":"product_cat-waterproof","11":"first","12":"instock","13":"shipping-taxable","14":"purchasable","15":"product-type-simple"},"_links":{"self":[{"href":"https:\/\/theoutdoorshubgt.com\/shop\/index.php\/wp-json\/wp\/v2\/product\/12522","targetHints":{"allow":["GET"]}}],"collection":[{"href":"https:\/\/theoutdoorshubgt.com\/shop\/index.php\/wp-json\/wp\/v2\/product"}],"about":[{"href":"https:\/\/theoutdoorshubgt.com\/shop\/index.php\/wp-json\/wp\/v2\/types\/product"}],"wp:featuredmedia":[{"embeddable":true,"href":"https:\/\/theoutdoorshubgt.com\/shop\/index.php\/wp-json\/wp\/v2\/media\/16108"}],"wp:attachment":[{"href":"https:\/\/theoutdoorshubgt.com\/shop\/index.php\/wp-json\/wp\/v2\/media?parent=12522"}],"wp:term":[{"taxonomy":"product_cat","embeddable":true,"href":"https:\/\/theoutdoorshubgt.com\/shop\/index.php\/wp-json\/wp\/v2\/product_cat?post=12522"},{"taxonomy":"product_tag","embeddable":true,"href":"https:\/\/theoutdoorshubgt.com\/shop\/index.php\/wp-json\/wp\/v2\/product_tag?post=12522"}],"curies":[{"name":"wp","href":"https:\/\/api.w.org\/{rel}","templated":true}]}}