{"id":12527,"date":"2024-10-14T20:42:55","date_gmt":"2024-10-15T02:42:55","guid":{"rendered":"https:\/\/theoutdoorshubgt.com\/shop\/index.php\/product\/nite-ize-s-biner-aluminum-dual-carabiner-4-blu\/"},"modified":"2026-03-05T12:19:14","modified_gmt":"2026-03-05T18:19:14","slug":"nite-ize-s-biner-aluminum-dual-carabiner-4-blu","status":"publish","type":"product","link":"https:\/\/theoutdoorshubgt.com\/shop\/index.php\/product\/nite-ize-s-biner-aluminum-dual-carabiner-4-blu\/","title":{"rendered":"NITE IZE S-BINER ALUMINUM DUAL CARABINER"},"content":{"rendered":"<p>El ic\u00f3nico dise\u00f1o S-Biner permite una conexi\u00f3n r\u00e1pida y sencilla gracias a su exclusivo dise\u00f1o de doble puerta. El cuerpo de aluminio liviano y colorido con puertas de acero inoxidable est\u00e1 disponible en una variedad de tama\u00f1os, creando una manera perfecta de sostener, asegurar y conectar todo, desde llaves hasta botellas de agua y equipos.<\/p>\n","protected":false},"excerpt":{"rendered":"<ul>\n<li>Construcci\u00f3n s\u00f3lida de aluminio<\/li>\n<li>Cierre seguro de puerta con alambre de acero inoxidable<\/li>\n<li>Ligero y fuerte<\/li>\n<li>Tama\u00f1o #3 Dimensiones: 1,2&#8243; x 2,7&#8243; x 0,3&#8243; | 31 mm x 69 mm x 8 mm<\/li>\n<li>Tama\u00f1o #4 Dimensiones: 1.6&#8243; x 3.5&#8243; x 0.4&#8243; | 41mm x 90mm x 10mm<\/li>\n<\/ul>\n","protected":false},"featured_media":15903,"template":"","meta":[],"product_cat":[140,135,94],"product_tag":[],"class_list":{"0":"post-12527","1":"product","2":"type-product","3":"status-publish","4":"has-post-thumbnail","6":"product_brand-nite-ize","7":"product_cat-carabiners","8":"product_cat-hiking","9":"product_cat-productos","11":"first","12":"instock","13":"shipping-taxable","14":"purchasable","15":"product-type-variable"},"_links":{"self":[{"href":"https:\/\/theoutdoorshubgt.com\/shop\/index.php\/wp-json\/wp\/v2\/product\/12527","targetHints":{"allow":["GET"]}}],"collection":[{"href":"https:\/\/theoutdoorshubgt.com\/shop\/index.php\/wp-json\/wp\/v2\/product"}],"about":[{"href":"https:\/\/theoutdoorshubgt.com\/shop\/index.php\/wp-json\/wp\/v2\/types\/product"}],"wp:featuredmedia":[{"embeddable":true,"href":"https:\/\/theoutdoorshubgt.com\/shop\/index.php\/wp-json\/wp\/v2\/media\/15903"}],"wp:attachment":[{"href":"https:\/\/theoutdoorshubgt.com\/shop\/index.php\/wp-json\/wp\/v2\/media?parent=12527"}],"wp:term":[{"taxonomy":"product_cat","embeddable":true,"href":"https:\/\/theoutdoorshubgt.com\/shop\/index.php\/wp-json\/wp\/v2\/product_cat?post=12527"},{"taxonomy":"product_tag","embeddable":true,"href":"https:\/\/theoutdoorshubgt.com\/shop\/index.php\/wp-json\/wp\/v2\/product_tag?post=12527"}],"curies":[{"name":"wp","href":"https:\/\/api.w.org\/{rel}","templated":true}]}}