{"id":12553,"date":"2024-10-14T20:43:10","date_gmt":"2024-10-15T02:43:10","guid":{"rendered":"https:\/\/theoutdoorshubgt.com\/shop\/index.php\/product\/nite-ize-shineline-reflective-cord-50-ft\/"},"modified":"2026-03-06T11:34:42","modified_gmt":"2026-03-06T17:34:42","slug":"nite-ize-shineline-reflective-cord-50-ft","status":"publish","type":"product","link":"https:\/\/theoutdoorshubgt.com\/shop\/index.php\/product\/nite-ize-shineline-reflective-cord-50-ft\/","title":{"rendered":"NITE IZE SHINELINE REFLECTIVE CORD &#8211; 50 FT."},"content":{"rendered":"","protected":false},"excerpt":{"rendered":"<div id=\"featurebullets_feature_div\" class=\"celwidget\" data-feature-name=\"featurebullets_nonPets\" data-csa-c-type=\"widget\" data-csa-c-content-id=\"featurebullets_nonPets\" data-csa-c-slot-id=\"featurebullets_feature_div\" data-csa-c-asin=\"B0FRDRQPT7\" data-csa-c-is-in-initial-active-row=\"false\" data-csa-c-id=\"u8v7ai-lc1pkz-fxcb98-riio6j\" data-cel-widget=\"featurebullets_feature_div\">\n<div id=\"feature-bullets\" class=\"a-section a-spacing-medium a-spacing-top-small\">\n<ul class=\"a-unordered-list a-vertical a-spacing-mini\">\n<li class=\"a-spacing-mini\"><span class=\"a-list-item\">La siguiente informaci\u00f3n es solo por paquete<\/span><\/li>\n<li class=\"a-spacing-mini\"><span class=\"a-list-item\">Ideal para suministros para acampar: con 50 pies de cable para trabajar, tendr\u00e1 suficiente para instalar su tienda de campa\u00f1a, lona o refugio; complemento perfecto para art\u00edculos esenciales para acampar, navegar y viajar con mochila<\/span><\/li>\n<li class=\"a-spacing-mini\"><span class=\"a-list-item\">Cuerda reflectante de alta resistencia: este cord\u00f3n de nailon tiene una tira reflectante tejida para que sea muy visible para el haz de tu linterna y no tropieces con \u00e9l por la noche<\/span><\/li>\n<li class=\"a-spacing-mini\"><span class=\"a-list-item\">Cord\u00f3n de nailon resistente y utilitario: hecho de un cord\u00f3n de nailon resistente con una tira reflectante especial tejida en \u00e9l, este cord\u00f3n es resistente y ideal para uso en exteriores<\/span><\/li>\n<li class=\"a-spacing-mini\"><span class=\"a-list-item\">Cuerda verde liviana: este cable utilitario liviano y reflectante tiene un di\u00e1metro de 2,5 mm, lo que lo hace perfecto para campamentos livianos o viajes de senderismo<\/span><\/li>\n<li class=\"a-spacing-mini\"><span class=\"a-list-item\">Acerca de Nite Ize: Nuestros productos impulsados por inventores organizan tu vida, protegen tu equipo, iluminan tu camino y resuelven creativamente los problemas cotidianos; cada producto est\u00e1 respaldado por nuestra Garant\u00eda sin preocupaciones<\/span><\/li>\n<\/ul>\n<\/div>\n<\/div>\n<div id=\"provenanceCertifications_feature_div\" class=\"celwidget\" data-feature-name=\"provenanceCertifications\" data-csa-c-type=\"widget\" data-csa-c-content-id=\"provenanceCertifications\" data-csa-c-slot-id=\"provenanceCertifications_feature_div\" data-csa-c-asin=\"B0FRDRQPT7\" data-csa-c-is-in-initial-active-row=\"false\" data-csa-c-id=\"kj3pwr-6h89qu-gs7eme-qnddyf\" data-cel-widget=\"provenanceCertifications_feature_div\"><\/div>\n<div id=\"handmadeArtisanCard_feature_div\" class=\"celwidget\" data-feature-name=\"handmadeArtisanCard\" data-csa-c-type=\"widget\" data-csa-c-content-id=\"handmadeArtisanCard\" data-csa-c-slot-id=\"handmadeArtisanCard_feature_div\" data-csa-c-asin=\"B0FRDRQPT7\" data-csa-c-is-in-initial-active-row=\"false\" data-csa-c-id=\"q9qd1-n0u97j-d95wdv-a4vcby\" data-cel-widget=\"handmadeArtisanCard_feature_div\"><\/div>\n<div id=\"billOfMaterial_feature_div\" class=\"celwidget\" data-feature-name=\"billOfMaterial\" data-csa-c-type=\"widget\" data-csa-c-content-id=\"billOfMaterial\" data-csa-c-slot-id=\"billOfMaterial_feature_div\" data-csa-c-asin=\"B0FRDRQPT7\" data-csa-c-is-in-initial-active-row=\"false\" data-csa-c-id=\"8kr7e6-ojh0ap-y9b9tp-40j86w\" data-cel-widget=\"billOfMaterial_feature_div\"><\/div>\n<div id=\"customerReviewsAttribute_feature_div\" class=\"celwidget\" data-feature-name=\"customerReviewsAttribute\" data-csa-c-type=\"widget\" data-csa-c-content-id=\"customerReviewsAttribute\" data-csa-c-slot-id=\"customerReviewsAttribute_feature_div\" data-csa-c-asin=\"B0FRDRQPT7\" data-csa-c-is-in-initial-active-row=\"false\" data-csa-c-id=\"hm9ca2-jgi4gj-xstsl3-12q6ou\" data-cel-widget=\"customerReviewsAttribute_feature_div\"><\/div>\n<div id=\"globalStoreInfoBullets_feature_div\" class=\"celwidget\" data-feature-name=\"globalStoreInfoBullets\" data-csa-c-type=\"widget\" data-csa-c-content-id=\"globalStoreInfoBullets\" data-csa-c-slot-id=\"globalStoreInfoBullets_feature_div\" data-csa-c-asin=\"B0FRDRQPT7\" data-csa-c-is-in-initial-active-row=\"false\" data-csa-c-id=\"mqebm7-co3382-kzcrxr-spg8ic\" data-cel-widget=\"globalStoreInfoBullets_feature_div\"><\/div>\n<div id=\"HLCXComparisonJumplink_feature_div\"><\/div>\n<div id=\"addOnItem_feature_div\" class=\"celwidget\" data-feature-name=\"addOnItem\" data-csa-c-type=\"widget\" data-csa-c-content-id=\"addOnItem\" data-csa-c-slot-id=\"addOnItem_feature_div\" data-csa-c-asin=\"B0FRDRQPT7\" data-csa-c-is-in-initial-active-row=\"false\" data-csa-c-id=\"4it3mh-yd6mfd-vecp2u-7ld5x2\" data-cel-widget=\"addOnItem_feature_div\"><\/div>\n<div id=\"giftcard-holiday-availability-messaging_feature_div\" class=\"celwidget\" data-feature-name=\"giftCardHolidayAvailabilityMessaging\" data-csa-c-type=\"widget\" data-csa-c-content-id=\"giftCardHolidayAvailabilityMessaging\" data-csa-c-slot-id=\"giftcard-holiday-availability-messaging_feature_div\" data-csa-c-asin=\"B0FRDRQPT7\" data-csa-c-is-in-initial-active-row=\"false\" data-csa-c-id=\"pbm5fw-8bj6wj-qbzepq-vordbf\" data-cel-widget=\"giftcard-holiday-availability-messaging_feature_div\"><\/div>\n<div id=\"olp_feature_div\" class=\"celwidget\" data-feature-name=\"olp\" data-csa-c-type=\"widget\" data-csa-c-content-id=\"olp\" data-csa-c-slot-id=\"olp_feature_div\" data-csa-c-asin=\"B0FRDRQPT7\" data-csa-c-is-in-initial-active-row=\"false\" data-csa-c-id=\"3rw986-3ukroc-o1qfd6-zdounk\" data-cel-widget=\"olp_feature_div\"><\/div>\n","protected":false},"featured_media":20049,"template":"","meta":[],"product_cat":[94],"product_tag":[],"class_list":{"0":"post-12553","1":"product","2":"type-product","3":"status-publish","4":"has-post-thumbnail","6":"product_brand-nite-ize","7":"product_cat-productos","9":"first","10":"instock","11":"shipping-taxable","12":"purchasable","13":"product-type-simple"},"_links":{"self":[{"href":"https:\/\/theoutdoorshubgt.com\/shop\/index.php\/wp-json\/wp\/v2\/product\/12553","targetHints":{"allow":["GET"]}}],"collection":[{"href":"https:\/\/theoutdoorshubgt.com\/shop\/index.php\/wp-json\/wp\/v2\/product"}],"about":[{"href":"https:\/\/theoutdoorshubgt.com\/shop\/index.php\/wp-json\/wp\/v2\/types\/product"}],"wp:featuredmedia":[{"embeddable":true,"href":"https:\/\/theoutdoorshubgt.com\/shop\/index.php\/wp-json\/wp\/v2\/media\/20049"}],"wp:attachment":[{"href":"https:\/\/theoutdoorshubgt.com\/shop\/index.php\/wp-json\/wp\/v2\/media?parent=12553"}],"wp:term":[{"taxonomy":"product_cat","embeddable":true,"href":"https:\/\/theoutdoorshubgt.com\/shop\/index.php\/wp-json\/wp\/v2\/product_cat?post=12553"},{"taxonomy":"product_tag","embeddable":true,"href":"https:\/\/theoutdoorshubgt.com\/shop\/index.php\/wp-json\/wp\/v2\/product_tag?post=12553"}],"curies":[{"name":"wp","href":"https:\/\/api.w.org\/{rel}","templated":true}]}}