{"id":12569,"date":"2024-10-14T20:43:15","date_gmt":"2024-10-15T02:43:15","guid":{"rendered":"https:\/\/theoutdoorshubgt.com\/shop\/index.php\/product\/nite-ize-slidelock-key-ring-stainless-steel-sta\/"},"modified":"2026-03-05T11:59:57","modified_gmt":"2026-03-05T17:59:57","slug":"nite-ize-slidelock-key-ring-stainless-steel-sta","status":"publish","type":"product","link":"https:\/\/theoutdoorshubgt.com\/shop\/index.php\/product\/nite-ize-slidelock-key-ring-stainless-steel-sta\/","title":{"rendered":"NITE IZE SLIDELOCK KEY RING STAINLESS STEEL"},"content":{"rendered":"<p>Nuestro mosquet\u00f3n y llavero de acero inoxidable con cierre est\u00e1n unidos por una correa corta de nailon para mantener las llaves separadas pero conectadas. El mosquet\u00f3n cuenta con un mecanismo SlideLock que bloquea la puerta para que pueda sujetarse con confianza a una trabilla para cintur\u00f3n, mochila o correa de bolso.<\/p>\n","protected":false},"excerpt":{"rendered":"<ul>\n<li>Combinaci\u00f3n duradera de mosquet\u00f3n y llavero con cierre de acero inoxidable<\/li>\n<li>Puerta de alambre de acero inoxidable segura con funci\u00f3n de deslizamiento para bloquear<\/li>\n<li>Correas de nailon de alta resistencia a la tracci\u00f3n.<\/li>\n<li>Accesorio para llave con anilla dividida de 3\/8&#8243;<\/li>\n<li>Clasificaci\u00f3n de peso del mosquet\u00f3n: 25 libras<\/li>\n<\/ul>\n","protected":false},"featured_media":16021,"template":"","meta":[],"product_cat":[140,135,94],"product_tag":[],"class_list":{"0":"post-12569","1":"product","2":"type-product","3":"status-publish","4":"has-post-thumbnail","6":"product_brand-nite-ize","7":"product_cat-carabiners","8":"product_cat-hiking","9":"product_cat-productos","11":"first","12":"outofstock","13":"shipping-taxable","14":"purchasable","15":"product-type-simple"},"_links":{"self":[{"href":"https:\/\/theoutdoorshubgt.com\/shop\/index.php\/wp-json\/wp\/v2\/product\/12569","targetHints":{"allow":["GET"]}}],"collection":[{"href":"https:\/\/theoutdoorshubgt.com\/shop\/index.php\/wp-json\/wp\/v2\/product"}],"about":[{"href":"https:\/\/theoutdoorshubgt.com\/shop\/index.php\/wp-json\/wp\/v2\/types\/product"}],"wp:featuredmedia":[{"embeddable":true,"href":"https:\/\/theoutdoorshubgt.com\/shop\/index.php\/wp-json\/wp\/v2\/media\/16021"}],"wp:attachment":[{"href":"https:\/\/theoutdoorshubgt.com\/shop\/index.php\/wp-json\/wp\/v2\/media?parent=12569"}],"wp:term":[{"taxonomy":"product_cat","embeddable":true,"href":"https:\/\/theoutdoorshubgt.com\/shop\/index.php\/wp-json\/wp\/v2\/product_cat?post=12569"},{"taxonomy":"product_tag","embeddable":true,"href":"https:\/\/theoutdoorshubgt.com\/shop\/index.php\/wp-json\/wp\/v2\/product_tag?post=12569"}],"curies":[{"name":"wp","href":"https:\/\/api.w.org\/{rel}","templated":true}]}}