{"id":12693,"date":"2024-10-14T22:25:24","date_gmt":"2024-10-15T04:25:24","guid":{"rendered":"https:\/\/theoutdoorshubgt.com\/shop\/?post_type=product&#038;p=12693"},"modified":"2025-01-05T16:40:34","modified_gmt":"2025-01-05T22:40:34","slug":"sa-backdrop-boonie-bluestone-large","status":"publish","type":"product","link":"https:\/\/theoutdoorshubgt.com\/shop\/index.php\/product\/sa-backdrop-boonie-bluestone-large\/","title":{"rendered":"SUNDAY AFTERNOONS BACKDROP BOONIE"},"content":{"rendered":"<p>Con la misma silueta cl\u00e1sica y relajada que el original, el tel\u00f3n de fondo Boonie te ofrece dos sombreros en uno. Una ingeniosa capa para el cuello de perfil bajo que se guarda f\u00e1cilmente y ofrece protecci\u00f3n adicional cuando la necesita y sin volumen adicional cuando no la necesita. El dise\u00f1o innovador est\u00e1 confeccionado con tejido bluesign\u00ae 100% reciclado con un acabado repelente al agua sin PFAS. Clasificaci\u00f3n solar UPF 50+, Sunglass Lock\u2122, tama\u00f1o ajustable y banda absorbente para el sudor para mayor comodidad.<\/p>\n","protected":false},"excerpt":{"rendered":"<ul>\n<li>Clasificaci\u00f3n solar UPF 50+ (incluye malla)<\/li>\n<li>Ala plegable de 3&#8243; (7,5 cm)<\/li>\n<li>Capa para el cuello plegable de 7\u00bd&#8221; (19,5 cm)<\/li>\n<li>Cape Lock\u2122 mantiene la capa para el cuello en su lugar<\/li>\n<li>Barboquejo ajustable<\/li>\n<li>Banda para el sudor absorbente<\/li>\n<li>Acabado repelente al agua duradero sin PFAS<\/li>\n<li>Tama\u00f1o ajustable<\/li>\n<li>Tejido del cuerpo principal y banda para el sudor bluesign\u00ae<\/li>\n<li>Tejido del cuerpo principal 100% reciclado<\/li>\n<li>Peso: 4 onzas\/113 gramos<\/li>\n<li>Cuerpo: 100% poli\u00e9ster Exclusivo de decoraci\u00f3n<\/li>\n<li>triturable<\/li>\n<li>Lavar a mano con agua fr\u00eda, secar al aire. No usar lej\u00eda, planchar ni limpiar en seco.<\/li>\n<\/ul>\n","protected":false},"featured_media":16287,"template":"","meta":[],"product_cat":[94,117,114],"product_tag":[],"class_list":{"0":"post-12693","1":"product","2":"type-product","3":"status-publish","4":"has-post-thumbnail","6":"product_brand-sunday-afternoons","7":"product_cat-productos","8":"product_cat-sombreros","9":"product_cat-sombreros-y-gorras","11":"first","12":"instock","13":"shipping-taxable","14":"purchasable","15":"product-type-variable","16":"has-default-attributes"},"_links":{"self":[{"href":"https:\/\/theoutdoorshubgt.com\/shop\/index.php\/wp-json\/wp\/v2\/product\/12693","targetHints":{"allow":["GET"]}}],"collection":[{"href":"https:\/\/theoutdoorshubgt.com\/shop\/index.php\/wp-json\/wp\/v2\/product"}],"about":[{"href":"https:\/\/theoutdoorshubgt.com\/shop\/index.php\/wp-json\/wp\/v2\/types\/product"}],"wp:featuredmedia":[{"embeddable":true,"href":"https:\/\/theoutdoorshubgt.com\/shop\/index.php\/wp-json\/wp\/v2\/media\/16287"}],"wp:attachment":[{"href":"https:\/\/theoutdoorshubgt.com\/shop\/index.php\/wp-json\/wp\/v2\/media?parent=12693"}],"wp:term":[{"taxonomy":"product_cat","embeddable":true,"href":"https:\/\/theoutdoorshubgt.com\/shop\/index.php\/wp-json\/wp\/v2\/product_cat?post=12693"},{"taxonomy":"product_tag","embeddable":true,"href":"https:\/\/theoutdoorshubgt.com\/shop\/index.php\/wp-json\/wp\/v2\/product_tag?post=12693"}],"curies":[{"name":"wp","href":"https:\/\/api.w.org\/{rel}","templated":true}]}}