{"id":12711,"date":"2024-10-14T22:25:32","date_gmt":"2024-10-15T04:25:32","guid":{"rendered":"https:\/\/theoutdoorshubgt.com\/shop\/index.php\/product\/sa-alpine-tundra-cap-sms-l-quarry\/"},"modified":"2024-12-12T17:56:05","modified_gmt":"2024-12-12T23:56:05","slug":"sa-alpine-tundra-cap-sms-l-quarry","status":"publish","type":"product","link":"https:\/\/theoutdoorshubgt.com\/shop\/index.php\/product\/sa-alpine-tundra-cap-sms-l-quarry\/","title":{"rendered":"SUNDAY AFTERNOONS ALPINE TUNDRA CAP SMS L QUARRY"},"content":{"rendered":"<p>Las temperaturas fr\u00edas no afectar\u00e1n tu estilo cuando uses la gorra Alpine Tundra. La calidez permanece con el aislamiento Cross Core\u2122 Aerogel, mientras que el acogedor forro de franela te mantiene calentito. Las orejeras a prueba de viento BreezeBlocker\u2122 de esta gorra accesible de perfil bajo se pueden plegar hacia arriba y hacia afuera cuando las temperaturas aumentan. Fabricada con contenido reciclado y un acabado repelente al agua duradero con PFAS, esta c\u00e1lida gorra tambi\u00e9n tiene una clasificaci\u00f3n UPF 50+.<\/p>\n","protected":false},"excerpt":{"rendered":"<ul>\n<li>Aislamiento PrimaLoft\u00ae con tecnolog\u00eda Cross Core\u2122<\/li>\n<li>Tejido del cuerpo principal 100% reciclado<\/li>\n<li>Tejido resistente al viento<\/li>\n<li>ala de 2\u00bd&#8221;<\/li>\n<li>Forro de franela para mayor calidez.<\/li>\n<li>Las orejeras de lana a prueba de viento BreezeBlocker\u2122 se pueden usar hacia arriba o hacia abajo<\/li>\n<li>Acabado repelente al agua duradero sin PFAS<\/li>\n<li>Tama\u00f1o ajustable<\/li>\n<li>Clasificaci\u00f3n solar UPF 50+<\/li>\n<li>Peso: 4oz\/113g<\/li>\n<li>Exterior: 100% poli\u00e9ster, relleno: 100% poli\u00e9ster<\/li>\n<li>Se empaqueta de forma plana, no doble ni arrugue el borde.<\/li>\n<li>Lavar a mano con agua fr\u00eda, secar al aire. No usar lej\u00eda, planchar ni limpiar en seco.<\/li>\n<\/ul>\n","protected":false},"featured_media":16278,"template":"","meta":[],"product_cat":[116,94,114],"product_tag":[],"class_list":{"0":"post-12711","1":"product","2":"type-product","3":"status-publish","4":"has-post-thumbnail","6":"product_brand-sunday-afternoons","7":"product_cat-gorras","8":"product_cat-productos","9":"product_cat-sombreros-y-gorras","11":"first","12":"instock","13":"shipping-taxable","14":"purchasable","15":"product-type-simple"},"_links":{"self":[{"href":"https:\/\/theoutdoorshubgt.com\/shop\/index.php\/wp-json\/wp\/v2\/product\/12711","targetHints":{"allow":["GET"]}}],"collection":[{"href":"https:\/\/theoutdoorshubgt.com\/shop\/index.php\/wp-json\/wp\/v2\/product"}],"about":[{"href":"https:\/\/theoutdoorshubgt.com\/shop\/index.php\/wp-json\/wp\/v2\/types\/product"}],"wp:featuredmedia":[{"embeddable":true,"href":"https:\/\/theoutdoorshubgt.com\/shop\/index.php\/wp-json\/wp\/v2\/media\/16278"}],"wp:attachment":[{"href":"https:\/\/theoutdoorshubgt.com\/shop\/index.php\/wp-json\/wp\/v2\/media?parent=12711"}],"wp:term":[{"taxonomy":"product_cat","embeddable":true,"href":"https:\/\/theoutdoorshubgt.com\/shop\/index.php\/wp-json\/wp\/v2\/product_cat?post=12711"},{"taxonomy":"product_tag","embeddable":true,"href":"https:\/\/theoutdoorshubgt.com\/shop\/index.php\/wp-json\/wp\/v2\/product_tag?post=12711"}],"curies":[{"name":"wp","href":"https:\/\/api.w.org\/{rel}","templated":true}]}}