{"id":12720,"date":"2024-10-14T22:25:38","date_gmt":"2024-10-15T04:25:38","guid":{"rendered":"https:\/\/theoutdoorshubgt.com\/shop\/?post_type=product&#038;p=12720"},"modified":"2024-12-12T18:24:39","modified_gmt":"2024-12-13T00:24:39","slug":"sa-charter-breeze-hat-l-cream","status":"publish","type":"product","link":"https:\/\/theoutdoorshubgt.com\/shop\/index.php\/product\/sa-charter-breeze-hat-l-cream\/","title":{"rendered":"SUNDAY AFTERNOONS CHARTER BREEZE"},"content":{"rendered":"<p>La m\u00e1xima ventilaci\u00f3n y la clasificaci\u00f3n solar UPF 50+ har\u00e1n del Charter Breeze Hat tu compa\u00f1ero favorito para aventuras al aire libre. Con una elegante silueta de sombrero de fieltro y Sunglass Lock\u2122 en la parte delantera y trasera para mantener las gafas firmemente en su lugar, este ganador incluso flota en el agua. El tama\u00f1o interior ajustable significa que se ajustar\u00e1 perfectamente sin perder su forma, y \u200b\u200buna correa para la barbilla extra\u00edble incluso se puede guardar en el bolsillo oculto de la corona.<\/p>\n","protected":false},"excerpt":{"rendered":"<ul>\n<li>Clasificaci\u00f3n solar UPF 50+ (incluye malla)<\/li>\n<li>ala de 3&#8243;<\/li>\n<li>Sunglass Lock\u2122 mantiene las gafas en su lugar<\/li>\n<li>Flota en el agua<\/li>\n<li>Bolsillo oculto en la corona<\/li>\n<li>Acabado repelente al agua duradero sin PFAS<\/li>\n<li>Banda para el sudor absorbente<\/li>\n<li>Barboquejo ajustable<\/li>\n<li>Tama\u00f1o interno ajustable<\/li>\n<li>tela del cuerpo principal bluesign\u00ae<\/li>\n<li>Patente pendiente<\/li>\n<li>Embalaje: Se empaqueta de forma plana, no doble ni arrugue el borde.<\/li>\n<li>Peso: 4,6 onzas\/130,5 g<\/li>\n<li>Cuerpo: 100 % nailon\u00a0Malla de la corona: 100 % poli\u00e9ster<\/li>\n<li>Se empaqueta de forma plana, no doble ni arrugue el borde.<\/li>\n<li>Lavar a mano con agua fr\u00eda, secar al aire. No usar lej\u00eda, planchar ni limpiar en seco.<\/li>\n<\/ul>\n","protected":false},"featured_media":16295,"template":"","meta":[],"product_cat":[94,117,114],"product_tag":[],"class_list":{"0":"post-12720","1":"product","2":"type-product","3":"status-publish","4":"has-post-thumbnail","6":"product_brand-sunday-afternoons","7":"product_cat-productos","8":"product_cat-sombreros","9":"product_cat-sombreros-y-gorras","11":"first","12":"instock","13":"shipping-taxable","14":"purchasable","15":"product-type-variable","16":"has-default-attributes"},"_links":{"self":[{"href":"https:\/\/theoutdoorshubgt.com\/shop\/index.php\/wp-json\/wp\/v2\/product\/12720","targetHints":{"allow":["GET"]}}],"collection":[{"href":"https:\/\/theoutdoorshubgt.com\/shop\/index.php\/wp-json\/wp\/v2\/product"}],"about":[{"href":"https:\/\/theoutdoorshubgt.com\/shop\/index.php\/wp-json\/wp\/v2\/types\/product"}],"wp:featuredmedia":[{"embeddable":true,"href":"https:\/\/theoutdoorshubgt.com\/shop\/index.php\/wp-json\/wp\/v2\/media\/16295"}],"wp:attachment":[{"href":"https:\/\/theoutdoorshubgt.com\/shop\/index.php\/wp-json\/wp\/v2\/media?parent=12720"}],"wp:term":[{"taxonomy":"product_cat","embeddable":true,"href":"https:\/\/theoutdoorshubgt.com\/shop\/index.php\/wp-json\/wp\/v2\/product_cat?post=12720"},{"taxonomy":"product_tag","embeddable":true,"href":"https:\/\/theoutdoorshubgt.com\/shop\/index.php\/wp-json\/wp\/v2\/product_tag?post=12720"}],"curies":[{"name":"wp","href":"https:\/\/api.w.org\/{rel}","templated":true}]}}