{"id":12726,"date":"2024-10-14T22:25:42","date_gmt":"2024-10-15T04:25:42","guid":{"rendered":"https:\/\/theoutdoorshubgt.com\/shop\/index.php\/product\/sa-bug-free-adventure-hat-tan-graphite-l-xl\/"},"modified":"2026-03-04T18:57:50","modified_gmt":"2026-03-05T00:57:50","slug":"sa-bug-free-adventure-hat-tan-graphite-l-xl","status":"publish","type":"product","link":"https:\/\/theoutdoorshubgt.com\/shop\/index.php\/product\/sa-bug-free-adventure-hat-tan-graphite-l-xl\/","title":{"rendered":"SUNDAY AFTERNOONS BUG-FREE ADVENTURE HAT TAN\/GRAPHITE L\/XL"},"content":{"rendered":"<p>El sombrero que empez\u00f3 todo, \u00a1ahora con tecnolog\u00eda repelente de insectos! Si te encanta nuestro Adventure Hat, adorar\u00e1s al miembro m\u00e1s nuevo de la familia. El Bug Free Adventure Hat tiene todas las caracter\u00edsticas que esperas de nuestra silueta distintiva: protecci\u00f3n solar UPF 50+, banda absorbente para el sudor, tama\u00f1o y barbilla ajustables, adem\u00e1s de ventilaci\u00f3n estrat\u00e9gica en la corona. Hemos agregado No Fly Zone\u00ae registrada por la EPA a la tela del cuerpo principal para repeler insectos y que puedas coexistir con el mundo natural c\u00f3modamente.<\/p>\n","protected":false},"excerpt":{"rendered":"<ul>\n<li>Clasificaci\u00f3n solar UPF 50+ (malla no clasificada)<\/li>\n<li>Capa de ala de 4&#8243; y cuello de 7\u00bd&#8221;<\/li>\n<li>La tela No Fly Zone\u00ae registrada por la EPA repele insectos<\/li>\n<li>Ventilaci\u00f3n estrat\u00e9gica de la corona<\/li>\n<li>Flota en el agua<\/li>\n<li>Banda para el sudor absorbente<\/li>\n<li>Barboquejo ajustable<\/li>\n<li>Tama\u00f1o ajustable<\/li>\n<li>Embalaje: Se empaqueta de forma plana, no doble ni arrugue el borde.<\/li>\n<li>Peso: 3,9 onzas\/110,8 g<\/li>\n<li>Cuerpo: 100% nailon Malla de corona: 100% poli\u00e9ster<\/li>\n<li>Se empaqueta de forma plana, no doble ni arrugue el borde.<\/li>\n<li>Lavar a mano con agua fr\u00eda, secar al aire. No usar lej\u00eda, planchar ni limpiar en seco.<\/li>\n<\/ul>\n","protected":false},"featured_media":16291,"template":"","meta":[],"product_cat":[94,117,114],"product_tag":[],"class_list":{"0":"post-12726","1":"product","2":"type-product","3":"status-publish","4":"has-post-thumbnail","6":"product_brand-sunday-afternoons","7":"product_cat-productos","8":"product_cat-sombreros","9":"product_cat-sombreros-y-gorras","11":"first","12":"outofstock","13":"shipping-taxable","14":"purchasable","15":"product-type-simple"},"_links":{"self":[{"href":"https:\/\/theoutdoorshubgt.com\/shop\/index.php\/wp-json\/wp\/v2\/product\/12726","targetHints":{"allow":["GET"]}}],"collection":[{"href":"https:\/\/theoutdoorshubgt.com\/shop\/index.php\/wp-json\/wp\/v2\/product"}],"about":[{"href":"https:\/\/theoutdoorshubgt.com\/shop\/index.php\/wp-json\/wp\/v2\/types\/product"}],"wp:featuredmedia":[{"embeddable":true,"href":"https:\/\/theoutdoorshubgt.com\/shop\/index.php\/wp-json\/wp\/v2\/media\/16291"}],"wp:attachment":[{"href":"https:\/\/theoutdoorshubgt.com\/shop\/index.php\/wp-json\/wp\/v2\/media?parent=12726"}],"wp:term":[{"taxonomy":"product_cat","embeddable":true,"href":"https:\/\/theoutdoorshubgt.com\/shop\/index.php\/wp-json\/wp\/v2\/product_cat?post=12726"},{"taxonomy":"product_tag","embeddable":true,"href":"https:\/\/theoutdoorshubgt.com\/shop\/index.php\/wp-json\/wp\/v2\/product_tag?post=12726"}],"curies":[{"name":"wp","href":"https:\/\/api.w.org\/{rel}","templated":true}]}}