{"id":12734,"date":"2024-10-14T22:25:49","date_gmt":"2024-10-15T04:25:49","guid":{"rendered":"https:\/\/theoutdoorshubgt.com\/shop\/index.php\/product\/sa-clear-creek-boonie-blue-meadow-m-sms\/"},"modified":"2026-05-02T17:44:54","modified_gmt":"2026-05-02T23:44:54","slug":"sa-clear-creek-boonie-blue-meadow-m-sms","status":"publish","type":"product","link":"https:\/\/theoutdoorshubgt.com\/shop\/index.php\/product\/sa-clear-creek-boonie-blue-meadow-m-sms\/","title":{"rendered":"SUNDAY AFTERNOONS CLEAR CREEK BOONIE BLUE MEADOW M SMS"},"content":{"rendered":"<p>Se\u00f1oras, sabemos que les gustan las opciones, por eso hemos dise\u00f1ado nuestro Clear Creek Boonie reversible para brindarles dos estilos en uno. Saca un lado para dar un paseo por la naturaleza y luego dale la vuelta cuando llegues a la cafeter\u00eda; ambos lados cuentan con telas de alto rendimiento que se ven y se sienten geniales. El cord\u00f3n ajustable marca un ajuste c\u00f3modo y personalizado. La correa para la barbilla lo mantiene cerca cuando est\u00e1s en movimiento pero se suelta cuando llega el momento de relajarte. \u00bfVas a alguna parte? El Clear Creek se incluye completamente en su itinerario de viaje.<\/p>\n","protected":false},"excerpt":{"rendered":"<ul>\n<li>Clasificaci\u00f3n solar UPF 50+<\/li>\n<li>Ala aplastable de 3&#8243;<\/li>\n<li>Reversible para dos opciones de color.<\/li>\n<li>Barboquejo removible<\/li>\n<li>Tama\u00f1o ajustable<\/li>\n<li>Peso: 3,1 onzas\/87,9 gramos<\/li>\n<li>88% nailon, 12% poli\u00e9ster<\/li>\n<li>Aplastable<\/li>\n<li>Lavar a mano con agua fr\u00eda, secar al aire. No usar lej\u00eda, planchar ni limpiar en seco.<\/li>\n<\/ul>\n<div id=\"simple-translate\" class=\"simple-translate-system-theme\">\n<div>\n<div class=\"simple-translate-button isShow\" style=\"background-image: url('chrome-extension:\/\/cllnohpbfenopiakdcjmjcbaeapmkcdl\/icons\/512.png'); height: 22px; width: 22px; top: 125px; left: 54px;\"><\/div>\n<div class=\"simple-translate-panel \" style=\"width: 300px; height: 200px; top: 0px; left: 0px; font-size: 13px;\">\n<div class=\"simple-translate-result-wrapper\" style=\"overflow: hidden;\">\n<div class=\"simple-translate-move\" draggable=\"true\"><\/div>\n<div class=\"simple-translate-result-contents\">\n<p class=\"simple-translate-candidate\" dir=\"auto\">\n<\/div>\n<\/div>\n<\/div>\n<\/div>\n<\/div>\n","protected":false},"featured_media":16308,"template":"","meta":[],"product_cat":[94,117,114],"product_tag":[],"class_list":{"0":"post-12734","1":"product","2":"type-product","3":"status-publish","4":"has-post-thumbnail","6":"product_brand-sunday-afternoons","7":"product_cat-productos","8":"product_cat-sombreros","9":"product_cat-sombreros-y-gorras","11":"first","12":"instock","13":"shipping-taxable","14":"purchasable","15":"product-type-simple"},"_links":{"self":[{"href":"https:\/\/theoutdoorshubgt.com\/shop\/index.php\/wp-json\/wp\/v2\/product\/12734","targetHints":{"allow":["GET"]}}],"collection":[{"href":"https:\/\/theoutdoorshubgt.com\/shop\/index.php\/wp-json\/wp\/v2\/product"}],"about":[{"href":"https:\/\/theoutdoorshubgt.com\/shop\/index.php\/wp-json\/wp\/v2\/types\/product"}],"wp:featuredmedia":[{"embeddable":true,"href":"https:\/\/theoutdoorshubgt.com\/shop\/index.php\/wp-json\/wp\/v2\/media\/16308"}],"wp:attachment":[{"href":"https:\/\/theoutdoorshubgt.com\/shop\/index.php\/wp-json\/wp\/v2\/media?parent=12734"}],"wp:term":[{"taxonomy":"product_cat","embeddable":true,"href":"https:\/\/theoutdoorshubgt.com\/shop\/index.php\/wp-json\/wp\/v2\/product_cat?post=12734"},{"taxonomy":"product_tag","embeddable":true,"href":"https:\/\/theoutdoorshubgt.com\/shop\/index.php\/wp-json\/wp\/v2\/product_tag?post=12734"}],"curies":[{"name":"wp","href":"https:\/\/api.w.org\/{rel}","templated":true}]}}