{"id":12745,"date":"2024-10-14T22:25:52","date_gmt":"2024-10-15T04:25:52","guid":{"rendered":"https:\/\/theoutdoorshubgt.com\/shop\/index.php\/product\/sa-daydream-bucket-vapor-blue-natural-grass-mat-s\/"},"modified":"2024-12-16T18:06:28","modified_gmt":"2024-12-17T00:06:28","slug":"sa-daydream-bucket-vapor-blue-natural-grass-mat-s","status":"publish","type":"product","link":"https:\/\/theoutdoorshubgt.com\/shop\/index.php\/product\/sa-daydream-bucket-vapor-blue-natural-grass-mat-s\/","title":{"rendered":"SUNDAY AFTERNOONS DAYDREAM BUCKET VAPOR BLUE\/NATURAL"},"content":{"rendered":"<p>\u00a1Aqu\u00ed tienes el compa\u00f1ero de verano relajado que estabas buscando! El dise\u00f1o reversible del Daydream presenta un color s\u00f3lido sensato en un lado y un patr\u00f3n divertido en el otro cuando est\u00e9s listo para mostrar tu lado divertido. Espera un momento, \u00bfqu\u00e9 pasa con el barbijo? Est\u00e1 dise\u00f1ado para separarse para que puedas usarlo en ambos lados o quitarlo por completo. El lado s\u00f3lido incluye un lugar seguro para guardar las gafas de sol cuando se las quita. Con un ajuste c\u00f3modo y el\u00e1stico, un tejido resistente al agua y a las manchas que juega tan duro como t\u00fa y una f\u00e1cil capacidad de empaquetamiento, est\u00e1s listo para esos interminables d\u00edas de verano.<\/p>\n","protected":false},"excerpt":{"rendered":"<ul>\n<li>Clasificaci\u00f3n solar UPF 50+<\/li>\n<li>Ala inclinada de 2\u00be&#8221;<\/li>\n<li>Reversible para dos opciones de color.<\/li>\n<li>Sunglass Lock\u2122 mantiene las gafas en su lugar<\/li>\n<li>Resistente al agua y a las manchas<\/li>\n<li>Barboquejo removible<\/li>\n<li>Ajuste el\u00e1stico c\u00f3modo.<\/li>\n<li>Paquetes para viajar<\/li>\n<li>Tela del cuerpo principal bluesign\u00ae<\/li>\n<li>Peso: 2,1 onzas\/59,5 gramos<\/li>\n<li>Exterior: 100% nailon; Forro: 100% poli\u00e9ster<\/li>\n<li>triturable<\/li>\n<li>Lavar a mano con agua fr\u00eda, secar al aire. No usar lej\u00eda, planchar ni limpiar en seco.<\/li>\n<\/ul>\n","protected":false},"featured_media":16341,"template":"","meta":[],"product_cat":[94,117,114],"product_tag":[],"class_list":{"0":"post-12745","1":"product","2":"type-product","3":"status-publish","4":"has-post-thumbnail","6":"product_brand-sunday-afternoons","7":"product_cat-productos","8":"product_cat-sombreros","9":"product_cat-sombreros-y-gorras","11":"first","12":"instock","13":"shipping-taxable","14":"purchasable","15":"product-type-simple"},"_links":{"self":[{"href":"https:\/\/theoutdoorshubgt.com\/shop\/index.php\/wp-json\/wp\/v2\/product\/12745","targetHints":{"allow":["GET"]}}],"collection":[{"href":"https:\/\/theoutdoorshubgt.com\/shop\/index.php\/wp-json\/wp\/v2\/product"}],"about":[{"href":"https:\/\/theoutdoorshubgt.com\/shop\/index.php\/wp-json\/wp\/v2\/types\/product"}],"wp:featuredmedia":[{"embeddable":true,"href":"https:\/\/theoutdoorshubgt.com\/shop\/index.php\/wp-json\/wp\/v2\/media\/16341"}],"wp:attachment":[{"href":"https:\/\/theoutdoorshubgt.com\/shop\/index.php\/wp-json\/wp\/v2\/media?parent=12745"}],"wp:term":[{"taxonomy":"product_cat","embeddable":true,"href":"https:\/\/theoutdoorshubgt.com\/shop\/index.php\/wp-json\/wp\/v2\/product_cat?post=12745"},{"taxonomy":"product_tag","embeddable":true,"href":"https:\/\/theoutdoorshubgt.com\/shop\/index.php\/wp-json\/wp\/v2\/product_tag?post=12745"}],"curies":[{"name":"wp","href":"https:\/\/api.w.org\/{rel}","templated":true}]}}