{"id":12758,"date":"2024-10-14T22:25:58","date_gmt":"2024-10-15T04:25:58","guid":{"rendered":"https:\/\/theoutdoorshubgt.com\/shop\/index.php\/product\/sa-kids-artist-series-trucker-kids-pond-party-m\/"},"modified":"2025-01-05T16:44:45","modified_gmt":"2025-01-05T22:44:45","slug":"sa-kids-artist-series-trucker-kids-pond-party-m","status":"publish","type":"product","link":"https:\/\/theoutdoorshubgt.com\/shop\/index.php\/product\/sa-kids-artist-series-trucker-kids-pond-party-m\/","title":{"rendered":"SUNDAY AFTERNOONS KIDS ARTIST SERIES TRUCKER KIDS POND PARTY"},"content":{"rendered":"<p>Con un dise\u00f1o m\u00e1gico de la artista Acacia Lacy, el Pond Party Trucker seguramente har\u00e1 las delicias de los ni\u00f1os y de todos los que conozcan. Con un estilo camionero cl\u00e1sico y caracter\u00edsticas t\u00e9cnicas modernas, como un ala bluesign\u00ae, una banda absorbente para el sudor y ventilaci\u00f3n de malla, estas gorras hacen que cada d\u00eda se sienta como una aventura al aire libre.<\/p>\n","protected":false},"excerpt":{"rendered":"<ul>\n<li>Ala de 2&#8243;<\/li>\n<li>Ventilaci\u00f3n estrat\u00e9gica de la corona<\/li>\n<li>Obra de arte de edici\u00f3n limitada<\/li>\n<li>Banda para el sudor absorbente<\/li>\n<li>Tama\u00f1o ajustable<\/li>\n<li>Ala: 100% Algod\u00f3n; Corona delantera: 100% poli\u00e9ster; Malla de corona: 100% poli\u00e9ster<\/li>\n<li>Empacar con cuidado<\/li>\n<li>Lavar a mano con agua fr\u00eda, secar al aire. No usar lej\u00eda, planchar ni limpiar en seco.<\/li>\n<\/ul>\n","protected":false},"featured_media":16368,"template":"","meta":[],"product_cat":[116,94,363,114],"product_tag":[],"class_list":{"0":"post-12758","1":"product","2":"type-product","3":"status-publish","4":"has-post-thumbnail","6":"product_brand-sunday-afternoons","7":"product_cat-gorras","8":"product_cat-productos","9":"product_cat-sombreros-para-ninos","10":"product_cat-sombreros-y-gorras","12":"first","13":"instock","14":"shipping-taxable","15":"purchasable","16":"product-type-simple"},"_links":{"self":[{"href":"https:\/\/theoutdoorshubgt.com\/shop\/index.php\/wp-json\/wp\/v2\/product\/12758","targetHints":{"allow":["GET"]}}],"collection":[{"href":"https:\/\/theoutdoorshubgt.com\/shop\/index.php\/wp-json\/wp\/v2\/product"}],"about":[{"href":"https:\/\/theoutdoorshubgt.com\/shop\/index.php\/wp-json\/wp\/v2\/types\/product"}],"wp:featuredmedia":[{"embeddable":true,"href":"https:\/\/theoutdoorshubgt.com\/shop\/index.php\/wp-json\/wp\/v2\/media\/16368"}],"wp:attachment":[{"href":"https:\/\/theoutdoorshubgt.com\/shop\/index.php\/wp-json\/wp\/v2\/media?parent=12758"}],"wp:term":[{"taxonomy":"product_cat","embeddable":true,"href":"https:\/\/theoutdoorshubgt.com\/shop\/index.php\/wp-json\/wp\/v2\/product_cat?post=12758"},{"taxonomy":"product_tag","embeddable":true,"href":"https:\/\/theoutdoorshubgt.com\/shop\/index.php\/wp-json\/wp\/v2\/product_tag?post=12758"}],"curies":[{"name":"wp","href":"https:\/\/api.w.org\/{rel}","templated":true}]}}