{"id":12774,"date":"2024-10-14T22:26:02","date_gmt":"2024-10-15T04:26:02","guid":{"rendered":"https:\/\/theoutdoorshubgt.com\/shop\/index.php\/product\/sa-kids-guidepost-reflective-beanie-washed-purple\/"},"modified":"2026-03-04T18:50:43","modified_gmt":"2026-03-05T00:50:43","slug":"sa-kids-guidepost-reflective-beanie-washed-purple","status":"publish","type":"product","link":"https:\/\/theoutdoorshubgt.com\/shop\/index.php\/product\/sa-kids-guidepost-reflective-beanie-washed-purple\/","title":{"rendered":"SUNDAY AFTERNOONS KIDS GUIDEPOST REFLECTIVE BEANIE WASHED PURPLE"},"content":{"rendered":"<p>El clima fr\u00edo requiere capas adicionales, \u00a1y el gorro reflectante Guidepost para ni\u00f1os hace que abrigarse sea a\u00fan m\u00e1s divertido! A los ni\u00f1os les encantar\u00e1 el tejido acr\u00edlico ultrasuave de doble capa. Tambi\u00e9n hay hilo reflectante integrado en el pu\u00f1o y el pomp\u00f3n, para que los padres puedan relajarse cuando la diversi\u00f3n dura despu\u00e9s del anochecer. Este gorro de altura media es plegable y apto para viajes, por lo que puedes guardarlo en cualquier lugar.<\/p>\n","protected":false},"excerpt":{"rendered":"<ul>\n<li>Tejido acr\u00edlico ultrasuave.<\/li>\n<li>Comodidad con aislamiento de doble capa<\/li>\n<li>Hilo reflectante integrado en pu\u00f1os y pompones.<\/li>\n<li>Corona de media altura<\/li>\n<li>Peso: 4,6 oz\/131g<\/li>\n<li>Cuerpo: 90 % acr\u00edlico, 10 % poli\u00e9ster, sin incluir decoraci\u00f3n<\/li>\n<li>triturable<\/li>\n<li>Lavar a mano con agua fr\u00eda, secar al aire. No usar lej\u00eda, planchar ni limpiar en seco.<\/li>\n<\/ul>\n","protected":false},"featured_media":16402,"template":"","meta":[],"product_cat":[115,94,363,114],"product_tag":[],"class_list":{"0":"post-12774","1":"product","2":"type-product","3":"status-publish","4":"has-post-thumbnail","6":"product_brand-sunday-afternoons","7":"product_cat-beanies","8":"product_cat-productos","9":"product_cat-sombreros-para-ninos","10":"product_cat-sombreros-y-gorras","12":"first","13":"outofstock","14":"shipping-taxable","15":"purchasable","16":"product-type-simple"},"_links":{"self":[{"href":"https:\/\/theoutdoorshubgt.com\/shop\/index.php\/wp-json\/wp\/v2\/product\/12774","targetHints":{"allow":["GET"]}}],"collection":[{"href":"https:\/\/theoutdoorshubgt.com\/shop\/index.php\/wp-json\/wp\/v2\/product"}],"about":[{"href":"https:\/\/theoutdoorshubgt.com\/shop\/index.php\/wp-json\/wp\/v2\/types\/product"}],"wp:featuredmedia":[{"embeddable":true,"href":"https:\/\/theoutdoorshubgt.com\/shop\/index.php\/wp-json\/wp\/v2\/media\/16402"}],"wp:attachment":[{"href":"https:\/\/theoutdoorshubgt.com\/shop\/index.php\/wp-json\/wp\/v2\/media?parent=12774"}],"wp:term":[{"taxonomy":"product_cat","embeddable":true,"href":"https:\/\/theoutdoorshubgt.com\/shop\/index.php\/wp-json\/wp\/v2\/product_cat?post=12774"},{"taxonomy":"product_tag","embeddable":true,"href":"https:\/\/theoutdoorshubgt.com\/shop\/index.php\/wp-json\/wp\/v2\/product_tag?post=12774"}],"curies":[{"name":"wp","href":"https:\/\/api.w.org\/{rel}","templated":true}]}}