{"id":12775,"date":"2024-10-14T22:26:02","date_gmt":"2024-10-15T04:26:02","guid":{"rendered":"https:\/\/theoutdoorshubgt.com\/shop\/index.php\/product\/sa-kids-impulse-cap-gray-large\/"},"modified":"2025-01-05T16:44:45","modified_gmt":"2025-01-05T22:44:45","slug":"sa-kids-impulse-cap-gray-large","status":"publish","type":"product","link":"https:\/\/theoutdoorshubgt.com\/shop\/index.php\/product\/sa-kids-impulse-cap-gray-large\/","title":{"rendered":"SUNDAY AFTERNOONS KIDS IMPULSE CAP GRAY LARGE"},"content":{"rendered":"<p>La gorra para ni\u00f1os cuyo esp\u00edritu libre los lleva a todas partes: \u00bfjuego de pelota? Controlar. \u00bfParque? Controlar. \u00bfPaseo en bicicleta? Controlar. La tela con protecci\u00f3n UV, los paneles de ventilaci\u00f3n y la banda absorbente mantienen a los ni\u00f1os frescos cuando sale el sol; El borde reflectante de alta visibilidad los mantiene seguros cuando se pone el sol.<\/p>\n","protected":false},"excerpt":{"rendered":"<p>Clasificaci\u00f3n solar UPF 50+<br \/>\nAla de 2\u00bd&#8221;x7\u00bd&#8221;<br \/>\nVentilaci\u00f3n de corona UPF 50+<br \/>\nBanda para el sudor que absorbe la humedad<br \/>\nDetalles de seguridad reflectantes retro de alta visibilidad<br \/>\nCorreas ajustables\/banda el\u00e1stica de tama\u00f1o.<br \/>\nMicrofibra ultraligera.<br \/>\nTama\u00f1o ajustable y c\u00f3modo el\u00e1stico.<br \/>\nEl ala inferior oscura reduce el deslumbramiento<br \/>\nDise\u00f1ado en Estados Unidos\/importado.<br \/>\nPeso: 1,9 onzas\/53,9 gramos<br \/>\n100% poli\u00e9ster<br \/>\nSe empaqueta de forma plana, no doble ni arrugue el borde.<br \/>\nLavar a mano con agua fr\u00eda, secar al aire. No usar lej\u00eda, planchar ni limpiar en seco.<\/p>\n","protected":false},"featured_media":16405,"template":"","meta":[],"product_cat":[116,94,363,114],"product_tag":[],"class_list":{"0":"post-12775","1":"product","2":"type-product","3":"status-publish","4":"has-post-thumbnail","6":"product_brand-sunday-afternoons","7":"product_cat-gorras","8":"product_cat-productos","9":"product_cat-sombreros-para-ninos","10":"product_cat-sombreros-y-gorras","12":"first","13":"instock","14":"shipping-taxable","15":"purchasable","16":"product-type-simple"},"_links":{"self":[{"href":"https:\/\/theoutdoorshubgt.com\/shop\/index.php\/wp-json\/wp\/v2\/product\/12775","targetHints":{"allow":["GET"]}}],"collection":[{"href":"https:\/\/theoutdoorshubgt.com\/shop\/index.php\/wp-json\/wp\/v2\/product"}],"about":[{"href":"https:\/\/theoutdoorshubgt.com\/shop\/index.php\/wp-json\/wp\/v2\/types\/product"}],"wp:featuredmedia":[{"embeddable":true,"href":"https:\/\/theoutdoorshubgt.com\/shop\/index.php\/wp-json\/wp\/v2\/media\/16405"}],"wp:attachment":[{"href":"https:\/\/theoutdoorshubgt.com\/shop\/index.php\/wp-json\/wp\/v2\/media?parent=12775"}],"wp:term":[{"taxonomy":"product_cat","embeddable":true,"href":"https:\/\/theoutdoorshubgt.com\/shop\/index.php\/wp-json\/wp\/v2\/product_cat?post=12775"},{"taxonomy":"product_tag","embeddable":true,"href":"https:\/\/theoutdoorshubgt.com\/shop\/index.php\/wp-json\/wp\/v2\/product_tag?post=12775"}],"curies":[{"name":"wp","href":"https:\/\/api.w.org\/{rel}","templated":true}]}}