{"id":12776,"date":"2024-10-14T22:26:03","date_gmt":"2024-10-15T04:26:03","guid":{"rendered":"https:\/\/theoutdoorshubgt.com\/shop\/index.php\/product\/sa-kids-natural-blend-bucket-banana-split-birch-m\/"},"modified":"2025-01-05T16:44:44","modified_gmt":"2025-01-05T22:44:44","slug":"sa-kids-natural-blend-bucket-banana-split-birch-m","status":"publish","type":"product","link":"https:\/\/theoutdoorshubgt.com\/shop\/index.php\/product\/sa-kids-natural-blend-bucket-banana-split-birch-m\/","title":{"rendered":"SUNDAY AFTERNOONS KIDS NATURAL BLEND BUCKET BANANA SPLIT\/BIRCH M"},"content":{"rendered":"<p>\u00a1El cubo de mezcla natural para ni\u00f1os es dos sombreros en uno para duplicar la diversi\u00f3n! Reversible, esta gorra est\u00e1 confeccionada con tejido de algod\u00f3n natural\/poli\u00e9ster reciclado en el lado liso y 100% poli\u00e9ster reciclado en el lado estampado. Adem\u00e1s, es repelente al agua duradero sin PFAS, tiene protecci\u00f3n solar UPF 50+ y cuenta con nuestra correa de barbilla separable SmartStrap\u00ae.<\/p>\n","protected":false},"excerpt":{"rendered":"<ul>\n<li>Clasificaci\u00f3n solar UPF 50+<\/li>\n<li>Ala plegable de 2\u00be&#8221; (7 cm)<\/li>\n<li>Exterior de poli\u00e9ster reciclado, interior de algod\u00f3n natural\/poli\u00e9ster reciclado.<\/li>\n<li>Reversible para dos maneras de usar.<\/li>\n<li>Barboquejo separable SmartStrap\u00ae<\/li>\n<li>Repelente al agua duradero (DWR) sin PFAS<\/li>\n<li>Talla ajustable y c\u00f3moda y el\u00e1stica.<\/li>\n<li>El dise\u00f1o triturable es ideal para viajar<\/li>\n<li>Patente de EE. UU. 10.932.512<\/li>\n<li>Cuerpo A: 100% Poli\u00e9ster; Cuerpo B: 52 % algod\u00f3n\/48 % poli\u00e9ster, sin incluir decoraci\u00f3n<\/li>\n<li>Lavar a mano con agua fr\u00eda, secar al aire. No usar lej\u00eda, planchar ni limpiar en seco.<\/li>\n<\/ul>\n","protected":false},"featured_media":16410,"template":"","meta":[],"product_cat":[94,117,363,114],"product_tag":[],"class_list":{"0":"post-12776","1":"product","2":"type-product","3":"status-publish","4":"has-post-thumbnail","6":"product_brand-sunday-afternoons","7":"product_cat-productos","8":"product_cat-sombreros","9":"product_cat-sombreros-para-ninos","10":"product_cat-sombreros-y-gorras","12":"first","13":"instock","14":"shipping-taxable","15":"purchasable","16":"product-type-simple"},"_links":{"self":[{"href":"https:\/\/theoutdoorshubgt.com\/shop\/index.php\/wp-json\/wp\/v2\/product\/12776","targetHints":{"allow":["GET"]}}],"collection":[{"href":"https:\/\/theoutdoorshubgt.com\/shop\/index.php\/wp-json\/wp\/v2\/product"}],"about":[{"href":"https:\/\/theoutdoorshubgt.com\/shop\/index.php\/wp-json\/wp\/v2\/types\/product"}],"wp:featuredmedia":[{"embeddable":true,"href":"https:\/\/theoutdoorshubgt.com\/shop\/index.php\/wp-json\/wp\/v2\/media\/16410"}],"wp:attachment":[{"href":"https:\/\/theoutdoorshubgt.com\/shop\/index.php\/wp-json\/wp\/v2\/media?parent=12776"}],"wp:term":[{"taxonomy":"product_cat","embeddable":true,"href":"https:\/\/theoutdoorshubgt.com\/shop\/index.php\/wp-json\/wp\/v2\/product_cat?post=12776"},{"taxonomy":"product_tag","embeddable":true,"href":"https:\/\/theoutdoorshubgt.com\/shop\/index.php\/wp-json\/wp\/v2\/product_tag?post=12776"}],"curies":[{"name":"wp","href":"https:\/\/api.w.org\/{rel}","templated":true}]}}