{"id":12780,"date":"2024-10-14T22:26:07","date_gmt":"2024-10-15T04:26:07","guid":{"rendered":"https:\/\/theoutdoorshubgt.com\/shop\/?post_type=product&#038;p=12780"},"modified":"2025-01-05T16:44:44","modified_gmt":"2025-01-05T22:44:44","slug":"sa-kids-ultra-adventure-hat-cinder-blue-mountain","status":"publish","type":"product","link":"https:\/\/theoutdoorshubgt.com\/shop\/index.php\/product\/sa-kids-ultra-adventure-hat-cinder-blue-mountain\/","title":{"rendered":"SUNDAY AFTERNOONS KIDS ULTRA ADVENTURE HAT"},"content":{"rendered":"<p>Nuestro objetivo es ayudar a toda la familia a disfrutar de la aventura, por eso hemos reinterpretado nuestro sombrero Ultra Adventure m\u00e1s vendido solo para ni\u00f1os. Este sombrero vers\u00e1til ofrece protecci\u00f3n solar UPF 50+, ventilaci\u00f3n en la corona y una c\u00f3moda banda para el sudor. Confeccionado con un tejido del cuerpo principal bluesign\u00ae con un repelente al agua duradero (DWR) libre de PFAS y respetuoso con el medio ambiente, su ala plegable ayuda a que sea peque\u00f1o. Los paneles reflectantes mantienen a los ni\u00f1os visibles en condiciones de poca luz.<\/p>\n","protected":false},"excerpt":{"rendered":"<ul>\n<li>Clasificaci\u00f3n solar UPF 50+ (incluye malla)<\/li>\n<li>Capa de ala de 3\u00bc&#8221; y cuello de 5\u00bd&#8221;<\/li>\n<li>Detalles reflectantes<\/li>\n<li>Banda para el sudor absorbente<\/li>\n<li>Repelente al agua duradero (DWR) sin PFAS<\/li>\n<li>Tama\u00f1o ajustable<\/li>\n<li>Tela del cuerpo principal bluesign\u00ae<\/li>\n<li>Peso: 2,2 onzas\/62,5 g<\/li>\n<li>Cuerpo: 88 % nailon, 12 % poli\u00e9ster; Malla de corona: 100% poli\u00e9ster<\/li>\n<li>Pliegues en el borde para un embalaje compacto.<\/li>\n<li>Lavar a mano con agua fr\u00eda, secar al aire. No usar lej\u00eda, planchar ni limpiar en seco.<\/li>\n<\/ul>\n","protected":false},"featured_media":16486,"template":"","meta":[],"product_cat":[94,117,363,114],"product_tag":[],"class_list":{"0":"post-12780","1":"product","2":"type-product","3":"status-publish","4":"has-post-thumbnail","6":"product_brand-sunday-afternoons","7":"product_cat-productos","8":"product_cat-sombreros","9":"product_cat-sombreros-para-ninos","10":"product_cat-sombreros-y-gorras","12":"first","13":"instock","14":"shipping-taxable","15":"purchasable","16":"product-type-variable","17":"has-default-attributes"},"_links":{"self":[{"href":"https:\/\/theoutdoorshubgt.com\/shop\/index.php\/wp-json\/wp\/v2\/product\/12780","targetHints":{"allow":["GET"]}}],"collection":[{"href":"https:\/\/theoutdoorshubgt.com\/shop\/index.php\/wp-json\/wp\/v2\/product"}],"about":[{"href":"https:\/\/theoutdoorshubgt.com\/shop\/index.php\/wp-json\/wp\/v2\/types\/product"}],"wp:featuredmedia":[{"embeddable":true,"href":"https:\/\/theoutdoorshubgt.com\/shop\/index.php\/wp-json\/wp\/v2\/media\/16486"}],"wp:attachment":[{"href":"https:\/\/theoutdoorshubgt.com\/shop\/index.php\/wp-json\/wp\/v2\/media?parent=12780"}],"wp:term":[{"taxonomy":"product_cat","embeddable":true,"href":"https:\/\/theoutdoorshubgt.com\/shop\/index.php\/wp-json\/wp\/v2\/product_cat?post=12780"},{"taxonomy":"product_tag","embeddable":true,"href":"https:\/\/theoutdoorshubgt.com\/shop\/index.php\/wp-json\/wp\/v2\/product_tag?post=12780"}],"curies":[{"name":"wp","href":"https:\/\/api.w.org\/{rel}","templated":true}]}}