{"id":12782,"date":"2024-10-14T22:26:07","date_gmt":"2024-10-15T04:26:07","guid":{"rendered":"https:\/\/theoutdoorshubgt.com\/shop\/?post_type=product&#038;p=12782"},"modified":"2025-01-06T17:36:12","modified_gmt":"2025-01-06T23:36:12","slug":"sa-outback-storm-hat-shadow-large","status":"publish","type":"product","link":"https:\/\/theoutdoorshubgt.com\/shop\/index.php\/product\/sa-outback-storm-hat-shadow-large\/","title":{"rendered":"SUNDAY AFTERNOONS OUTBACK STORM HAT"},"content":{"rendered":"<p>Ligero y 100% impermeable, el sombrero Outback Storm es transpirable con una silueta estructurada de sombrero de fieltro. Este estilo cl\u00e1sico, totalmente sellado con un repelente al agua duradero (DWR) sin PFAS, tiene un Reverse Split Brim\u2122, lo que significa que es peque\u00f1o y plano. La copa es plegable, por lo que este sombrero nunca pierde su forma. La clasificaci\u00f3n solar UPF 50+ lo convierte en una opci\u00f3n estelar durante el d\u00eda, y los ribetes reflectantes son \u00fatiles cuando se pone el sol. La correa ajustable para la barbilla mantiene el sombrero en su lugar cuando las aventuras se vuelven ventosas.Tejido 100 % impermeable, transpirable y con costuras totalmente selladas.<br \/>\nMembrana impermeable de 10k que protege de la lluvia y la nieve.<br \/>\nRepelente al agua duradero sin PFAS<br \/>\nClasificaci\u00f3n solar UPF 50+<br \/>\nAla delantera de 3&#8243; (7,5 cm) y ala trasera de 3\u00be&#8221; (9,5 cm)<br \/>\nDetalles reflectantes<br \/>\nReverse Split Brim\u2122 paquetes peque\u00f1os y planos<br \/>\nBarboquejo ajustable<br \/>\nEstructura de ala reforzada<br \/>\nPatentes estadounidenses 10.932.51<br \/>\n2; 10.098.398 y patente pendiente<br \/>\nExterior: 78 % nailon, 22 % poli\u00e9ster, Forro: 100 % poli\u00e9ster, sin incluir decoraci\u00f3n<br \/>\nPliegues en el borde para un embalaje compacto<br \/>\nLavar a mano con agua fr\u00eda, secar al aire. No usar lej\u00eda, planchar ni limpiar en seco.<\/p>\n","protected":false},"excerpt":{"rendered":"<ul>\n<li>Tejido 100 % impermeable, transpirable y con costuras totalmente selladas.<\/li>\n<li>Membrana impermeable de 10k que protege de la lluvia y la nieve.<\/li>\n<li>Repelente al agua duradero sin PFAS<\/li>\n<li>Clasificaci\u00f3n solar UPF 50+<\/li>\n<li>Ala delantera de 3&#8243; (7,5 cm) y ala trasera de 3\u00be&#8221; (9,5 cm)<\/li>\n<li>Detalles reflectantes<\/li>\n<li>Reverse Split Brim\u2122 paquetes peque\u00f1os y planos<\/li>\n<li>Barboquejo ajustable<\/li>\n<li>Estructura de ala reforzada<\/li>\n<li>Patentes estadounidenses 10.932.512; 10.098.398 y patente pendiente<\/li>\n<li>Exterior: 78 % nailon, 22 % poli\u00e9ster, Forro: 100 % poli\u00e9ster, sin incluir decoraci\u00f3n<\/li>\n<li>Pliegues en el borde para un embalaje compacto<\/li>\n<li>Lavar a mano con agua fr\u00eda, secar al aire. No usar lej\u00eda, planchar ni limpiar en seco.<\/li>\n<\/ul>\n","protected":false},"featured_media":16520,"template":"","meta":[],"product_cat":[94,117,114],"product_tag":[],"class_list":{"0":"post-12782","1":"product","2":"type-product","3":"status-publish","4":"has-post-thumbnail","6":"product_brand-sunday-afternoons","7":"product_cat-productos","8":"product_cat-sombreros","9":"product_cat-sombreros-y-gorras","11":"first","12":"instock","13":"shipping-taxable","14":"purchasable","15":"product-type-variable","16":"has-default-attributes"},"_links":{"self":[{"href":"https:\/\/theoutdoorshubgt.com\/shop\/index.php\/wp-json\/wp\/v2\/product\/12782","targetHints":{"allow":["GET"]}}],"collection":[{"href":"https:\/\/theoutdoorshubgt.com\/shop\/index.php\/wp-json\/wp\/v2\/product"}],"about":[{"href":"https:\/\/theoutdoorshubgt.com\/shop\/index.php\/wp-json\/wp\/v2\/types\/product"}],"wp:featuredmedia":[{"embeddable":true,"href":"https:\/\/theoutdoorshubgt.com\/shop\/index.php\/wp-json\/wp\/v2\/media\/16520"}],"wp:attachment":[{"href":"https:\/\/theoutdoorshubgt.com\/shop\/index.php\/wp-json\/wp\/v2\/media?parent=12782"}],"wp:term":[{"taxonomy":"product_cat","embeddable":true,"href":"https:\/\/theoutdoorshubgt.com\/shop\/index.php\/wp-json\/wp\/v2\/product_cat?post=12782"},{"taxonomy":"product_tag","embeddable":true,"href":"https:\/\/theoutdoorshubgt.com\/shop\/index.php\/wp-json\/wp\/v2\/product_tag?post=12782"}],"curies":[{"name":"wp","href":"https:\/\/api.w.org\/{rel}","templated":true}]}}