{"id":12804,"date":"2024-10-14T22:26:11","date_gmt":"2024-10-15T04:26:11","guid":{"rendered":"https:\/\/theoutdoorshubgt.com\/shop\/index.php\/product\/sa-leisure-hat-sms-m-natural-brown\/"},"modified":"2026-03-04T18:48:07","modified_gmt":"2026-03-05T00:48:07","slug":"sa-leisure-hat-sms-m-natural-brown","status":"publish","type":"product","link":"https:\/\/theoutdoorshubgt.com\/shop\/index.php\/product\/sa-leisure-hat-sms-m-natural-brown\/","title":{"rendered":"SUNDAY AFTERNOONS LEISURE HAT SMS M NATURAL\/BROWN"},"content":{"rendered":"<p>Todos los d\u00edas se sentir\u00e1n como unas vacaciones en una isla cuando lleve el sombrero Leisure. Este sombrero de fieltro de paja 100% natural tiene un ala inclinada de tama\u00f1o mediano de 3\u00bd&#8221; con protecci\u00f3n solar m\u00e1xima UPF 50+ en el ala y el forro en la parte superior de la corona. Ya sea que est\u00e9s viviendo una vida real de ocio o simplemente sac\u00e1ndotelo durante el fin de semana, este c\u00f3modo sombrero para el sol tiene un ala inferior oscura para reducir el deslumbramiento y una banda el\u00e1stica absorbente para el sudor para un ajuste personalizado.<\/p>\n","protected":false},"excerpt":{"rendered":"<ul>\n<li>UPF 50+ en el ala y el forro en la parte superior de la corona<\/li>\n<li>Ala inclinada de 3\u00bd&#8221; (8,75 cm)<\/li>\n<li>Paja 100% natural (variaciones de color con paja natural)<\/li>\n<li>El ala inferior oscura reduce el deslumbramiento<\/li>\n<li>Barboquejo ajustable<\/li>\n<li>Tama\u00f1o interno ajustable<\/li>\n<li>Banda para el sudor absorbente<\/li>\n<li>banda para el sudor bluesign\u00ae<\/li>\n<li>Peso: 4 onzas\/113 gramos<\/li>\n<li>Cuerpo: 100% paja, exclusivo de decoraci\u00f3n.<\/li>\n<li>no aplastar<\/li>\n<li>No lavar, usar lej\u00eda, planchar ni limpiar en seco. Evite las condiciones h\u00famedas. Secar al aire libre si est\u00e1 mojado.<\/li>\n<\/ul>\n","protected":false},"featured_media":16511,"template":"","meta":[],"product_cat":[94,117,114],"product_tag":[],"class_list":{"0":"post-12804","1":"product","2":"type-product","3":"status-publish","4":"has-post-thumbnail","6":"product_brand-sunday-afternoons","7":"product_cat-productos","8":"product_cat-sombreros","9":"product_cat-sombreros-y-gorras","11":"first","12":"outofstock","13":"shipping-taxable","14":"purchasable","15":"product-type-simple"},"_links":{"self":[{"href":"https:\/\/theoutdoorshubgt.com\/shop\/index.php\/wp-json\/wp\/v2\/product\/12804","targetHints":{"allow":["GET"]}}],"collection":[{"href":"https:\/\/theoutdoorshubgt.com\/shop\/index.php\/wp-json\/wp\/v2\/product"}],"about":[{"href":"https:\/\/theoutdoorshubgt.com\/shop\/index.php\/wp-json\/wp\/v2\/types\/product"}],"wp:featuredmedia":[{"embeddable":true,"href":"https:\/\/theoutdoorshubgt.com\/shop\/index.php\/wp-json\/wp\/v2\/media\/16511"}],"wp:attachment":[{"href":"https:\/\/theoutdoorshubgt.com\/shop\/index.php\/wp-json\/wp\/v2\/media?parent=12804"}],"wp:term":[{"taxonomy":"product_cat","embeddable":true,"href":"https:\/\/theoutdoorshubgt.com\/shop\/index.php\/wp-json\/wp\/v2\/product_cat?post=12804"},{"taxonomy":"product_tag","embeddable":true,"href":"https:\/\/theoutdoorshubgt.com\/shop\/index.php\/wp-json\/wp\/v2\/product_tag?post=12804"}],"curies":[{"name":"wp","href":"https:\/\/api.w.org\/{rel}","templated":true}]}}