{"id":12805,"date":"2024-10-14T22:26:12","date_gmt":"2024-10-15T04:26:12","guid":{"rendered":"https:\/\/theoutdoorshubgt.com\/shop\/index.php\/product\/sa-luna-hat-natural-m\/"},"modified":"2025-01-05T16:33:51","modified_gmt":"2025-01-05T22:33:51","slug":"sa-luna-hat-natural-m","status":"publish","type":"product","link":"https:\/\/theoutdoorshubgt.com\/shop\/index.php\/product\/sa-luna-hat-natural-m\/","title":{"rendered":"SUNDAY AFTERNOONS LUNA HAT NATURAL M"},"content":{"rendered":"<p>No hay un vestido de verano que a Luna no le guste: solo agr\u00e9gale sandalias y gafas de sol. Una banda para sombrero de cuero genuino con detalles met\u00e1licos adorna esta silueta simple y elegante, mientras que la paleta de colores neutros garantiza que combine con todo en su guardarropa para clima c\u00e1lido. La banda decorativa para el sudor esconde un sistema de tallas ajustable, por lo que adem\u00e1s de lucir genial, puedes tener un ajuste c\u00f3modo y personalizado. Y como es f\u00e1cil de guardar, puede acompa\u00f1arte dondequiera que vayas, desde el Mediterr\u00e1neo hasta el Caribe, hasta ese festival de m\u00fasica y de regreso a casa.<\/p>\n","protected":false},"excerpt":{"rendered":"<ul>\n<li>Clasificaci\u00f3n solar UPF 50+<\/li>\n<li>Ala de 2 \u00bd&#8221;<\/li>\n<li>Tejido de poli\u00e9ster\/papel transpirable*<\/li>\n<li>Paquetes para viajar<\/li>\n<li>Diadema decorativa<\/li>\n<li>Banda para el sudor c\u00f3moda<\/li>\n<li>Tama\u00f1o interno ajustable.<\/li>\n<li>*Evite condiciones de lluvia\/h\u00fameda<\/li>\n<li>Peso: 5,7 onzas\/161,6 gramos<\/li>\n<li>56% Poli\u00e9ster, 44% Papel<\/li>\n<li>Empacar con cuidado<\/li>\n<li>No lavar, usar lej\u00eda, planchar ni limpiar en seco. Evite las condiciones h\u00famedas. Secar al aire libre si est\u00e1 mojado.<\/li>\n<\/ul>\n","protected":false},"featured_media":16512,"template":"","meta":[],"product_cat":[94,117,114],"product_tag":[],"class_list":{"0":"post-12805","1":"product","2":"type-product","3":"status-publish","4":"has-post-thumbnail","6":"product_brand-sunday-afternoons","7":"product_cat-productos","8":"product_cat-sombreros","9":"product_cat-sombreros-y-gorras","11":"first","12":"instock","13":"shipping-taxable","14":"purchasable","15":"product-type-simple"},"_links":{"self":[{"href":"https:\/\/theoutdoorshubgt.com\/shop\/index.php\/wp-json\/wp\/v2\/product\/12805","targetHints":{"allow":["GET"]}}],"collection":[{"href":"https:\/\/theoutdoorshubgt.com\/shop\/index.php\/wp-json\/wp\/v2\/product"}],"about":[{"href":"https:\/\/theoutdoorshubgt.com\/shop\/index.php\/wp-json\/wp\/v2\/types\/product"}],"wp:featuredmedia":[{"embeddable":true,"href":"https:\/\/theoutdoorshubgt.com\/shop\/index.php\/wp-json\/wp\/v2\/media\/16512"}],"wp:attachment":[{"href":"https:\/\/theoutdoorshubgt.com\/shop\/index.php\/wp-json\/wp\/v2\/media?parent=12805"}],"wp:term":[{"taxonomy":"product_cat","embeddable":true,"href":"https:\/\/theoutdoorshubgt.com\/shop\/index.php\/wp-json\/wp\/v2\/product_cat?post=12805"},{"taxonomy":"product_tag","embeddable":true,"href":"https:\/\/theoutdoorshubgt.com\/shop\/index.php\/wp-json\/wp\/v2\/product_tag?post=12805"}],"curies":[{"name":"wp","href":"https:\/\/api.w.org\/{rel}","templated":true}]}}