{"id":12811,"date":"2024-10-14T22:26:18","date_gmt":"2024-10-15T04:26:18","guid":{"rendered":"https:\/\/theoutdoorshubgt.com\/shop\/?post_type=product&#038;p=12811"},"modified":"2026-03-04T18:47:50","modified_gmt":"2026-03-05T00:47:50","slug":"sa-sport-hat-cream-sand-l-xl","status":"publish","type":"product","link":"https:\/\/theoutdoorshubgt.com\/shop\/index.php\/product\/sa-sport-hat-cream-sand-l-xl\/","title":{"rendered":"SUNDAY AFTERNOONS SPORT HAT"},"content":{"rendered":"<p>\u00a1Un ala completa y una vista completa! La protecci\u00f3n solar es excelente, pero a veces puede bloquear la visi\u00f3n perif\u00e9rica. Hemos dise\u00f1ado el Sport Hat para mantener su perspectiva abierta de tres maneras: 1. El dise\u00f1o aerodin\u00e1mico del sombrero mantiene la visi\u00f3n clara. 2. La ventilaci\u00f3n y la banda absorbente te mantienen fresco y con los ojos puestos en el premio. 3. El ala inferior oscura reduce el deslumbramiento. \u00bfPista de tenis? \u00bfJard\u00edn? \u00bfViaje en canoa? \u00a1S\u00ed!<\/p>\n","protected":false},"excerpt":{"rendered":"<ul>\n<li>Ala creciente de 4&#8243; y capa de cuello de 5&#8243;<\/li>\n<li>Clasificaci\u00f3n solar certificada UPF 50+ (ventilaciones de malla no clasificadas)<\/li>\n<li>Ventilaci\u00f3n estrat\u00e9gica de la corona<\/li>\n<li>El ala inferior oscura reduce el deslumbramiento<\/li>\n<li>Flota en el agua<\/li>\n<li>Apto para cola de caballo<\/li>\n<li>Banda para el sudor absorbente<\/li>\n<li>Acabado repelente al agua duradero sin PFAS<\/li>\n<li>Tama\u00f1o ajustable<\/li>\n<li>Tela del cuerpo principal bluesign\u00ae (solo colores s\u00f3lidos), malla y banda para el sudor<\/li>\n<li>Dise\u00f1ado en EE.UU.\/Importado<\/li>\n<li>Peso: 2,2 onzas\/62,4 gramos<\/li>\n<li>Tejido principal: 100% nailon. Malla de corona: 100% poli\u00e9ster.<\/li>\n<li>Se empaqueta de forma plana, no doble ni arrugue el borde.<\/li>\n<li>Lavar a mano con agua fr\u00eda, secar al aire. No usar lej\u00eda, planchar ni limpiar en seco.<\/li>\n<\/ul>\n","protected":false},"featured_media":16543,"template":"","meta":[],"product_cat":[94,117,114],"product_tag":[],"class_list":{"0":"post-12811","1":"product","2":"type-product","3":"status-publish","4":"has-post-thumbnail","6":"product_brand-sunday-afternoons","7":"product_cat-productos","8":"product_cat-sombreros","9":"product_cat-sombreros-y-gorras","11":"first","12":"instock","13":"shipping-taxable","14":"purchasable","15":"product-type-variable","16":"has-default-attributes"},"_links":{"self":[{"href":"https:\/\/theoutdoorshubgt.com\/shop\/index.php\/wp-json\/wp\/v2\/product\/12811","targetHints":{"allow":["GET"]}}],"collection":[{"href":"https:\/\/theoutdoorshubgt.com\/shop\/index.php\/wp-json\/wp\/v2\/product"}],"about":[{"href":"https:\/\/theoutdoorshubgt.com\/shop\/index.php\/wp-json\/wp\/v2\/types\/product"}],"wp:featuredmedia":[{"embeddable":true,"href":"https:\/\/theoutdoorshubgt.com\/shop\/index.php\/wp-json\/wp\/v2\/media\/16543"}],"wp:attachment":[{"href":"https:\/\/theoutdoorshubgt.com\/shop\/index.php\/wp-json\/wp\/v2\/media?parent=12811"}],"wp:term":[{"taxonomy":"product_cat","embeddable":true,"href":"https:\/\/theoutdoorshubgt.com\/shop\/index.php\/wp-json\/wp\/v2\/product_cat?post=12811"},{"taxonomy":"product_tag","embeddable":true,"href":"https:\/\/theoutdoorshubgt.com\/shop\/index.php\/wp-json\/wp\/v2\/product_tag?post=12811"}],"curies":[{"name":"wp","href":"https:\/\/api.w.org\/{rel}","templated":true}]}}