{"id":12812,"date":"2024-10-14T22:26:19","date_gmt":"2024-10-15T04:26:19","guid":{"rendered":"https:\/\/theoutdoorshubgt.com\/shop\/?post_type=product&#038;p=12812"},"modified":"2026-03-04T18:46:04","modified_gmt":"2026-03-05T00:46:04","slug":"sa-sport-visor-black-black-os","status":"publish","type":"product","link":"https:\/\/theoutdoorshubgt.com\/shop\/index.php\/product\/sa-sport-visor-black-black-os\/","title":{"rendered":"SUNDAY AFTERNOONS SPORT VISOR"},"content":{"rendered":"<p>Quiz\u00e1s no necesites una cobertura total, pero aun as\u00ed te gustar\u00eda una protecci\u00f3n facial completa contra el sol. Tal vez te gusten todos los extras de rendimiento: visera oscura que absorbe el resplandor y reduce el brillo, Sunglass Lock\u2122, pero simplemente quieres menos sombrero. Usted hace un trato dif\u00edcil, pero creemos que Sport Visor superar\u00e1 todas sus expectativas. Con su ala generosa y tres opciones de colores, es la visera que estabas buscando.<\/p>\n","protected":false},"excerpt":{"rendered":"<ul>\n<li>Clasificaci\u00f3n solar UPF 50+<\/li>\n<li>Ala creciente de 4&#8243;<\/li>\n<li>Sunglass lock \u2122 mantiene las gafas en su lugar<\/li>\n<li>Flota en el agua<\/li>\n<li>El ala inferior oscura reduce el deslumbramiento<\/li>\n<li>Banda absorbente integrada<\/li>\n<li>Acabado repelente al agua duradero sin PFAS<\/li>\n<li>Resistente al agua y a las manchas<\/li>\n<li>Tama\u00f1o ajustable y c\u00f3modo el\u00e1stico.<\/li>\n<li>Tela del cuerpo principal con certificaci\u00f3n bluesign (solo colores s\u00f3lidos) y banda para el sudor<\/li>\n<li>Patente de EE. UU. 10.123.581<\/li>\n<li>Peso: 1,4 onzas\/39,7 gramos<\/li>\n<li>100% nailon<\/li>\n<li>Se empaqueta de forma plana, no doble ni arrugue el borde.<\/li>\n<li>Lavar a mano con agua fr\u00eda, secar al aire. No usar lej\u00eda, planchar ni limpiar en seco.<\/li>\n<\/ul>\n","protected":false},"featured_media":16552,"template":"","meta":[],"product_cat":[116,94,114],"product_tag":[],"class_list":{"0":"post-12812","1":"product","2":"type-product","3":"status-publish","4":"has-post-thumbnail","6":"product_brand-sunday-afternoons","7":"product_cat-gorras","8":"product_cat-productos","9":"product_cat-sombreros-y-gorras","11":"first","12":"instock","13":"shipping-taxable","14":"purchasable","15":"product-type-variable","16":"has-default-attributes"},"_links":{"self":[{"href":"https:\/\/theoutdoorshubgt.com\/shop\/index.php\/wp-json\/wp\/v2\/product\/12812","targetHints":{"allow":["GET"]}}],"collection":[{"href":"https:\/\/theoutdoorshubgt.com\/shop\/index.php\/wp-json\/wp\/v2\/product"}],"about":[{"href":"https:\/\/theoutdoorshubgt.com\/shop\/index.php\/wp-json\/wp\/v2\/types\/product"}],"wp:featuredmedia":[{"embeddable":true,"href":"https:\/\/theoutdoorshubgt.com\/shop\/index.php\/wp-json\/wp\/v2\/media\/16552"}],"wp:attachment":[{"href":"https:\/\/theoutdoorshubgt.com\/shop\/index.php\/wp-json\/wp\/v2\/media?parent=12812"}],"wp:term":[{"taxonomy":"product_cat","embeddable":true,"href":"https:\/\/theoutdoorshubgt.com\/shop\/index.php\/wp-json\/wp\/v2\/product_cat?post=12812"},{"taxonomy":"product_tag","embeddable":true,"href":"https:\/\/theoutdoorshubgt.com\/shop\/index.php\/wp-json\/wp\/v2\/product_tag?post=12812"}],"curies":[{"name":"wp","href":"https:\/\/api.w.org\/{rel}","templated":true}]}}