{"id":12813,"date":"2024-10-14T22:26:19","date_gmt":"2024-10-15T04:26:19","guid":{"rendered":"https:\/\/theoutdoorshubgt.com\/shop\/?post_type=product&#038;p=12813"},"modified":"2025-01-08T19:17:58","modified_gmt":"2025-01-09T01:17:58","slug":"sa-sun-guide-cap-l-sandstone-gray","status":"publish","type":"product","link":"https:\/\/theoutdoorshubgt.com\/shop\/index.php\/product\/sa-sun-guide-cap-l-sandstone-gray\/","title":{"rendered":"SUNDAY AFTERNOONS SUN GUIDE CAP"},"content":{"rendered":"<p>Al igual que su herramienta todo en uno favorita, Sun Guide Cap se enfrenta a condiciones dif\u00edciles con su versatilidad. La gorra cuenta con nuestro sistema Convertible Ventilation\u2122, un Clamshell Brim\u2122 plegable extra ancho y una banda absorbente para el sudor. La capa de microfibra ultraligera est\u00e1 ventilada para permitir el flujo de aire, se puede usar en m\u00faltiples configuraciones y se separa de la gorra cuando est\u00e9 listo para relajarse y reflexionar sobre otro d\u00eda bien pasado al aire libre.<\/p>\n","protected":false},"excerpt":{"rendered":"<ul>\n<li>Ala plegable extra ancha Clamshell Brim\u2122<\/li>\n<li>Ventilaci\u00f3n convertible\u2122<\/li>\n<li>Clasificaci\u00f3n solar certificada UPF 50+ (malla no clasificada)<\/li>\n<li>Tela ultraligera<\/li>\n<li>Capa de cuello ventilada extra\u00edble.<\/li>\n<li>Tejido del cuerpo principal 100% reciclado<\/li>\n<li>Apto para cola de caballo<\/li>\n<li>Acabado repelente al agua duradero sin PFAS<\/li>\n<li>Tama\u00f1o ajustable y c\u00f3modo el\u00e1stico.<\/li>\n<li>Tela del cuerpo principal, malla y banda para el sudor de Bluesign.<\/li>\n<li>Paquetes de ala plegable peque\u00f1os y planos<\/li>\n<li>Banda para el sudor absorbente<\/li>\n<li>Peso: 3,3 onzas\/93,6 gramos<\/li>\n<li>Cuerpo: 100% poli\u00e9ster<\/li>\n<li>Empacar con cuidado<\/li>\n<li>Lavar a mano con agua fr\u00eda, secar al aire. No usar lej\u00eda, planchar ni limpiar en seco.<\/li>\n<\/ul>\n","protected":false},"featured_media":16556,"template":"","meta":[],"product_cat":[116,94,114],"product_tag":[],"class_list":{"0":"post-12813","1":"product","2":"type-product","3":"status-publish","4":"has-post-thumbnail","6":"product_brand-sunday-afternoons","7":"product_cat-gorras","8":"product_cat-productos","9":"product_cat-sombreros-y-gorras","11":"first","12":"instock","13":"shipping-taxable","14":"purchasable","15":"product-type-variable","16":"has-default-attributes"},"_links":{"self":[{"href":"https:\/\/theoutdoorshubgt.com\/shop\/index.php\/wp-json\/wp\/v2\/product\/12813","targetHints":{"allow":["GET"]}}],"collection":[{"href":"https:\/\/theoutdoorshubgt.com\/shop\/index.php\/wp-json\/wp\/v2\/product"}],"about":[{"href":"https:\/\/theoutdoorshubgt.com\/shop\/index.php\/wp-json\/wp\/v2\/types\/product"}],"wp:featuredmedia":[{"embeddable":true,"href":"https:\/\/theoutdoorshubgt.com\/shop\/index.php\/wp-json\/wp\/v2\/media\/16556"}],"wp:attachment":[{"href":"https:\/\/theoutdoorshubgt.com\/shop\/index.php\/wp-json\/wp\/v2\/media?parent=12813"}],"wp:term":[{"taxonomy":"product_cat","embeddable":true,"href":"https:\/\/theoutdoorshubgt.com\/shop\/index.php\/wp-json\/wp\/v2\/product_cat?post=12813"},{"taxonomy":"product_tag","embeddable":true,"href":"https:\/\/theoutdoorshubgt.com\/shop\/index.php\/wp-json\/wp\/v2\/product_tag?post=12813"}],"curies":[{"name":"wp","href":"https:\/\/api.w.org\/{rel}","templated":true}]}}