{"id":12814,"date":"2024-10-14T22:26:19","date_gmt":"2024-10-15T04:26:19","guid":{"rendered":"https:\/\/theoutdoorshubgt.com\/shop\/?post_type=product&#038;p=12814"},"modified":"2026-03-04T18:44:45","modified_gmt":"2026-03-05T00:44:45","slug":"sa-sun-tripper-cap-black-medium","status":"publish","type":"product","link":"https:\/\/theoutdoorshubgt.com\/shop\/index.php\/product\/sa-sun-tripper-cap-black-medium\/","title":{"rendered":"SUNDAY AFTERNOONS SUN TRIPPER CAP M"},"content":{"rendered":"<p>A la Sun Tripper Cap le encantan los senderos serpenteantes del campo tanto como le encanta la hora feliz despu\u00e9s del trabajo con amigos. El innovador Clamshell Brim\u2122 se pliega hasta quedar pr\u00e1cticamente en nada para que tengas protecci\u00f3n solar confiable sin importar a d\u00f3nde te lleve el d\u00eda. Los tejidos de alto rendimiento y un dise\u00f1o ventilado garantizan un ajuste c\u00f3modo y puntos importantes de estilo. \u00bfInteligente y guapo? \u00a1Este es un sombrero que puedes llevarte a casa para conocer a mam\u00e1!<\/p>\n","protected":false},"excerpt":{"rendered":"<ul>\n<li>Clasificaci\u00f3n solar certificada UPF 50+ (ventilaciones de malla no clasificadas)<\/li>\n<li>2\u00a0\u00bc&#8221; plegable Clamshell Brim\u2122<\/li>\n<li>Ventilaci\u00f3n de corona oculta<\/li>\n<li>Sunglass lock\u2122 mantiene las gafas en su lugar<\/li>\n<li>Bolsillo interno en la corona<\/li>\n<li>Acabado repelente al agua duradero sin PFAS<\/li>\n<li>Tama\u00f1o ajustable<\/li>\n<li>Tela del cuerpo principal bluesign (solo colores s\u00f3lidos), malla y banda para el sudor<\/li>\n<li>Patentes estadounidenses D616,633 y 10,123,581<\/li>\n<li>Peso: 2,6 onzas\/73,7 gramos<\/li>\n<li>Tejido principal: 100% nailon; Forro: 100% poli\u00e9ster<\/li>\n<li>Lavar a mano con agua fr\u00eda, secar al aire. No usar lej\u00eda, planchar ni limpiar en seco.<\/li>\n<\/ul>\n","protected":false},"featured_media":16583,"template":"","meta":[],"product_cat":[116,94,114],"product_tag":[],"class_list":{"0":"post-12814","1":"product","2":"type-product","3":"status-publish","4":"has-post-thumbnail","6":"product_brand-sunday-afternoons","7":"product_cat-gorras","8":"product_cat-productos","9":"product_cat-sombreros-y-gorras","11":"first","12":"instock","13":"shipping-taxable","14":"purchasable","15":"product-type-variable"},"_links":{"self":[{"href":"https:\/\/theoutdoorshubgt.com\/shop\/index.php\/wp-json\/wp\/v2\/product\/12814","targetHints":{"allow":["GET"]}}],"collection":[{"href":"https:\/\/theoutdoorshubgt.com\/shop\/index.php\/wp-json\/wp\/v2\/product"}],"about":[{"href":"https:\/\/theoutdoorshubgt.com\/shop\/index.php\/wp-json\/wp\/v2\/types\/product"}],"wp:featuredmedia":[{"embeddable":true,"href":"https:\/\/theoutdoorshubgt.com\/shop\/index.php\/wp-json\/wp\/v2\/media\/16583"}],"wp:attachment":[{"href":"https:\/\/theoutdoorshubgt.com\/shop\/index.php\/wp-json\/wp\/v2\/media?parent=12814"}],"wp:term":[{"taxonomy":"product_cat","embeddable":true,"href":"https:\/\/theoutdoorshubgt.com\/shop\/index.php\/wp-json\/wp\/v2\/product_cat?post=12814"},{"taxonomy":"product_tag","embeddable":true,"href":"https:\/\/theoutdoorshubgt.com\/shop\/index.php\/wp-json\/wp\/v2\/product_tag?post=12814"}],"curies":[{"name":"wp","href":"https:\/\/api.w.org\/{rel}","templated":true}]}}